{"id":10669,"date":"2026-04-24T06:53:28","date_gmt":"2026-04-24T03:53:28","guid":{"rendered":"https:\/\/thecorefuel.eu\/?post_type=product&#038;p=10669"},"modified":"2026-04-24T06:53:28","modified_gmt":"2026-04-24T03:53:28","slug":"u-loader-veriapelsiini-1-kg","status":"publish","type":"product","link":"https:\/\/thecorefuel.eu\/en\/toode\/u-loader-veriapelsiini-1-kg\/","title":{"rendered":"U Loader | Blood Orange 1 kg"},"content":{"rendered":"<p>Blood Orange Mix 2 scoops (80g) in 300ml water. Drink 3 bottles a day for 2-3 days before a competition or tougher\/longer workouts to replenish your muscle glycogen<\/p>\n<p>Country of origin: Sweden<\/p>\n<p>Storage: Dry and not above normal room temperature<\/p>\n<p>Blood Orange Palatinose (Isomaltulose), Flavor<\/p>\n<p><strong>Blood Orange<\/strong><\/p>\n<table width=\"328\">\n<thead>\n<tr>\n<td><strong>Per\u00a080\u00a0g<\/strong><\/td>\n<\/tr>\n<\/thead>\n<tbody>\n<tr>\n<td>Energy\/kJ<\/td>\n<td>1273\u00a0kJ<\/td>\n<\/tr>\n<tr>\n<td>Energy\/kJ<\/td>\n<td>303\u00a0kcal<\/td>\n<\/tr>\n<tr>\n<td>Fat<\/td>\n<td>0\u00a0g<\/td>\n<\/tr>\n<tr>\n<td>Carbohydrates<\/td>\n<td>76\u00a0g<\/td>\n<\/tr>\n<tr>\n<td>&#8211; of which sugars<\/td>\n<td>76\u00a0g<\/td>\n<\/tr>\n<tr>\n<td>Protein<\/td>\n<td>0\u00a0g<\/td>\n<\/tr>\n<tr>\n<td>Salt<\/td>\n<td>0\u00a0g<\/td>\n<\/tr>\n<\/tbody>\n<\/table>\n<p>&nbsp;<\/p>\n<table width=\"328\">\n<thead>\n<tr>\n<td><strong>Per\u00a0100\u00a0g<\/strong><\/td>\n<\/tr>\n<\/thead>\n<tbody>\n<tr>\n<td>Energy\/kJ<\/td>\n<td>1592\u00a0kJ<\/td>\n<\/tr>\n<tr>\n<td>Energy\/kJ<\/td>\n<td>379\u00a0kcal<\/td>\n<\/tr>\n<tr>\n<td>Fat<\/td>\n<td>0\u00a0g<\/td>\n<\/tr>\n<tr>\n<td>Carbohydrates<\/td>\n<td>95\u00a0g<\/td>\n<\/tr>\n<tr>\n<td>&#8211; of which sugars<\/td>\n<td>95\u00a0g<\/td>\n<\/tr>\n<tr>\n<td>Protein<\/td>\n<td>0\u00a0g<\/td>\n<\/tr>\n<tr>\n<td>Salt<\/td>\n<td>0\u00a0g<\/td>\n<\/tr>\n<\/tbody>\n<\/table>\n<p>The main reason we chose Palatinose is that it is the first and so far only sugar to have the international stamp &#8220;Happy Tooth&#8221; awarded by Tooth Friendly International to products that do not negatively impact our teeth. Palatinose is not an effective quick carbohydrate source for sports drinks as it is absorbed 4-5 times more slowly than our carbohydrate sources in sports drinks and gels. Energy is thus delivered slowly to our muscles, which is not ideal during training and competition, but for carbohydrate loading that lasts 2-3 days before a competition, the speed of absorption doesn&#8217;t matter. Whether carbohydrates are stored as glycogen in the muscles in 10 minutes or 40-50 minutes doesn&#8217;t matter at all, and given that Palatinose is gentle on the teeth, we have chosen this for our U Loader.<\/p>\n<p>Pro tip: Creatine Monohydrate in conjunction with carbohydrates has been shown to lead to 82% faster glycogen storage compared to carbohydrates alone over a 24-hour period. Therefore, we recommend purchasing additional creatine if you are in a last-minute rush and need to top up reserves. During normal loading over 2-3 days, the body has time to store the carbohydrates as glycogen in the muscles, and you don\u2019t need to optimize with simultaneous creatine intake. But if you are in a last-minute rush and want to be optimal, it&#8217;s a tip.<\/p>\n<p>&nbsp;<\/p>","protected":false},"excerpt":{"rendered":"<p>Carboloader with Palatinose (Isomaltulose), which has a low GI value and is gentle on teeth. U Loader contains Palatinose as the sole carbohydrate source. Palatinose is the trademark name for the sugar Isomaltulose. It is a sugar with a low glycemic index (GI32), which isn&#8217;t ideal for a sports drink that requires quick energy, but it&#8217;s perfect for a carb loader.<\/p>\n<p>Developed by Biomedical Scientists in Sweden and manufactured in Sweden. Manufactured according to HACCP \/ GMP. All these steps are quality guarantees to ensure you, as a customer, can always be sure that what you buy is safe and of the highest quality. All ingredients are approved by EFSA (European Food Safety Authority<\/p>\n","protected":false},"featured_media":10577,"comment_status":"closed","ping_status":"closed","template":"","meta":[],"product_brand":[124],"product_cat":[128,126,70,78],"product_tag":[131],"class_list":{"0":"post-10669","1":"product","2":"type-product","3":"status-publish","4":"has-post-thumbnail","6":"product_brand-umara","7":"product_cat-enne-trenni","8":"product_cat-umara","9":"product_cat-sporditoit","10":"product_cat-spordijoogid","11":"product_tag-umara","13":"first","14":"instock","15":"taxable","16":"shipping-taxable","17":"purchasable","18":"product-type-simple"},"yoast_head":"<!-- This site is optimized with the Yoast SEO plugin v26.1.1 - https:\/\/yoast.com\/wordpress\/plugins\/seo\/ -->\n<title>U Loader | Blood Orange 1 kg - The Core Fuel<\/title>\n<meta name=\"robots\" content=\"index, follow, max-snippet:-1, max-image-preview:large, max-video-preview:-1\" \/>\n<link rel=\"canonical\" href=\"https:\/\/thecorefuel.eu\/toode\/u-loader-veriapelsiini-1-kg\/\" \/>\n<meta property=\"og:locale\" content=\"en_US\" \/>\n<meta property=\"og:type\" content=\"article\" \/>\n<meta property=\"og:title\" content=\"[:et]U Loader | Veriapelsiini 1 kg[:en]U Loader | Blood Orange 1 kg[:] - The Core Fuel\" \/>\n<meta property=\"og:description\" content=\"[:et]S\u00fcsivesikulaadija Palatinoosiga (isomaltuloos), millel on madal gl\u00fckeemiline indeks ja mis on hammastele \u00f5rn.  U Loader sisaldab ainsa s\u00fcsivesikuallikana palatinoosi. Palatinoos on suhkru isomaltuloosi kaubam\u00e4rginimi. Tegemist on madala gl\u00fckeemilise indeksiga (GI 32) suhkruga, mis ei sobi h\u00e4sti spordijoogiks, kus on vaja kiiret energiat, kuid on ideaalne s\u00fcsivesikute laadimiseks.  V\u00e4lja t\u00f6\u00f6tatud Rootsi biomeditsiiniteadlaste poolt ja toodetud Rootsis. Tootmine vastab HACCP \/ GMP standarditele. K\u00f5ik need sammud on kvaliteedigarantii, et saaksid olla kindel toote ohutuses ja k\u00f5rges kvaliteedis.  K\u00f5ik koostisosad on heaks kiidetud EFSA (Euroopa Toiduohutusamet) poolt.[:en]Carboloader with Palatinose (Isomaltulose), which has a low GI value and is gentle on teeth. U Loader contains Palatinose as the sole carbohydrate source. Palatinose is the trademark name for the sugar Isomaltulose. It is a sugar with a low glycemic index (GI32), which isn&#039;t ideal for a sports drink that requires quick energy, but it&#039;s perfect for a carb loader.  Developed by Biomedical Scientists in Sweden and manufactured in Sweden. Manufactured according to HACCP \/ GMP. All these steps are quality guarantees to ensure you, as a customer, can always be sure that what you buy is safe and of the highest quality. All ingredients are approved by EFSA (European Food Safety Authority[:]\" \/>\n<meta property=\"og:url\" content=\"https:\/\/thecorefuel.eu\/toode\/u-loader-veriapelsiini-1-kg\/\" \/>\n<meta property=\"og:site_name\" content=\"The Core Fuel\" \/>\n<meta property=\"og:image\" content=\"https:\/\/thecorefuel.eu\/wp-content\/uploads\/2026\/04\/U-Loader-BloodOrange-1kg-Bag-2025.jpg\" \/>\n\t<meta property=\"og:image:width\" content=\"1500\" \/>\n\t<meta property=\"og:image:height\" content=\"1500\" \/>\n\t<meta property=\"og:image:type\" content=\"image\/jpeg\" \/>\n<meta name=\"twitter:card\" content=\"summary_large_image\" \/>\n<meta name=\"twitter:label1\" content=\"Est. reading time\" \/>\n\t<meta name=\"twitter:data1\" content=\"2 minutes\" \/>\n<script type=\"application\/ld+json\" class=\"yoast-schema-graph\">{\"@context\":\"https:\/\/schema.org\",\"@graph\":[{\"@type\":\"WebPage\",\"@id\":\"https:\/\/thecorefuel.eu\/toode\/u-loader-veriapelsiini-1-kg\/\",\"url\":\"https:\/\/thecorefuel.eu\/toode\/u-loader-veriapelsiini-1-kg\/\",\"name\":\"[:et]U Loader | Veriapelsiini 1 kg[:en]U Loader | Blood Orange 1 kg[:] - The Core Fuel\",\"isPartOf\":{\"@id\":\"https:\/\/thecorefuel.eu\/#website\"},\"primaryImageOfPage\":{\"@id\":\"https:\/\/thecorefuel.eu\/toode\/u-loader-veriapelsiini-1-kg\/#primaryimage\"},\"image\":{\"@id\":\"https:\/\/thecorefuel.eu\/toode\/u-loader-veriapelsiini-1-kg\/#primaryimage\"},\"thumbnailUrl\":\"https:\/\/thecorefuel.eu\/wp-content\/uploads\/2026\/04\/U-Loader-BloodOrange-1kg-Bag-2025.jpg\",\"datePublished\":\"2026-04-24T03:53:28+00:00\",\"breadcrumb\":{\"@id\":\"https:\/\/thecorefuel.eu\/toode\/u-loader-veriapelsiini-1-kg\/#breadcrumb\"},\"inLanguage\":\"en-US\",\"potentialAction\":[{\"@type\":\"ReadAction\",\"target\":[\"https:\/\/thecorefuel.eu\/toode\/u-loader-veriapelsiini-1-kg\/\"]}]},{\"@type\":\"ImageObject\",\"inLanguage\":\"en-US\",\"@id\":\"https:\/\/thecorefuel.eu\/toode\/u-loader-veriapelsiini-1-kg\/#primaryimage\",\"url\":\"https:\/\/thecorefuel.eu\/wp-content\/uploads\/2026\/04\/U-Loader-BloodOrange-1kg-Bag-2025.jpg\",\"contentUrl\":\"https:\/\/thecorefuel.eu\/wp-content\/uploads\/2026\/04\/U-Loader-BloodOrange-1kg-Bag-2025.jpg\",\"width\":1500,\"height\":1500},{\"@type\":\"BreadcrumbList\",\"@id\":\"https:\/\/thecorefuel.eu\/toode\/u-loader-veriapelsiini-1-kg\/#breadcrumb\",\"itemListElement\":[{\"@type\":\"ListItem\",\"position\":1,\"name\":\"Home\",\"item\":\"https:\/\/thecorefuel.eu\/\"},{\"@type\":\"ListItem\",\"position\":2,\"name\":\"E-pood\",\"item\":\"https:\/\/thecorefuel.eu\/e-pood\/\"},{\"@type\":\"ListItem\",\"position\":3,\"name\":\"U Loader | Veriapelsiini 1 kg\"}]},{\"@type\":\"WebSite\",\"@id\":\"https:\/\/thecorefuel.eu\/#website\",\"url\":\"https:\/\/thecorefuel.eu\/\",\"name\":\"The Core Fuel\",\"description\":\"\",\"publisher\":{\"@id\":\"https:\/\/thecorefuel.eu\/#organization\"},\"potentialAction\":[{\"@type\":\"SearchAction\",\"target\":{\"@type\":\"EntryPoint\",\"urlTemplate\":\"https:\/\/thecorefuel.eu\/?s={search_term_string}\"},\"query-input\":{\"@type\":\"PropertyValueSpecification\",\"valueRequired\":true,\"valueName\":\"search_term_string\"}}],\"inLanguage\":\"en-US\"},{\"@type\":\"Organization\",\"@id\":\"https:\/\/thecorefuel.eu\/#organization\",\"name\":\"The Core Fuel\",\"url\":\"https:\/\/thecorefuel.eu\/\",\"logo\":{\"@type\":\"ImageObject\",\"inLanguage\":\"en-US\",\"@id\":\"https:\/\/thecorefuel.eu\/#\/schema\/logo\/image\/\",\"url\":\"https:\/\/thecorefuel.eu\/wp-content\/uploads\/2025\/01\/logo.png\",\"contentUrl\":\"https:\/\/thecorefuel.eu\/wp-content\/uploads\/2025\/01\/logo.png\",\"width\":475,\"height\":100,\"caption\":\"The Core Fuel\"},\"image\":{\"@id\":\"https:\/\/thecorefuel.eu\/#\/schema\/logo\/image\/\"}}]}<\/script>\n<!-- \/ Yoast SEO plugin. -->","yoast_head_json":{"title":"[:et]U Loader | Veriapelsiini 1 kg[:en]U Loader | Blood Orange 1 kg[:] - The Core Fuel","robots":{"index":"index","follow":"follow","max-snippet":"max-snippet:-1","max-image-preview":"max-image-preview:large","max-video-preview":"max-video-preview:-1"},"canonical":"https:\/\/thecorefuel.eu\/toode\/u-loader-veriapelsiini-1-kg\/","og_locale":"en_US","og_type":"article","og_title":"[:et]U Loader | Veriapelsiini 1 kg[:en]U Loader | Blood Orange 1 kg[:] - The Core Fuel","og_description":"[:et]S\u00fcsivesikulaadija Palatinoosiga (isomaltuloos), millel on madal gl\u00fckeemiline indeks ja mis on hammastele \u00f5rn.  U Loader sisaldab ainsa s\u00fcsivesikuallikana palatinoosi. Palatinoos on suhkru isomaltuloosi kaubam\u00e4rginimi. Tegemist on madala gl\u00fckeemilise indeksiga (GI 32) suhkruga, mis ei sobi h\u00e4sti spordijoogiks, kus on vaja kiiret energiat, kuid on ideaalne s\u00fcsivesikute laadimiseks.  V\u00e4lja t\u00f6\u00f6tatud Rootsi biomeditsiiniteadlaste poolt ja toodetud Rootsis. Tootmine vastab HACCP \/ GMP standarditele. K\u00f5ik need sammud on kvaliteedigarantii, et saaksid olla kindel toote ohutuses ja k\u00f5rges kvaliteedis.  K\u00f5ik koostisosad on heaks kiidetud EFSA (Euroopa Toiduohutusamet) poolt.[:en]Carboloader with Palatinose (Isomaltulose), which has a low GI value and is gentle on teeth. U Loader contains Palatinose as the sole carbohydrate source. Palatinose is the trademark name for the sugar Isomaltulose. It is a sugar with a low glycemic index (GI32), which isn't ideal for a sports drink that requires quick energy, but it's perfect for a carb loader.  Developed by Biomedical Scientists in Sweden and manufactured in Sweden. Manufactured according to HACCP \/ GMP. All these steps are quality guarantees to ensure you, as a customer, can always be sure that what you buy is safe and of the highest quality. All ingredients are approved by EFSA (European Food Safety Authority[:]","og_url":"https:\/\/thecorefuel.eu\/toode\/u-loader-veriapelsiini-1-kg\/","og_site_name":"The Core Fuel","og_image":[{"width":1500,"height":1500,"url":"https:\/\/thecorefuel.eu\/wp-content\/uploads\/2026\/04\/U-Loader-BloodOrange-1kg-Bag-2025.jpg","type":"image\/jpeg"}],"twitter_card":"summary_large_image","twitter_misc":{"Est. reading time":"2 minutes"},"schema":{"@context":"https:\/\/schema.org","@graph":[{"@type":"WebPage","@id":"https:\/\/thecorefuel.eu\/toode\/u-loader-veriapelsiini-1-kg\/","url":"https:\/\/thecorefuel.eu\/toode\/u-loader-veriapelsiini-1-kg\/","name":"[:et]U Loader | Veriapelsiini 1 kg[:en]U Loader | Blood Orange 1 kg[:] - The Core Fuel","isPartOf":{"@id":"https:\/\/thecorefuel.eu\/#website"},"primaryImageOfPage":{"@id":"https:\/\/thecorefuel.eu\/toode\/u-loader-veriapelsiini-1-kg\/#primaryimage"},"image":{"@id":"https:\/\/thecorefuel.eu\/toode\/u-loader-veriapelsiini-1-kg\/#primaryimage"},"thumbnailUrl":"https:\/\/thecorefuel.eu\/wp-content\/uploads\/2026\/04\/U-Loader-BloodOrange-1kg-Bag-2025.jpg","datePublished":"2026-04-24T03:53:28+00:00","breadcrumb":{"@id":"https:\/\/thecorefuel.eu\/toode\/u-loader-veriapelsiini-1-kg\/#breadcrumb"},"inLanguage":"en-US","potentialAction":[{"@type":"ReadAction","target":["https:\/\/thecorefuel.eu\/toode\/u-loader-veriapelsiini-1-kg\/"]}]},{"@type":"ImageObject","inLanguage":"en-US","@id":"https:\/\/thecorefuel.eu\/toode\/u-loader-veriapelsiini-1-kg\/#primaryimage","url":"https:\/\/thecorefuel.eu\/wp-content\/uploads\/2026\/04\/U-Loader-BloodOrange-1kg-Bag-2025.jpg","contentUrl":"https:\/\/thecorefuel.eu\/wp-content\/uploads\/2026\/04\/U-Loader-BloodOrange-1kg-Bag-2025.jpg","width":1500,"height":1500},{"@type":"BreadcrumbList","@id":"https:\/\/thecorefuel.eu\/toode\/u-loader-veriapelsiini-1-kg\/#breadcrumb","itemListElement":[{"@type":"ListItem","position":1,"name":"Home","item":"https:\/\/thecorefuel.eu\/"},{"@type":"ListItem","position":2,"name":"E-pood","item":"https:\/\/thecorefuel.eu\/e-pood\/"},{"@type":"ListItem","position":3,"name":"U Loader | Veriapelsiini 1 kg"}]},{"@type":"WebSite","@id":"https:\/\/thecorefuel.eu\/#website","url":"https:\/\/thecorefuel.eu\/","name":"The Core Fuel","description":"","publisher":{"@id":"https:\/\/thecorefuel.eu\/#organization"},"potentialAction":[{"@type":"SearchAction","target":{"@type":"EntryPoint","urlTemplate":"https:\/\/thecorefuel.eu\/?s={search_term_string}"},"query-input":{"@type":"PropertyValueSpecification","valueRequired":true,"valueName":"search_term_string"}}],"inLanguage":"en-US"},{"@type":"Organization","@id":"https:\/\/thecorefuel.eu\/#organization","name":"The Core Fuel","url":"https:\/\/thecorefuel.eu\/","logo":{"@type":"ImageObject","inLanguage":"en-US","@id":"https:\/\/thecorefuel.eu\/#\/schema\/logo\/image\/","url":"https:\/\/thecorefuel.eu\/wp-content\/uploads\/2025\/01\/logo.png","contentUrl":"https:\/\/thecorefuel.eu\/wp-content\/uploads\/2025\/01\/logo.png","width":475,"height":100,"caption":"The Core Fuel"},"image":{"@id":"https:\/\/thecorefuel.eu\/#\/schema\/logo\/image\/"}}]}},"_links":{"self":[{"href":"https:\/\/thecorefuel.eu\/en\/wp-json\/wp\/v2\/product\/10669","targetHints":{"allow":["GET"]}}],"collection":[{"href":"https:\/\/thecorefuel.eu\/en\/wp-json\/wp\/v2\/product"}],"about":[{"href":"https:\/\/thecorefuel.eu\/en\/wp-json\/wp\/v2\/types\/product"}],"replies":[{"embeddable":true,"href":"https:\/\/thecorefuel.eu\/en\/wp-json\/wp\/v2\/comments?post=10669"}],"wp:featuredmedia":[{"embeddable":true,"href":"https:\/\/thecorefuel.eu\/en\/wp-json\/wp\/v2\/media\/10577"}],"wp:attachment":[{"href":"https:\/\/thecorefuel.eu\/en\/wp-json\/wp\/v2\/media?parent=10669"}],"wp:term":[{"taxonomy":"product_brand","embeddable":true,"href":"https:\/\/thecorefuel.eu\/en\/wp-json\/wp\/v2\/product_brand?post=10669"},{"taxonomy":"product_cat","embeddable":true,"href":"https:\/\/thecorefuel.eu\/en\/wp-json\/wp\/v2\/product_cat?post=10669"},{"taxonomy":"product_tag","embeddable":true,"href":"https:\/\/thecorefuel.eu\/en\/wp-json\/wp\/v2\/product_tag?post=10669"}],"curies":[{"name":"wp","href":"https:\/\/api.w.org\/{rel}","templated":true}]}}