{"id":10671,"date":"2026-04-24T06:53:59","date_gmt":"2026-04-24T03:53:59","guid":{"rendered":"https:\/\/thecorefuel.eu\/?post_type=product&#038;p=10671"},"modified":"2026-04-29T11:01:35","modified_gmt":"2026-04-29T08:01:35","slug":"u-nitraat-60ml","status":"publish","type":"product","link":"https:\/\/thecorefuel.eu\/en\/toode\/u-nitraat-60ml\/","title":{"rendered":"U Nitrate | 60ml"},"content":{"rendered":"<p>Take 1-2 shots about 2.5 hours before the activity. Try not to spit between the time you take them and when the activity begins.<\/p>\n<p>Beetroot Water, Beetroot concentrate, Beetroot extract, Preservatives (Sodium benzoate, Potassium sorbate).<\/p>\n<p>Country of origin: EU<\/p>\n<p>Storage: Dry and not above normal room temperature.<\/p>\n<p><strong>Beetroot<\/strong><\/p>\n<table width=\"328\">\n<thead>\n<tr>\n<td><strong>Per\u00a060\u00a0ml<\/strong><\/td>\n<\/tr>\n<\/thead>\n<tbody>\n<tr>\n<td>Energy\/kJ<\/td>\n<td>172\u00a0kJ<\/td>\n<\/tr>\n<tr>\n<td>Energy\/kJ<\/td>\n<td>41\u00a0kcal<\/td>\n<\/tr>\n<tr>\n<td>Fat<\/td>\n<td>0\u00a0g<\/td>\n<\/tr>\n<tr>\n<td>Carbohydrates<\/td>\n<td>10\u00a0g<\/td>\n<\/tr>\n<tr>\n<td>&#8211; of which sugars<\/td>\n<td>0.9\u00a0g<\/td>\n<\/tr>\n<tr>\n<td>Protein<\/td>\n<td>0.1\u00a0g<\/td>\n<\/tr>\n<tr>\n<td>Salt<\/td>\n<td>0.01\u00a0g<\/td>\n<\/tr>\n<tr>\n<td>Nitrate<\/td>\n<td>500\u00a0mg<\/td>\n<\/tr>\n<\/tbody>\n<\/table>\n<p>&nbsp;<\/p>\n<table width=\"328\">\n<thead>\n<tr>\n<td><strong>Per\u00a0100\u00a0ml<\/strong><\/td>\n<\/tr>\n<\/thead>\n<tbody>\n<tr>\n<td>Energy\/kJ<\/td>\n<td>287\u00a0kJ<\/td>\n<\/tr>\n<tr>\n<td>Energy\/kJ<\/td>\n<td>68\u00a0kcal<\/td>\n<\/tr>\n<tr>\n<td>Fat<\/td>\n<td>0\u00a0g<\/td>\n<\/tr>\n<tr>\n<td>Carbohydrates<\/td>\n<td>17\u00a0g<\/td>\n<\/tr>\n<tr>\n<td>&#8211; of which sugars<\/td>\n<td>1.5\u00a0g<\/td>\n<\/tr>\n<tr>\n<td>Protein<\/td>\n<td>0.2\u00a0g<\/td>\n<\/tr>\n<tr>\n<td>Salt<\/td>\n<td>0.01\u00a0g<\/td>\n<\/tr>\n<tr>\n<td>Nitrate<\/td>\n<td>833\u00a0mg<\/td>\n<\/tr>\n<\/tbody>\n<\/table>\n<p><\/p>","protected":false},"excerpt":{"rendered":"<p>Nitrate Shot \/ Beet Juice containing 500mg of nitrate for enhanced blood flow.<\/p>\n<p>U Nitrate is a concentrated beetroot shot that contains 500mg of nitrate (8mmol). We&#8217;ve increased the nitrate content in U Nitrate from the 400mg found in several other products to 500mg, a 25% increase. If your VO2max is 60ml\/kg\/min or lower, 500mg (8mmol) should be sufficient. For those with an oxygen uptake higher than 60ml\/kg\/min, we recommend taking 2 shots (see usage instructions).<\/p>\n<p>Developed by biomedical scientists in Sweden, you can always be confident that what you purchase is safe and of the highest quality. All ingredients are approved by the EFSA (European Food Safety Authority) and the product is manufactured according to HACCP\/GMP standards.<\/p>\n","protected":false},"featured_media":10575,"comment_status":"closed","ping_status":"closed","template":"","meta":[],"product_brand":[124],"product_cat":[128,126,78],"product_tag":[131],"class_list":{"0":"post-10671","1":"product","2":"type-product","3":"status-publish","4":"has-post-thumbnail","6":"product_brand-umara","7":"product_cat-enne-trenni","8":"product_cat-umara","9":"product_cat-spordijoogid","10":"product_tag-umara","12":"first","13":"instock","14":"taxable","15":"shipping-taxable","16":"purchasable","17":"product-type-simple"},"yoast_head":"<!-- This site is optimized with the Yoast SEO plugin v26.1.1 - https:\/\/yoast.com\/wordpress\/plugins\/seo\/ -->\n<title>U Nitrate | 60ml - The Core Fuel<\/title>\n<meta name=\"robots\" content=\"index, follow, max-snippet:-1, max-image-preview:large, max-video-preview:-1\" \/>\n<link rel=\"canonical\" href=\"https:\/\/thecorefuel.eu\/toode\/u-nitraat-60ml\/\" \/>\n<meta property=\"og:locale\" content=\"en_US\" \/>\n<meta property=\"og:type\" content=\"article\" \/>\n<meta property=\"og:title\" content=\"[:et]U Nitraat | 60ml[:en]U Nitrate | 60ml[:] - The Core Fuel\" \/>\n<meta property=\"og:description\" content=\"[:et]Nitraadishot \/ peedimahl, mis sisaldab 500 mg nitraati parema verevoolu toetamiseks.  U Nitrate on kontsentreeritud peedishot, mis sisaldab 500 mg nitraati (8 mmol). Oleme suurendanud U Nitrate\u2019i nitraadisisaldust v\u00f5rreldes paljude teiste toodete 400 mg-ga kuni 500 mg-ni, mis on 25% rohkem. Kui sinu VO\u2082max on 60 ml\/kg\/min v\u00f5i madalam, peaks 500 mg (8 mmol) olema piisav. Kui sinu hapnikutarbimine on \u00fcle 60 ml\/kg\/min, soovitame v\u00f5tta 2 shoti (vt kasutusjuhendit).  Toode on v\u00e4lja t\u00f6\u00f6tatud Rootsi biomeditsiiniteadlaste poolt, mist\u00f5ttu v\u00f5id alati olla kindel selle ohutuses ja k\u00f5rges kvaliteedis.  K\u00f5ik koostisosad on heaks kiidetud EFSA (Euroopa Toiduohutusamet) poolt ning toode on valmistatud vastavalt HACCP\/GMP standarditele.[:en]Nitrate Shot \/ Beet Juice containing 500mg of nitrate for enhanced blood flow.  U Nitrate is a concentrated beetroot shot that contains 500mg of nitrate (8mmol). We&#039;ve increased the nitrate content in U Nitrate from the 400mg found in several other products to 500mg, a 25% increase. If your VO2max is 60ml\/kg\/min or lower, 500mg (8mmol) should be sufficient. For those with an oxygen uptake higher than 60ml\/kg\/min, we recommend taking 2 shots (see usage instructions).  Developed by biomedical scientists in Sweden, you can always be confident that what you purchase is safe and of the highest quality. All ingredients are approved by the EFSA (European Food Safety Authority) and the product is manufactured according to HACCP\/GMP standards.[:]\" \/>\n<meta property=\"og:url\" content=\"https:\/\/thecorefuel.eu\/toode\/u-nitraat-60ml\/\" \/>\n<meta property=\"og:site_name\" content=\"The Core Fuel\" \/>\n<meta property=\"article:modified_time\" content=\"2026-04-29T08:01:35+00:00\" \/>\n<meta property=\"og:image\" content=\"https:\/\/thecorefuel.eu\/wp-content\/uploads\/2026\/04\/U-Nitrate-Shot_1.jpg\" \/>\n\t<meta property=\"og:image:width\" content=\"1500\" \/>\n\t<meta property=\"og:image:height\" content=\"1500\" \/>\n\t<meta property=\"og:image:type\" content=\"image\/jpeg\" \/>\n<meta name=\"twitter:card\" content=\"summary_large_image\" \/>\n<meta name=\"twitter:label1\" content=\"Est. reading time\" \/>\n\t<meta name=\"twitter:data1\" content=\"1 minute\" \/>\n<script type=\"application\/ld+json\" class=\"yoast-schema-graph\">{\"@context\":\"https:\/\/schema.org\",\"@graph\":[{\"@type\":\"WebPage\",\"@id\":\"https:\/\/thecorefuel.eu\/toode\/u-nitraat-60ml\/\",\"url\":\"https:\/\/thecorefuel.eu\/toode\/u-nitraat-60ml\/\",\"name\":\"[:et]U Nitraat | 60ml[:en]U Nitrate | 60ml[:] - The Core Fuel\",\"isPartOf\":{\"@id\":\"https:\/\/thecorefuel.eu\/#website\"},\"primaryImageOfPage\":{\"@id\":\"https:\/\/thecorefuel.eu\/toode\/u-nitraat-60ml\/#primaryimage\"},\"image\":{\"@id\":\"https:\/\/thecorefuel.eu\/toode\/u-nitraat-60ml\/#primaryimage\"},\"thumbnailUrl\":\"https:\/\/thecorefuel.eu\/wp-content\/uploads\/2026\/04\/U-Nitrate-Shot_1.jpg\",\"datePublished\":\"2026-04-24T03:53:59+00:00\",\"dateModified\":\"2026-04-29T08:01:35+00:00\",\"breadcrumb\":{\"@id\":\"https:\/\/thecorefuel.eu\/toode\/u-nitraat-60ml\/#breadcrumb\"},\"inLanguage\":\"en-US\",\"potentialAction\":[{\"@type\":\"ReadAction\",\"target\":[\"https:\/\/thecorefuel.eu\/toode\/u-nitraat-60ml\/\"]}]},{\"@type\":\"ImageObject\",\"inLanguage\":\"en-US\",\"@id\":\"https:\/\/thecorefuel.eu\/toode\/u-nitraat-60ml\/#primaryimage\",\"url\":\"https:\/\/thecorefuel.eu\/wp-content\/uploads\/2026\/04\/U-Nitrate-Shot_1.jpg\",\"contentUrl\":\"https:\/\/thecorefuel.eu\/wp-content\/uploads\/2026\/04\/U-Nitrate-Shot_1.jpg\",\"width\":1500,\"height\":1500},{\"@type\":\"BreadcrumbList\",\"@id\":\"https:\/\/thecorefuel.eu\/toode\/u-nitraat-60ml\/#breadcrumb\",\"itemListElement\":[{\"@type\":\"ListItem\",\"position\":1,\"name\":\"Home\",\"item\":\"https:\/\/thecorefuel.eu\/\"},{\"@type\":\"ListItem\",\"position\":2,\"name\":\"E-pood\",\"item\":\"https:\/\/thecorefuel.eu\/e-pood\/\"},{\"@type\":\"ListItem\",\"position\":3,\"name\":\"U Nitraat | 60ml\"}]},{\"@type\":\"WebSite\",\"@id\":\"https:\/\/thecorefuel.eu\/#website\",\"url\":\"https:\/\/thecorefuel.eu\/\",\"name\":\"The Core Fuel\",\"description\":\"\",\"publisher\":{\"@id\":\"https:\/\/thecorefuel.eu\/#organization\"},\"potentialAction\":[{\"@type\":\"SearchAction\",\"target\":{\"@type\":\"EntryPoint\",\"urlTemplate\":\"https:\/\/thecorefuel.eu\/?s={search_term_string}\"},\"query-input\":{\"@type\":\"PropertyValueSpecification\",\"valueRequired\":true,\"valueName\":\"search_term_string\"}}],\"inLanguage\":\"en-US\"},{\"@type\":\"Organization\",\"@id\":\"https:\/\/thecorefuel.eu\/#organization\",\"name\":\"The Core Fuel\",\"url\":\"https:\/\/thecorefuel.eu\/\",\"logo\":{\"@type\":\"ImageObject\",\"inLanguage\":\"en-US\",\"@id\":\"https:\/\/thecorefuel.eu\/#\/schema\/logo\/image\/\",\"url\":\"https:\/\/thecorefuel.eu\/wp-content\/uploads\/2025\/01\/logo.png\",\"contentUrl\":\"https:\/\/thecorefuel.eu\/wp-content\/uploads\/2025\/01\/logo.png\",\"width\":475,\"height\":100,\"caption\":\"The Core Fuel\"},\"image\":{\"@id\":\"https:\/\/thecorefuel.eu\/#\/schema\/logo\/image\/\"}}]}<\/script>\n<!-- \/ Yoast SEO plugin. -->","yoast_head_json":{"title":"[:et]U Nitraat | 60ml[:en]U Nitrate | 60ml[:] - The Core Fuel","robots":{"index":"index","follow":"follow","max-snippet":"max-snippet:-1","max-image-preview":"max-image-preview:large","max-video-preview":"max-video-preview:-1"},"canonical":"https:\/\/thecorefuel.eu\/toode\/u-nitraat-60ml\/","og_locale":"en_US","og_type":"article","og_title":"[:et]U Nitraat | 60ml[:en]U Nitrate | 60ml[:] - The Core Fuel","og_description":"[:et]Nitraadishot \/ peedimahl, mis sisaldab 500 mg nitraati parema verevoolu toetamiseks.  U Nitrate on kontsentreeritud peedishot, mis sisaldab 500 mg nitraati (8 mmol). Oleme suurendanud U Nitrate\u2019i nitraadisisaldust v\u00f5rreldes paljude teiste toodete 400 mg-ga kuni 500 mg-ni, mis on 25% rohkem. Kui sinu VO\u2082max on 60 ml\/kg\/min v\u00f5i madalam, peaks 500 mg (8 mmol) olema piisav. Kui sinu hapnikutarbimine on \u00fcle 60 ml\/kg\/min, soovitame v\u00f5tta 2 shoti (vt kasutusjuhendit).  Toode on v\u00e4lja t\u00f6\u00f6tatud Rootsi biomeditsiiniteadlaste poolt, mist\u00f5ttu v\u00f5id alati olla kindel selle ohutuses ja k\u00f5rges kvaliteedis.  K\u00f5ik koostisosad on heaks kiidetud EFSA (Euroopa Toiduohutusamet) poolt ning toode on valmistatud vastavalt HACCP\/GMP standarditele.[:en]Nitrate Shot \/ Beet Juice containing 500mg of nitrate for enhanced blood flow.  U Nitrate is a concentrated beetroot shot that contains 500mg of nitrate (8mmol). We've increased the nitrate content in U Nitrate from the 400mg found in several other products to 500mg, a 25% increase. If your VO2max is 60ml\/kg\/min or lower, 500mg (8mmol) should be sufficient. For those with an oxygen uptake higher than 60ml\/kg\/min, we recommend taking 2 shots (see usage instructions).  Developed by biomedical scientists in Sweden, you can always be confident that what you purchase is safe and of the highest quality. All ingredients are approved by the EFSA (European Food Safety Authority) and the product is manufactured according to HACCP\/GMP standards.[:]","og_url":"https:\/\/thecorefuel.eu\/toode\/u-nitraat-60ml\/","og_site_name":"The Core Fuel","article_modified_time":"2026-04-29T08:01:35+00:00","og_image":[{"width":1500,"height":1500,"url":"https:\/\/thecorefuel.eu\/wp-content\/uploads\/2026\/04\/U-Nitrate-Shot_1.jpg","type":"image\/jpeg"}],"twitter_card":"summary_large_image","twitter_misc":{"Est. reading time":"1 minute"},"schema":{"@context":"https:\/\/schema.org","@graph":[{"@type":"WebPage","@id":"https:\/\/thecorefuel.eu\/toode\/u-nitraat-60ml\/","url":"https:\/\/thecorefuel.eu\/toode\/u-nitraat-60ml\/","name":"[:et]U Nitraat | 60ml[:en]U Nitrate | 60ml[:] - The Core Fuel","isPartOf":{"@id":"https:\/\/thecorefuel.eu\/#website"},"primaryImageOfPage":{"@id":"https:\/\/thecorefuel.eu\/toode\/u-nitraat-60ml\/#primaryimage"},"image":{"@id":"https:\/\/thecorefuel.eu\/toode\/u-nitraat-60ml\/#primaryimage"},"thumbnailUrl":"https:\/\/thecorefuel.eu\/wp-content\/uploads\/2026\/04\/U-Nitrate-Shot_1.jpg","datePublished":"2026-04-24T03:53:59+00:00","dateModified":"2026-04-29T08:01:35+00:00","breadcrumb":{"@id":"https:\/\/thecorefuel.eu\/toode\/u-nitraat-60ml\/#breadcrumb"},"inLanguage":"en-US","potentialAction":[{"@type":"ReadAction","target":["https:\/\/thecorefuel.eu\/toode\/u-nitraat-60ml\/"]}]},{"@type":"ImageObject","inLanguage":"en-US","@id":"https:\/\/thecorefuel.eu\/toode\/u-nitraat-60ml\/#primaryimage","url":"https:\/\/thecorefuel.eu\/wp-content\/uploads\/2026\/04\/U-Nitrate-Shot_1.jpg","contentUrl":"https:\/\/thecorefuel.eu\/wp-content\/uploads\/2026\/04\/U-Nitrate-Shot_1.jpg","width":1500,"height":1500},{"@type":"BreadcrumbList","@id":"https:\/\/thecorefuel.eu\/toode\/u-nitraat-60ml\/#breadcrumb","itemListElement":[{"@type":"ListItem","position":1,"name":"Home","item":"https:\/\/thecorefuel.eu\/"},{"@type":"ListItem","position":2,"name":"E-pood","item":"https:\/\/thecorefuel.eu\/e-pood\/"},{"@type":"ListItem","position":3,"name":"U Nitraat | 60ml"}]},{"@type":"WebSite","@id":"https:\/\/thecorefuel.eu\/#website","url":"https:\/\/thecorefuel.eu\/","name":"The Core Fuel","description":"","publisher":{"@id":"https:\/\/thecorefuel.eu\/#organization"},"potentialAction":[{"@type":"SearchAction","target":{"@type":"EntryPoint","urlTemplate":"https:\/\/thecorefuel.eu\/?s={search_term_string}"},"query-input":{"@type":"PropertyValueSpecification","valueRequired":true,"valueName":"search_term_string"}}],"inLanguage":"en-US"},{"@type":"Organization","@id":"https:\/\/thecorefuel.eu\/#organization","name":"The Core Fuel","url":"https:\/\/thecorefuel.eu\/","logo":{"@type":"ImageObject","inLanguage":"en-US","@id":"https:\/\/thecorefuel.eu\/#\/schema\/logo\/image\/","url":"https:\/\/thecorefuel.eu\/wp-content\/uploads\/2025\/01\/logo.png","contentUrl":"https:\/\/thecorefuel.eu\/wp-content\/uploads\/2025\/01\/logo.png","width":475,"height":100,"caption":"The Core Fuel"},"image":{"@id":"https:\/\/thecorefuel.eu\/#\/schema\/logo\/image\/"}}]}},"_links":{"self":[{"href":"https:\/\/thecorefuel.eu\/en\/wp-json\/wp\/v2\/product\/10671","targetHints":{"allow":["GET"]}}],"collection":[{"href":"https:\/\/thecorefuel.eu\/en\/wp-json\/wp\/v2\/product"}],"about":[{"href":"https:\/\/thecorefuel.eu\/en\/wp-json\/wp\/v2\/types\/product"}],"replies":[{"embeddable":true,"href":"https:\/\/thecorefuel.eu\/en\/wp-json\/wp\/v2\/comments?post=10671"}],"wp:featuredmedia":[{"embeddable":true,"href":"https:\/\/thecorefuel.eu\/en\/wp-json\/wp\/v2\/media\/10575"}],"wp:attachment":[{"href":"https:\/\/thecorefuel.eu\/en\/wp-json\/wp\/v2\/media?parent=10671"}],"wp:term":[{"taxonomy":"product_brand","embeddable":true,"href":"https:\/\/thecorefuel.eu\/en\/wp-json\/wp\/v2\/product_brand?post=10671"},{"taxonomy":"product_cat","embeddable":true,"href":"https:\/\/thecorefuel.eu\/en\/wp-json\/wp\/v2\/product_cat?post=10671"},{"taxonomy":"product_tag","embeddable":true,"href":"https:\/\/thecorefuel.eu\/en\/wp-json\/wp\/v2\/product_tag?post=10671"}],"curies":[{"name":"wp","href":"https:\/\/api.w.org\/{rel}","templated":true}]}}