{"id":10672,"date":"2026-04-24T06:54:32","date_gmt":"2026-04-24T03:54:32","guid":{"rendered":"https:\/\/thecorefuel.eu\/?post_type=product&#038;p=10672"},"modified":"2026-04-24T06:54:32","modified_gmt":"2026-04-24T03:54:32","slug":"u-proteiin-kolmekordne-sokolaad-750g","status":"publish","type":"product","link":"https:\/\/thecorefuel.eu\/en\/toode\/u-proteiin-kolmekordne-sokolaad-750g\/","title":{"rendered":"U Protein | Triple Chocolate 750g"},"content":{"rendered":"<p>Triple Chocolate Soy Protein Isolate, Pea Protein Isolate, Reduced Fat Cocoa Powder, Flavor, Salt, Stabilizers (Cellulose Gum, Tricalcium Phosphate), Sweeteners (Aspartame, Acesulfame-K).<\/p>\n<p>Triple Chocolate (Protein powder) Allergy information: Soy Country of origin: Sweden Storage: Keep dry in original packaging, do not store above normal room temperature. Contains a source of phenylalanine<\/p>\n<p>Mix 1 scoop (30g) in 3-4 dl of water. Drink immediately after activity to speed up recovery, or any time during the day to increase your daily protein intake. A scoop (70 ml) is included in the bag.<\/p>\n<p><strong>Triple Chocolate<\/strong><\/p>\n<table width=\"328\">\n<thead>\n<tr>\n<td><strong>Per\u00a030\u00a0g<\/strong><\/td>\n<\/tr>\n<\/thead>\n<tbody>\n<tr>\n<td>Energy\/kJ<\/td>\n<td>449\u00a0kJ<\/td>\n<\/tr>\n<tr>\n<td>Energy\/kJ<\/td>\n<td>107\u00a0kcal<\/td>\n<\/tr>\n<tr>\n<td>Fat<\/td>\n<td>1.2\u00a0g<\/td>\n<\/tr>\n<tr>\n<td>&#8211; of which saturated fat<\/td>\n<td>0.5\u00a0g<\/td>\n<\/tr>\n<tr>\n<td>Carbohydrates<\/td>\n<td>1.4\u00a0g<\/td>\n<\/tr>\n<tr>\n<td>&#8211; of which sugars<\/td>\n<td>0.2\u00a0g<\/td>\n<\/tr>\n<tr>\n<td>Protein<\/td>\n<td>22\u00a0g<\/td>\n<\/tr>\n<tr>\n<td>Salt<\/td>\n<td>0.79\u00a0g<\/td>\n<\/tr>\n<\/tbody>\n<\/table>\n<p>&nbsp;<\/p>\n<table width=\"328\">\n<thead>\n<tr>\n<td><strong>Per\u00a0100\u00a0g<\/strong><\/td>\n<\/tr>\n<\/thead>\n<tbody>\n<tr>\n<td>Energy\/kJ<\/td>\n<td>1504\u00a0kJ<\/td>\n<\/tr>\n<tr>\n<td>Energy\/kJ<\/td>\n<td>358\u00a0kcal<\/td>\n<\/tr>\n<tr>\n<td>Fat<\/td>\n<td>4.1\u00a0g<\/td>\n<\/tr>\n<tr>\n<td>&#8211; of which saturated fat<\/td>\n<td>1.6\u00a0g<\/td>\n<\/tr>\n<tr>\n<td>Carbohydrates<\/td>\n<td>4.5\u00a0g<\/td>\n<\/tr>\n<tr>\n<td>&#8211; of which sugars<\/td>\n<td>0.6\u00a0g<\/td>\n<\/tr>\n<tr>\n<td>Protein<\/td>\n<td>72\u00a0g<\/td>\n<\/tr>\n<tr>\n<td>Salt<\/td>\n<td>2.6\u00a0g<\/td>\n<\/tr>\n<\/tbody>\n<\/table>\n<p><\/p>","protected":false},"excerpt":{"rendered":"<p>Vegan\/plant-based complete protein powder with delicious flavors and a creamy texture.<\/p>\n<p>A vegan blend protein of the highest quality. We&#8217;ve combined soy and pea here to create a vegan complete amino acid profile. Each scoop provides 22-24g of complete protein. Simply put, an Awesome protein powder with minimized environmental impact and creamy, delicious flavors.<\/p>\n<p>Developed by Biomedical Scientists in Sweden and produced in Sweden. Manufactured according to HACCP\/GMP. All ingredients are approved by EFSA (European Food Safety Authority). All these steps ensure quality so that you, as a customer, can always be sure that what you are buying is safe and of the highest quality.<\/p>\n","protected":false},"featured_media":10573,"comment_status":"closed","ping_status":"closed","template":"","meta":[],"product_brand":[124],"product_cat":[130,126,77],"product_tag":[131],"class_list":{"0":"post-10672","1":"product","2":"type-product","3":"status-publish","4":"has-post-thumbnail","6":"product_brand-umara","7":"product_cat-peale-trenni","8":"product_cat-umara","9":"product_cat-taastumine","10":"product_tag-umara","12":"first","13":"instock","14":"taxable","15":"shipping-taxable","16":"purchasable","17":"product-type-simple"},"yoast_head":"<!-- This site is optimized with the Yoast SEO plugin v26.1.1 - https:\/\/yoast.com\/wordpress\/plugins\/seo\/ -->\n<title>U Protein | Triple Chocolate 750g - The Core Fuel<\/title>\n<meta name=\"robots\" content=\"index, follow, max-snippet:-1, max-image-preview:large, max-video-preview:-1\" \/>\n<link rel=\"canonical\" href=\"https:\/\/thecorefuel.eu\/toode\/u-proteiin-kolmekordne-sokolaad-750g\/\" \/>\n<meta property=\"og:locale\" content=\"en_US\" \/>\n<meta property=\"og:type\" content=\"article\" \/>\n<meta property=\"og:title\" content=\"[:et]U Proteiin | Kolmekordne \u0161okolaad 750g[:en]U Protein | Triple Chocolate 750g[:] - The Core Fuel\" \/>\n<meta property=\"og:description\" content=\"[:et]Taimne\/vegan t\u00e4ielik valgupulber maitsvate maitsete ja kreemja tekstuuriga.  Tegemist on k\u00f5rgeima kvaliteediga veganvalguseguga. Oleme siin kombineerinud soja ja herne, et luua t\u00e4ielik vegan aminohapete profiil. Iga m\u00f5\u00f5tlusikas sisaldab 22\u201324 g t\u00e4ielikku valku. Lihtsustatult \u00f6eldes on see suurep\u00e4rane valgupulber, mille keskkonnam\u00f5ju on v\u00e4hendatud ning millel on kreemjas ja maitsev maitse.  Toode on v\u00e4lja t\u00f6\u00f6tatud Rootsi biomeditsiiniteadlaste poolt ja toodetud Rootsis. Valmistatud vastavalt HACCP\/GMP standarditele. K\u00f5ik koostisosad on heaks kiidetud EFSA (Euroopa Toiduohutusamet) poolt. K\u00f5ik need sammud tagavad kvaliteedi, et saaksid alati olla kindel, et ostetu on ohutu ja k\u00f5rgeima kvaliteediga.[:en]Vegan\/plant-based complete protein powder with delicious flavors and a creamy texture.  A vegan blend protein of the highest quality. We&#039;ve combined soy and pea here to create a vegan complete amino acid profile. Each scoop provides 22-24g of complete protein. Simply put, an Awesome protein powder with minimized environmental impact and creamy, delicious flavors.  Developed by Biomedical Scientists in Sweden and produced in Sweden. Manufactured according to HACCP\/GMP. All ingredients are approved by EFSA (European Food Safety Authority). All these steps ensure quality so that you, as a customer, can always be sure that what you are buying is safe and of the highest quality.[:]\" \/>\n<meta property=\"og:url\" content=\"https:\/\/thecorefuel.eu\/toode\/u-proteiin-kolmekordne-sokolaad-750g\/\" \/>\n<meta property=\"og:site_name\" content=\"The Core Fuel\" \/>\n<meta property=\"og:image\" content=\"https:\/\/thecorefuel.eu\/wp-content\/uploads\/2026\/04\/U-Protein-Triple-Chocolate-750g-Bag-2025_1.jpg\" \/>\n\t<meta property=\"og:image:width\" content=\"1500\" \/>\n\t<meta property=\"og:image:height\" content=\"1500\" \/>\n\t<meta property=\"og:image:type\" content=\"image\/jpeg\" \/>\n<meta name=\"twitter:card\" content=\"summary_large_image\" \/>\n<meta name=\"twitter:label1\" content=\"Est. reading time\" \/>\n\t<meta name=\"twitter:data1\" content=\"1 minute\" \/>\n<script type=\"application\/ld+json\" class=\"yoast-schema-graph\">{\"@context\":\"https:\/\/schema.org\",\"@graph\":[{\"@type\":\"WebPage\",\"@id\":\"https:\/\/thecorefuel.eu\/toode\/u-proteiin-kolmekordne-sokolaad-750g\/\",\"url\":\"https:\/\/thecorefuel.eu\/toode\/u-proteiin-kolmekordne-sokolaad-750g\/\",\"name\":\"[:et]U Proteiin | Kolmekordne \u0161okolaad 750g[:en]U Protein | Triple Chocolate 750g[:] - The Core Fuel\",\"isPartOf\":{\"@id\":\"https:\/\/thecorefuel.eu\/#website\"},\"primaryImageOfPage\":{\"@id\":\"https:\/\/thecorefuel.eu\/toode\/u-proteiin-kolmekordne-sokolaad-750g\/#primaryimage\"},\"image\":{\"@id\":\"https:\/\/thecorefuel.eu\/toode\/u-proteiin-kolmekordne-sokolaad-750g\/#primaryimage\"},\"thumbnailUrl\":\"https:\/\/thecorefuel.eu\/wp-content\/uploads\/2026\/04\/U-Protein-Triple-Chocolate-750g-Bag-2025_1.jpg\",\"datePublished\":\"2026-04-24T03:54:32+00:00\",\"breadcrumb\":{\"@id\":\"https:\/\/thecorefuel.eu\/toode\/u-proteiin-kolmekordne-sokolaad-750g\/#breadcrumb\"},\"inLanguage\":\"en-US\",\"potentialAction\":[{\"@type\":\"ReadAction\",\"target\":[\"https:\/\/thecorefuel.eu\/toode\/u-proteiin-kolmekordne-sokolaad-750g\/\"]}]},{\"@type\":\"ImageObject\",\"inLanguage\":\"en-US\",\"@id\":\"https:\/\/thecorefuel.eu\/toode\/u-proteiin-kolmekordne-sokolaad-750g\/#primaryimage\",\"url\":\"https:\/\/thecorefuel.eu\/wp-content\/uploads\/2026\/04\/U-Protein-Triple-Chocolate-750g-Bag-2025_1.jpg\",\"contentUrl\":\"https:\/\/thecorefuel.eu\/wp-content\/uploads\/2026\/04\/U-Protein-Triple-Chocolate-750g-Bag-2025_1.jpg\",\"width\":1500,\"height\":1500},{\"@type\":\"BreadcrumbList\",\"@id\":\"https:\/\/thecorefuel.eu\/toode\/u-proteiin-kolmekordne-sokolaad-750g\/#breadcrumb\",\"itemListElement\":[{\"@type\":\"ListItem\",\"position\":1,\"name\":\"Home\",\"item\":\"https:\/\/thecorefuel.eu\/\"},{\"@type\":\"ListItem\",\"position\":2,\"name\":\"E-pood\",\"item\":\"https:\/\/thecorefuel.eu\/e-pood\/\"},{\"@type\":\"ListItem\",\"position\":3,\"name\":\"U Proteiin | Kolmekordne \u0161okolaad 750g\"}]},{\"@type\":\"WebSite\",\"@id\":\"https:\/\/thecorefuel.eu\/#website\",\"url\":\"https:\/\/thecorefuel.eu\/\",\"name\":\"The Core Fuel\",\"description\":\"\",\"publisher\":{\"@id\":\"https:\/\/thecorefuel.eu\/#organization\"},\"potentialAction\":[{\"@type\":\"SearchAction\",\"target\":{\"@type\":\"EntryPoint\",\"urlTemplate\":\"https:\/\/thecorefuel.eu\/?s={search_term_string}\"},\"query-input\":{\"@type\":\"PropertyValueSpecification\",\"valueRequired\":true,\"valueName\":\"search_term_string\"}}],\"inLanguage\":\"en-US\"},{\"@type\":\"Organization\",\"@id\":\"https:\/\/thecorefuel.eu\/#organization\",\"name\":\"The Core Fuel\",\"url\":\"https:\/\/thecorefuel.eu\/\",\"logo\":{\"@type\":\"ImageObject\",\"inLanguage\":\"en-US\",\"@id\":\"https:\/\/thecorefuel.eu\/#\/schema\/logo\/image\/\",\"url\":\"https:\/\/thecorefuel.eu\/wp-content\/uploads\/2025\/01\/logo.png\",\"contentUrl\":\"https:\/\/thecorefuel.eu\/wp-content\/uploads\/2025\/01\/logo.png\",\"width\":475,\"height\":100,\"caption\":\"The Core Fuel\"},\"image\":{\"@id\":\"https:\/\/thecorefuel.eu\/#\/schema\/logo\/image\/\"}}]}<\/script>\n<!-- \/ Yoast SEO plugin. -->","yoast_head_json":{"title":"[:et]U Proteiin | Kolmekordne \u0161okolaad 750g[:en]U Protein | Triple Chocolate 750g[:] - The Core Fuel","robots":{"index":"index","follow":"follow","max-snippet":"max-snippet:-1","max-image-preview":"max-image-preview:large","max-video-preview":"max-video-preview:-1"},"canonical":"https:\/\/thecorefuel.eu\/toode\/u-proteiin-kolmekordne-sokolaad-750g\/","og_locale":"en_US","og_type":"article","og_title":"[:et]U Proteiin | Kolmekordne \u0161okolaad 750g[:en]U Protein | Triple Chocolate 750g[:] - The Core Fuel","og_description":"[:et]Taimne\/vegan t\u00e4ielik valgupulber maitsvate maitsete ja kreemja tekstuuriga.  Tegemist on k\u00f5rgeima kvaliteediga veganvalguseguga. Oleme siin kombineerinud soja ja herne, et luua t\u00e4ielik vegan aminohapete profiil. Iga m\u00f5\u00f5tlusikas sisaldab 22\u201324 g t\u00e4ielikku valku. Lihtsustatult \u00f6eldes on see suurep\u00e4rane valgupulber, mille keskkonnam\u00f5ju on v\u00e4hendatud ning millel on kreemjas ja maitsev maitse.  Toode on v\u00e4lja t\u00f6\u00f6tatud Rootsi biomeditsiiniteadlaste poolt ja toodetud Rootsis. Valmistatud vastavalt HACCP\/GMP standarditele. K\u00f5ik koostisosad on heaks kiidetud EFSA (Euroopa Toiduohutusamet) poolt. K\u00f5ik need sammud tagavad kvaliteedi, et saaksid alati olla kindel, et ostetu on ohutu ja k\u00f5rgeima kvaliteediga.[:en]Vegan\/plant-based complete protein powder with delicious flavors and a creamy texture.  A vegan blend protein of the highest quality. We've combined soy and pea here to create a vegan complete amino acid profile. Each scoop provides 22-24g of complete protein. Simply put, an Awesome protein powder with minimized environmental impact and creamy, delicious flavors.  Developed by Biomedical Scientists in Sweden and produced in Sweden. Manufactured according to HACCP\/GMP. All ingredients are approved by EFSA (European Food Safety Authority). All these steps ensure quality so that you, as a customer, can always be sure that what you are buying is safe and of the highest quality.[:]","og_url":"https:\/\/thecorefuel.eu\/toode\/u-proteiin-kolmekordne-sokolaad-750g\/","og_site_name":"The Core Fuel","og_image":[{"width":1500,"height":1500,"url":"https:\/\/thecorefuel.eu\/wp-content\/uploads\/2026\/04\/U-Protein-Triple-Chocolate-750g-Bag-2025_1.jpg","type":"image\/jpeg"}],"twitter_card":"summary_large_image","twitter_misc":{"Est. reading time":"1 minute"},"schema":{"@context":"https:\/\/schema.org","@graph":[{"@type":"WebPage","@id":"https:\/\/thecorefuel.eu\/toode\/u-proteiin-kolmekordne-sokolaad-750g\/","url":"https:\/\/thecorefuel.eu\/toode\/u-proteiin-kolmekordne-sokolaad-750g\/","name":"[:et]U Proteiin | Kolmekordne \u0161okolaad 750g[:en]U Protein | Triple Chocolate 750g[:] - The Core Fuel","isPartOf":{"@id":"https:\/\/thecorefuel.eu\/#website"},"primaryImageOfPage":{"@id":"https:\/\/thecorefuel.eu\/toode\/u-proteiin-kolmekordne-sokolaad-750g\/#primaryimage"},"image":{"@id":"https:\/\/thecorefuel.eu\/toode\/u-proteiin-kolmekordne-sokolaad-750g\/#primaryimage"},"thumbnailUrl":"https:\/\/thecorefuel.eu\/wp-content\/uploads\/2026\/04\/U-Protein-Triple-Chocolate-750g-Bag-2025_1.jpg","datePublished":"2026-04-24T03:54:32+00:00","breadcrumb":{"@id":"https:\/\/thecorefuel.eu\/toode\/u-proteiin-kolmekordne-sokolaad-750g\/#breadcrumb"},"inLanguage":"en-US","potentialAction":[{"@type":"ReadAction","target":["https:\/\/thecorefuel.eu\/toode\/u-proteiin-kolmekordne-sokolaad-750g\/"]}]},{"@type":"ImageObject","inLanguage":"en-US","@id":"https:\/\/thecorefuel.eu\/toode\/u-proteiin-kolmekordne-sokolaad-750g\/#primaryimage","url":"https:\/\/thecorefuel.eu\/wp-content\/uploads\/2026\/04\/U-Protein-Triple-Chocolate-750g-Bag-2025_1.jpg","contentUrl":"https:\/\/thecorefuel.eu\/wp-content\/uploads\/2026\/04\/U-Protein-Triple-Chocolate-750g-Bag-2025_1.jpg","width":1500,"height":1500},{"@type":"BreadcrumbList","@id":"https:\/\/thecorefuel.eu\/toode\/u-proteiin-kolmekordne-sokolaad-750g\/#breadcrumb","itemListElement":[{"@type":"ListItem","position":1,"name":"Home","item":"https:\/\/thecorefuel.eu\/"},{"@type":"ListItem","position":2,"name":"E-pood","item":"https:\/\/thecorefuel.eu\/e-pood\/"},{"@type":"ListItem","position":3,"name":"U Proteiin | Kolmekordne \u0161okolaad 750g"}]},{"@type":"WebSite","@id":"https:\/\/thecorefuel.eu\/#website","url":"https:\/\/thecorefuel.eu\/","name":"The Core Fuel","description":"","publisher":{"@id":"https:\/\/thecorefuel.eu\/#organization"},"potentialAction":[{"@type":"SearchAction","target":{"@type":"EntryPoint","urlTemplate":"https:\/\/thecorefuel.eu\/?s={search_term_string}"},"query-input":{"@type":"PropertyValueSpecification","valueRequired":true,"valueName":"search_term_string"}}],"inLanguage":"en-US"},{"@type":"Organization","@id":"https:\/\/thecorefuel.eu\/#organization","name":"The Core Fuel","url":"https:\/\/thecorefuel.eu\/","logo":{"@type":"ImageObject","inLanguage":"en-US","@id":"https:\/\/thecorefuel.eu\/#\/schema\/logo\/image\/","url":"https:\/\/thecorefuel.eu\/wp-content\/uploads\/2025\/01\/logo.png","contentUrl":"https:\/\/thecorefuel.eu\/wp-content\/uploads\/2025\/01\/logo.png","width":475,"height":100,"caption":"The Core Fuel"},"image":{"@id":"https:\/\/thecorefuel.eu\/#\/schema\/logo\/image\/"}}]}},"_links":{"self":[{"href":"https:\/\/thecorefuel.eu\/en\/wp-json\/wp\/v2\/product\/10672","targetHints":{"allow":["GET"]}}],"collection":[{"href":"https:\/\/thecorefuel.eu\/en\/wp-json\/wp\/v2\/product"}],"about":[{"href":"https:\/\/thecorefuel.eu\/en\/wp-json\/wp\/v2\/types\/product"}],"replies":[{"embeddable":true,"href":"https:\/\/thecorefuel.eu\/en\/wp-json\/wp\/v2\/comments?post=10672"}],"wp:featuredmedia":[{"embeddable":true,"href":"https:\/\/thecorefuel.eu\/en\/wp-json\/wp\/v2\/media\/10573"}],"wp:attachment":[{"href":"https:\/\/thecorefuel.eu\/en\/wp-json\/wp\/v2\/media?parent=10672"}],"wp:term":[{"taxonomy":"product_brand","embeddable":true,"href":"https:\/\/thecorefuel.eu\/en\/wp-json\/wp\/v2\/product_brand?post=10672"},{"taxonomy":"product_cat","embeddable":true,"href":"https:\/\/thecorefuel.eu\/en\/wp-json\/wp\/v2\/product_cat?post=10672"},{"taxonomy":"product_tag","embeddable":true,"href":"https:\/\/thecorefuel.eu\/en\/wp-json\/wp\/v2\/product_tag?post=10672"}],"curies":[{"name":"wp","href":"https:\/\/api.w.org\/{rel}","templated":true}]}}