{"id":10675,"date":"2026-04-22T19:17:05","date_gmt":"2026-04-22T16:17:05","guid":{"rendered":"https:\/\/thecorefuel.eu\/?post_type=product&#038;p=10675"},"modified":"2026-04-24T06:58:32","modified_gmt":"2026-04-24T03:58:32","slug":"u-recover-vanilje-1kg","status":"publish","type":"product","link":"https:\/\/thecorefuel.eu\/en\/toode\/u-recover-vanilje-1kg\/","title":{"rendered":"U Recover | Vanilla 1 kg"},"content":{"rendered":"<p>U Recover is best taken within 30 minutes after your session.<\/p>\n<p>Vanilla Maltodextrin, Fructose, Pea Protein Isolate, Soy Protein Isolate, Rice Protein, Glutamine, Leucine, Emulsifier (Sunflower Lecithin), Salt (Sodium Chloride), Valine, Isoleucine, Flavoring.<\/p>\n<p>Vanilla (Recovery drink) Allergy information: Soy Country of origin: Sweden Storage: Store in a dry place at normal room temperature.<\/p>\n<p>Mix 1.5-3 scoops (50-100g) in 500ml water or milk and drink immediately after activity for accelerated recovery.<\/p>\n<p><strong>Vanill<\/strong><\/p>\n<p><strong>50 g kohta:<\/strong><br \/>\nEnergiasisaldus: 798 kJ \/ 191 kcal<br \/>\nRasv: 0,6 g<br \/>\n\u2013 millest k\u00fcllastunud rasvhapped: 0,2 g<br \/>\nS\u00fcsivesikud: 33 g<br \/>\n\u2013 millest suhkrud: 15 g<br \/>\nValk: 15 g<br \/>\nSool: 0,7 g<\/p>\n<p><strong>100 g kohta:<\/strong><br \/>\nEnergiasisaldus: 1596 kJ \/ 382 kcal<br \/>\nRasv: 1,3 g<br \/>\n\u2013 millest k\u00fcllastunud rasvhapped: 0,4 g<br \/>\nS\u00fcsivesikud: 66 g<br \/>\n\u2013 millest suhkrud: 31 g<br \/>\nValk: 30 g<br \/>\nSool: 1,4 g<\/p>","protected":false},"excerpt":{"rendered":"<p>Recovery drink for faster recovery.<\/p>\n<p>U Recover is our 100% vegan recovery drink with a smooth, soft taste of chocolate or vanilla (or vanilla\/chocolate if you&#8217;re in the mood for a 50\/50 mix).<\/p>\n<p>The protein in U Recover is based on Soy Protein Isolate + BCAA, providing the same complete amino acid profile as whey protein, considered the &#8220;golden standard&#8221; for optimal protein. We don&#8217;t compromise on quality and perfection in product development.<\/p>\n<p>The carbohydrate source is maltodextrin, which replenishes your muscles with new muscle glycogen. Lastly, a full dose (3 scoops) of U Recover also contains salt equivalent to what you lose in 500ml of sweat. In summary, just U Recover is enough before you aim for a proper meal.<\/p>\n<p>Try to ensure you eat a balanced meal as soon as possible after finishing your session. U Recover is best taken within 30 minutes after your session.<\/p>\n<p>Developed by Biomedical Scientists in Sweden and manufactured in Sweden. Made according to HACCP \/ GMP. All ingredients are approved by the EFSA (European Food Safety Authority).<\/p>\n<p>All these steps are quality guarantees to ensure that you as a customer can always be sure that what you purchase is safe and of the highest quality.<\/p>\n","protected":false},"featured_media":10570,"comment_status":"closed","ping_status":"closed","template":"","meta":[],"product_brand":[124],"product_cat":[130,126,77],"product_tag":[131],"class_list":{"0":"post-10675","1":"product","2":"type-product","3":"status-publish","4":"has-post-thumbnail","6":"product_brand-umara","7":"product_cat-peale-trenni","8":"product_cat-umara","9":"product_cat-taastumine","10":"product_tag-umara","12":"first","13":"instock","14":"taxable","15":"shipping-taxable","16":"purchasable","17":"product-type-simple"},"yoast_head":"<!-- This site is optimized with the Yoast SEO plugin v26.1.1 - https:\/\/yoast.com\/wordpress\/plugins\/seo\/ -->\n<title>U Recover | Vanilla 1 kg - The Core Fuel<\/title>\n<meta name=\"robots\" content=\"index, follow, max-snippet:-1, max-image-preview:large, max-video-preview:-1\" \/>\n<link rel=\"canonical\" href=\"https:\/\/thecorefuel.eu\/toode\/u-recover-vanilje-1kg\/\" \/>\n<meta property=\"og:locale\" content=\"en_US\" \/>\n<meta property=\"og:type\" content=\"article\" \/>\n<meta property=\"og:title\" content=\"[:et]U Recover | Vanilje 1kg[:en]U Recover | Vanilla 1 kg[:] - The Core Fuel\" \/>\n<meta property=\"og:description\" content=\"[:et]Taastumisjook kiiremaks taastumiseks.  U Recover on meie 100% vegan taastumisjook, millel on pehme ja mahe \u0161okolaadi- v\u00f5i vanillimaitse (v\u00f5i soovi korral 50\/50 vanilli ja \u0161okolaadi segu).  U Recoveris kasutatav valk p\u00f5hineb sojavalgu isolaadil + BCAA-del, pakkudes sama t\u00e4ielikku aminohappeprofiili nagu vadakuvalk, mida peetakse optimaalse valgu \u201ekuldstandardiks\u201c. Toote arenduses ei tehta j\u00e4releandmisi kvaliteedis ega efektiivsuses.  S\u00fcsivesikute allikaks on maltodekstriin, mis aitab taastada lihaste gl\u00fckogeenivarusid. Lisaks sisaldab t\u00e4isannus (3 m\u00f5\u00f5tlusikat) soola koguses, mis vastab umbes 500 ml higiga kaotatule.  Kokkuv\u00f5ttes piisab ainult U Recoverist enne, kui j\u00f5uad korraliku toidukorrani. Soovitame siiski s\u00fc\u00fca tasakaalustatud eine niipea kui v\u00f5imalik p\u00e4rast treeningut.  U Recoverit on parim tarbida 30 minuti jooksul p\u00e4rast treeningut.  Toode on v\u00e4lja t\u00f6\u00f6tatud Rootsi biomeditsiiniteadlaste poolt ja toodetud Rootsis. Valmistatud vastavalt HACCP\/GMP standarditele. K\u00f5ik koostisosad on heaks kiidetud EFSA (Euroopa Toiduohutusamet) poolt. K\u00f5ik need sammud tagavad kvaliteedi ja ohutuse.[:en]Recovery drink for faster recovery.  U Recover is our 100% vegan recovery drink with a smooth, soft taste of chocolate or vanilla (or vanilla\/chocolate if you&#039;re in the mood for a 50\/50 mix).  The protein in U Recover is based on Soy Protein Isolate + BCAA, providing the same complete amino acid profile as whey protein, considered the &quot;golden standard&quot; for optimal protein. We don&#039;t compromise on quality and perfection in product development.  The carbohydrate source is maltodextrin, which replenishes your muscles with new muscle glycogen. Lastly, a full dose (3 scoops) of U Recover also contains salt equivalent to what you lose in 500ml of sweat. In summary, just U Recover is enough before you aim for a proper meal.  Try to ensure you eat a balanced meal as soon as possible after finishing your session. U Recover is best taken within 30 minutes after your session.  Developed by Biomedical Scientists in Sweden and manufactured in Sweden. Made according to HACCP \/ GMP. All ingredients are approved by the EFSA (European Food Safety Authority).  All these steps are quality guarantees to ensure that you as a customer can always be sure that what you purchase is safe and of the highest quality.[:]\" \/>\n<meta property=\"og:url\" content=\"https:\/\/thecorefuel.eu\/toode\/u-recover-vanilje-1kg\/\" \/>\n<meta property=\"og:site_name\" content=\"The Core Fuel\" \/>\n<meta property=\"article:modified_time\" content=\"2026-04-24T03:58:32+00:00\" \/>\n<meta property=\"og:image\" content=\"https:\/\/thecorefuel.eu\/wp-content\/uploads\/2026\/04\/U-Recover-Vanilla-1kg-Bag-2025.jpg\" \/>\n\t<meta property=\"og:image:width\" content=\"1500\" \/>\n\t<meta property=\"og:image:height\" content=\"1500\" \/>\n\t<meta property=\"og:image:type\" content=\"image\/jpeg\" \/>\n<meta name=\"twitter:card\" content=\"summary_large_image\" \/>\n<meta name=\"twitter:label1\" content=\"Est. reading time\" \/>\n\t<meta name=\"twitter:data1\" content=\"1 minute\" \/>\n<script type=\"application\/ld+json\" class=\"yoast-schema-graph\">{\"@context\":\"https:\/\/schema.org\",\"@graph\":[{\"@type\":\"WebPage\",\"@id\":\"https:\/\/thecorefuel.eu\/toode\/u-recover-vanilje-1kg\/\",\"url\":\"https:\/\/thecorefuel.eu\/toode\/u-recover-vanilje-1kg\/\",\"name\":\"[:et]U Recover | Vanilje 1kg[:en]U Recover | Vanilla 1 kg[:] - The Core Fuel\",\"isPartOf\":{\"@id\":\"https:\/\/thecorefuel.eu\/#website\"},\"primaryImageOfPage\":{\"@id\":\"https:\/\/thecorefuel.eu\/toode\/u-recover-vanilje-1kg\/#primaryimage\"},\"image\":{\"@id\":\"https:\/\/thecorefuel.eu\/toode\/u-recover-vanilje-1kg\/#primaryimage\"},\"thumbnailUrl\":\"https:\/\/thecorefuel.eu\/wp-content\/uploads\/2026\/04\/U-Recover-Vanilla-1kg-Bag-2025.jpg\",\"datePublished\":\"2026-04-22T16:17:05+00:00\",\"dateModified\":\"2026-04-24T03:58:32+00:00\",\"breadcrumb\":{\"@id\":\"https:\/\/thecorefuel.eu\/toode\/u-recover-vanilje-1kg\/#breadcrumb\"},\"inLanguage\":\"en-US\",\"potentialAction\":[{\"@type\":\"ReadAction\",\"target\":[\"https:\/\/thecorefuel.eu\/toode\/u-recover-vanilje-1kg\/\"]}]},{\"@type\":\"ImageObject\",\"inLanguage\":\"en-US\",\"@id\":\"https:\/\/thecorefuel.eu\/toode\/u-recover-vanilje-1kg\/#primaryimage\",\"url\":\"https:\/\/thecorefuel.eu\/wp-content\/uploads\/2026\/04\/U-Recover-Vanilla-1kg-Bag-2025.jpg\",\"contentUrl\":\"https:\/\/thecorefuel.eu\/wp-content\/uploads\/2026\/04\/U-Recover-Vanilla-1kg-Bag-2025.jpg\",\"width\":1500,\"height\":1500},{\"@type\":\"BreadcrumbList\",\"@id\":\"https:\/\/thecorefuel.eu\/toode\/u-recover-vanilje-1kg\/#breadcrumb\",\"itemListElement\":[{\"@type\":\"ListItem\",\"position\":1,\"name\":\"Home\",\"item\":\"https:\/\/thecorefuel.eu\/\"},{\"@type\":\"ListItem\",\"position\":2,\"name\":\"E-pood\",\"item\":\"https:\/\/thecorefuel.eu\/e-pood\/\"},{\"@type\":\"ListItem\",\"position\":3,\"name\":\"U Recover | Vanilje 1kg\"}]},{\"@type\":\"WebSite\",\"@id\":\"https:\/\/thecorefuel.eu\/#website\",\"url\":\"https:\/\/thecorefuel.eu\/\",\"name\":\"The Core Fuel\",\"description\":\"\",\"publisher\":{\"@id\":\"https:\/\/thecorefuel.eu\/#organization\"},\"potentialAction\":[{\"@type\":\"SearchAction\",\"target\":{\"@type\":\"EntryPoint\",\"urlTemplate\":\"https:\/\/thecorefuel.eu\/?s={search_term_string}\"},\"query-input\":{\"@type\":\"PropertyValueSpecification\",\"valueRequired\":true,\"valueName\":\"search_term_string\"}}],\"inLanguage\":\"en-US\"},{\"@type\":\"Organization\",\"@id\":\"https:\/\/thecorefuel.eu\/#organization\",\"name\":\"The Core Fuel\",\"url\":\"https:\/\/thecorefuel.eu\/\",\"logo\":{\"@type\":\"ImageObject\",\"inLanguage\":\"en-US\",\"@id\":\"https:\/\/thecorefuel.eu\/#\/schema\/logo\/image\/\",\"url\":\"https:\/\/thecorefuel.eu\/wp-content\/uploads\/2025\/01\/logo.png\",\"contentUrl\":\"https:\/\/thecorefuel.eu\/wp-content\/uploads\/2025\/01\/logo.png\",\"width\":475,\"height\":100,\"caption\":\"The Core Fuel\"},\"image\":{\"@id\":\"https:\/\/thecorefuel.eu\/#\/schema\/logo\/image\/\"}}]}<\/script>\n<!-- \/ Yoast SEO plugin. -->","yoast_head_json":{"title":"[:et]U Recover | Vanilje 1kg[:en]U Recover | Vanilla 1 kg[:] - The Core Fuel","robots":{"index":"index","follow":"follow","max-snippet":"max-snippet:-1","max-image-preview":"max-image-preview:large","max-video-preview":"max-video-preview:-1"},"canonical":"https:\/\/thecorefuel.eu\/toode\/u-recover-vanilje-1kg\/","og_locale":"en_US","og_type":"article","og_title":"[:et]U Recover | Vanilje 1kg[:en]U Recover | Vanilla 1 kg[:] - The Core Fuel","og_description":"[:et]Taastumisjook kiiremaks taastumiseks.  U Recover on meie 100% vegan taastumisjook, millel on pehme ja mahe \u0161okolaadi- v\u00f5i vanillimaitse (v\u00f5i soovi korral 50\/50 vanilli ja \u0161okolaadi segu).  U Recoveris kasutatav valk p\u00f5hineb sojavalgu isolaadil + BCAA-del, pakkudes sama t\u00e4ielikku aminohappeprofiili nagu vadakuvalk, mida peetakse optimaalse valgu \u201ekuldstandardiks\u201c. Toote arenduses ei tehta j\u00e4releandmisi kvaliteedis ega efektiivsuses.  S\u00fcsivesikute allikaks on maltodekstriin, mis aitab taastada lihaste gl\u00fckogeenivarusid. Lisaks sisaldab t\u00e4isannus (3 m\u00f5\u00f5tlusikat) soola koguses, mis vastab umbes 500 ml higiga kaotatule.  Kokkuv\u00f5ttes piisab ainult U Recoverist enne, kui j\u00f5uad korraliku toidukorrani. Soovitame siiski s\u00fc\u00fca tasakaalustatud eine niipea kui v\u00f5imalik p\u00e4rast treeningut.  U Recoverit on parim tarbida 30 minuti jooksul p\u00e4rast treeningut.  Toode on v\u00e4lja t\u00f6\u00f6tatud Rootsi biomeditsiiniteadlaste poolt ja toodetud Rootsis. Valmistatud vastavalt HACCP\/GMP standarditele. K\u00f5ik koostisosad on heaks kiidetud EFSA (Euroopa Toiduohutusamet) poolt. K\u00f5ik need sammud tagavad kvaliteedi ja ohutuse.[:en]Recovery drink for faster recovery.  U Recover is our 100% vegan recovery drink with a smooth, soft taste of chocolate or vanilla (or vanilla\/chocolate if you're in the mood for a 50\/50 mix).  The protein in U Recover is based on Soy Protein Isolate + BCAA, providing the same complete amino acid profile as whey protein, considered the \"golden standard\" for optimal protein. We don't compromise on quality and perfection in product development.  The carbohydrate source is maltodextrin, which replenishes your muscles with new muscle glycogen. Lastly, a full dose (3 scoops) of U Recover also contains salt equivalent to what you lose in 500ml of sweat. In summary, just U Recover is enough before you aim for a proper meal.  Try to ensure you eat a balanced meal as soon as possible after finishing your session. U Recover is best taken within 30 minutes after your session.  Developed by Biomedical Scientists in Sweden and manufactured in Sweden. Made according to HACCP \/ GMP. All ingredients are approved by the EFSA (European Food Safety Authority).  All these steps are quality guarantees to ensure that you as a customer can always be sure that what you purchase is safe and of the highest quality.[:]","og_url":"https:\/\/thecorefuel.eu\/toode\/u-recover-vanilje-1kg\/","og_site_name":"The Core Fuel","article_modified_time":"2026-04-24T03:58:32+00:00","og_image":[{"width":1500,"height":1500,"url":"https:\/\/thecorefuel.eu\/wp-content\/uploads\/2026\/04\/U-Recover-Vanilla-1kg-Bag-2025.jpg","type":"image\/jpeg"}],"twitter_card":"summary_large_image","twitter_misc":{"Est. reading time":"1 minute"},"schema":{"@context":"https:\/\/schema.org","@graph":[{"@type":"WebPage","@id":"https:\/\/thecorefuel.eu\/toode\/u-recover-vanilje-1kg\/","url":"https:\/\/thecorefuel.eu\/toode\/u-recover-vanilje-1kg\/","name":"[:et]U Recover | Vanilje 1kg[:en]U Recover | Vanilla 1 kg[:] - The Core Fuel","isPartOf":{"@id":"https:\/\/thecorefuel.eu\/#website"},"primaryImageOfPage":{"@id":"https:\/\/thecorefuel.eu\/toode\/u-recover-vanilje-1kg\/#primaryimage"},"image":{"@id":"https:\/\/thecorefuel.eu\/toode\/u-recover-vanilje-1kg\/#primaryimage"},"thumbnailUrl":"https:\/\/thecorefuel.eu\/wp-content\/uploads\/2026\/04\/U-Recover-Vanilla-1kg-Bag-2025.jpg","datePublished":"2026-04-22T16:17:05+00:00","dateModified":"2026-04-24T03:58:32+00:00","breadcrumb":{"@id":"https:\/\/thecorefuel.eu\/toode\/u-recover-vanilje-1kg\/#breadcrumb"},"inLanguage":"en-US","potentialAction":[{"@type":"ReadAction","target":["https:\/\/thecorefuel.eu\/toode\/u-recover-vanilje-1kg\/"]}]},{"@type":"ImageObject","inLanguage":"en-US","@id":"https:\/\/thecorefuel.eu\/toode\/u-recover-vanilje-1kg\/#primaryimage","url":"https:\/\/thecorefuel.eu\/wp-content\/uploads\/2026\/04\/U-Recover-Vanilla-1kg-Bag-2025.jpg","contentUrl":"https:\/\/thecorefuel.eu\/wp-content\/uploads\/2026\/04\/U-Recover-Vanilla-1kg-Bag-2025.jpg","width":1500,"height":1500},{"@type":"BreadcrumbList","@id":"https:\/\/thecorefuel.eu\/toode\/u-recover-vanilje-1kg\/#breadcrumb","itemListElement":[{"@type":"ListItem","position":1,"name":"Home","item":"https:\/\/thecorefuel.eu\/"},{"@type":"ListItem","position":2,"name":"E-pood","item":"https:\/\/thecorefuel.eu\/e-pood\/"},{"@type":"ListItem","position":3,"name":"U Recover | Vanilje 1kg"}]},{"@type":"WebSite","@id":"https:\/\/thecorefuel.eu\/#website","url":"https:\/\/thecorefuel.eu\/","name":"The Core Fuel","description":"","publisher":{"@id":"https:\/\/thecorefuel.eu\/#organization"},"potentialAction":[{"@type":"SearchAction","target":{"@type":"EntryPoint","urlTemplate":"https:\/\/thecorefuel.eu\/?s={search_term_string}"},"query-input":{"@type":"PropertyValueSpecification","valueRequired":true,"valueName":"search_term_string"}}],"inLanguage":"en-US"},{"@type":"Organization","@id":"https:\/\/thecorefuel.eu\/#organization","name":"The Core Fuel","url":"https:\/\/thecorefuel.eu\/","logo":{"@type":"ImageObject","inLanguage":"en-US","@id":"https:\/\/thecorefuel.eu\/#\/schema\/logo\/image\/","url":"https:\/\/thecorefuel.eu\/wp-content\/uploads\/2025\/01\/logo.png","contentUrl":"https:\/\/thecorefuel.eu\/wp-content\/uploads\/2025\/01\/logo.png","width":475,"height":100,"caption":"The Core Fuel"},"image":{"@id":"https:\/\/thecorefuel.eu\/#\/schema\/logo\/image\/"}}]}},"_links":{"self":[{"href":"https:\/\/thecorefuel.eu\/en\/wp-json\/wp\/v2\/product\/10675","targetHints":{"allow":["GET"]}}],"collection":[{"href":"https:\/\/thecorefuel.eu\/en\/wp-json\/wp\/v2\/product"}],"about":[{"href":"https:\/\/thecorefuel.eu\/en\/wp-json\/wp\/v2\/types\/product"}],"replies":[{"embeddable":true,"href":"https:\/\/thecorefuel.eu\/en\/wp-json\/wp\/v2\/comments?post=10675"}],"wp:featuredmedia":[{"embeddable":true,"href":"https:\/\/thecorefuel.eu\/en\/wp-json\/wp\/v2\/media\/10570"}],"wp:attachment":[{"href":"https:\/\/thecorefuel.eu\/en\/wp-json\/wp\/v2\/media?parent=10675"}],"wp:term":[{"taxonomy":"product_brand","embeddable":true,"href":"https:\/\/thecorefuel.eu\/en\/wp-json\/wp\/v2\/product_brand?post=10675"},{"taxonomy":"product_cat","embeddable":true,"href":"https:\/\/thecorefuel.eu\/en\/wp-json\/wp\/v2\/product_cat?post=10675"},{"taxonomy":"product_tag","embeddable":true,"href":"https:\/\/thecorefuel.eu\/en\/wp-json\/wp\/v2\/product_tag?post=10675"}],"curies":[{"name":"wp","href":"https:\/\/api.w.org\/{rel}","templated":true}]}}