{"id":10685,"date":"2026-04-22T19:48:39","date_gmt":"2026-04-22T16:48:39","guid":{"rendered":"https:\/\/thecorefuel.eu\/?post_type=product&#038;p=10685"},"modified":"2026-04-24T06:51:06","modified_gmt":"2026-04-24T03:51:06","slug":"u-sport-sidruni-100g","status":"publish","type":"product","link":"https:\/\/thecorefuel.eu\/en\/toode\/u-sport-sidruni-100g\/","title":{"rendered":"U Sport | Lemon 100g"},"content":{"rendered":"<p>Available in various sizes and flavors, U Sport easily dissolves and has a very light flavor profile.<\/p>\n<p>Start drinking this sports drink from the beginning of your workout to continuously supply energy and electrolytes, enhancing performance and fluid absorption during longer sessions. While it&#8217;s also suitable for shorter training or competition, it&#8217;s at higher dosages where you truly feel the difference. During longer sessions, ranging from 4 to 6 hours when glycogen stores are depleted, consuming this sports drink aids recovery.<\/p>\n<p><em>&#8211; 1 serving is almost a full scoop (included). A leveled scoop provides 40g of powder with 36g of carbohydrates, so aim for a scoop that&#8217;s nearly full (85%) to achieve a serving of exactly 30g of carbohydrates. If you want precision, use a kitchen scale, but usually, it\u2019s enough to leave a little space in the scoop for it to be ideal.<\/em><\/p>\n<p><strong>Lemon<\/strong><\/p>\n<p>Maltodextrin, Fructose, BCAA (2:1:1, Leucine, Valine, Isoleucine). Electrolytes (Tri-sodium citrate, Tri-potassium citrate, Calcium citrate, Magnesium citrate), Acidity regulator (Malic acid), Aroma, Anti-caking agent (Silicon dioxide)..<\/p>\n<p><strong>Country of origin:\u00a0<\/strong>Sweden<\/p>\n<p><strong>Storage:\u00a0<\/strong>Dry and not above normal room temperature.<\/p>\n<p>&nbsp;<\/p>\n<p>&nbsp;<\/p>\n<p>&nbsp;<\/p>\n<p><strong>Lemon<\/strong><\/p>\n<table width=\"328\">\n<thead>\n<tr>\n<td><strong>Per\u00a0100\u00a0g<\/strong><\/td>\n<\/tr>\n<\/thead>\n<tbody>\n<tr>\n<td>Energy\/kJ<\/td>\n<td>1540\u00a0kJ<\/td>\n<\/tr>\n<tr>\n<td>Energy\/kJ<\/td>\n<td>360\u00a0kcal<\/td>\n<\/tr>\n<tr>\n<td>Fat<\/td>\n<td>0\u00a0g<\/td>\n<\/tr>\n<tr>\n<td>&#8211; of which saturated fat<\/td>\n<td>0\u00a0g<\/td>\n<\/tr>\n<tr>\n<td>Carbohydrates<\/td>\n<td>90\u00a0g<\/td>\n<\/tr>\n<tr>\n<td>&#8211; of which sugars<\/td>\n<td>45\u00a0g<\/td>\n<\/tr>\n<tr>\n<td>Protein<\/td>\n<td>2.5\u00a0g<\/td>\n<\/tr>\n<tr>\n<td>&#8211; of which BCAA<\/td>\n<td>2.5\u00a0g<\/td>\n<\/tr>\n<tr>\n<td>Salt<\/td>\n<td>1.9\u00a0g<\/td>\n<\/tr>\n<tr>\n<td>&#8211; of which sodium<\/td>\n<td>750\u00a0mg<\/td>\n<\/tr>\n<tr>\n<td>Calcium<\/td>\n<td>54\u00a0mg<\/td>\n<\/tr>\n<tr>\n<td>Potassium<\/td>\n<td>120\u00a0mg<\/td>\n<\/tr>\n<tr>\n<td>Magnesium<\/td>\n<td>15\u00a0mg<\/td>\n<\/tr>\n<\/tbody>\n<\/table>\n<p><\/p>","protected":false},"excerpt":{"rendered":"<p>Sports drink with an optimal 1:0.8 carbohydrate blend, plus electrolytes and BCAA<\/p>\n<p>U Sport offers a carbohydrate blend with a 1:0.8 ratio of Maltodextrin to Fructose. It&#8217;s an awesome mix of both fast and slow-releasing carbohydrates. Choose your favorite flavor or create your own by mixing different flavors. U Sport can be mixed very hard (2 scoops per dl of water is manageable) but the flavor might be i little bit to intense then. To offset this, we provide a neutral, flavorless option that&#8217;s perfect for mixing with a flavored version when you want a concentrated, energy-rich sports drink without intense flavor.<\/p>\n<p>U Sport includes all major electrolytes with high bioavailability, Sodium, Potassium, Calcium, and Magnesium that you lose through sweat. Calcium and Magnesium help maintain normal muscle function during exercise. U Sport also contains branched-chain amino acids (BCAA).<\/p>\n<p>Developed by Biomedical Scientists in Sweden and made in Sweden, all ingredients are approved by the EFSA (European Food Safety Authority).<\/p>\n<p>Produced following HACCP\/GMP standards, these quality guarantees ensure that you can always be confident that your purchase is safe and of the highest quality.<\/p>\n","protected":false},"featured_media":10563,"comment_status":"closed","ping_status":"closed","template":"","meta":[],"product_brand":[124],"product_cat":[129,126,70,78],"product_tag":[131],"class_list":{"0":"post-10685","1":"product","2":"type-product","3":"status-publish","4":"has-post-thumbnail","6":"product_brand-umara","7":"product_cat-trenni-ajal","8":"product_cat-umara","9":"product_cat-sporditoit","10":"product_cat-spordijoogid","11":"product_tag-umara","13":"first","14":"instock","15":"taxable","16":"shipping-taxable","17":"purchasable","18":"product-type-simple"},"yoast_head":"<!-- This site is optimized with the Yoast SEO plugin v26.1.1 - https:\/\/yoast.com\/wordpress\/plugins\/seo\/ -->\n<title>U Sport | Lemon 100g - The Core Fuel<\/title>\n<meta name=\"robots\" content=\"index, follow, max-snippet:-1, max-image-preview:large, max-video-preview:-1\" \/>\n<link rel=\"canonical\" href=\"https:\/\/thecorefuel.eu\/toode\/u-sport-sidruni-100g\/\" \/>\n<meta property=\"og:locale\" content=\"en_US\" \/>\n<meta property=\"og:type\" content=\"article\" \/>\n<meta property=\"og:title\" content=\"[:et]U Sport | Sidruni 100g[:en]U Sport | Lemon 100g[:] - The Core Fuel\" \/>\n<meta property=\"og:description\" content=\"[:et]Spordijook optimaalse 1:0,8 s\u00fcsivesikute seguga ning elektrol\u00fc\u00fctide ja BCAA-dega.  U Sport sisaldab s\u00fcsivesikute segu vahekorras 1:0,8 (maltodekstriin ja fruktoos). See on suurep\u00e4rane kombinatsioon nii kiirelt kui aeglasemalt imenduvatest s\u00fcsivesikutest. Vali oma lemmikmaitse v\u00f5i loo oma segu, kombineerides erinevaid maitseid. U Sporti saab segada v\u00e4ga kontsentreeritult (kuni 2 kulbit\u00e4it 1 dl vee kohta on kasutatav), kuid sel juhul v\u00f5ib maitse olla veidi liiga intensiivne. Selle tasakaalustamiseks pakume ka neutraalset maitsestamata varianti, mis sobib ideaalselt segamiseks maitsestatud versiooniga, kui soovid kontsentreeritud ja energiarikast spordijooki ilma tugeva maitseta.  U Sport sisaldab k\u00f5iki peamisi k\u00f5rge biosaadavusega elektrol\u00fc\u00fcte: naatriumi, kaaliumi, kaltsiumi ja magneesiumi, mida kaotad higistamisega. Kaltsium ja magneesium aitavad s\u00e4ilitada normaalset lihaste talitlust treeningu ajal. Lisaks sisaldab U Sport hargnenud ahelaga aminohappeid (BCAA).  Arendatud Rootsi biomeditsiiniteadlaste poolt ning toodetud Rootsis. K\u00f5ik koostisosad on heaks kiidetud Euroopa Toiduohutusameti (EFSA) poolt.  Toodetud vastavalt HACCP\/GMP standarditele \u2013 need kvaliteedigarantii tagavad, et v\u00f5id alati olla kindel toote ohutuses ja k\u00f5rges kvaliteedis.[:en]Sports drink with an optimal 1:0.8 carbohydrate blend, plus electrolytes and BCAA  U Sport offers a carbohydrate blend with a 1:0.8 ratio of Maltodextrin to Fructose. It&#039;s an awesome mix of both fast and slow-releasing carbohydrates. Choose your favorite flavor or create your own by mixing different flavors. U Sport can be mixed very hard (2 scoops per dl of water is manageable) but the flavor might be i little bit to intense then. To offset this, we provide a neutral, flavorless option that&#039;s perfect for mixing with a flavored version when you want a concentrated, energy-rich sports drink without intense flavor.  U Sport includes all major electrolytes with high bioavailability, Sodium, Potassium, Calcium, and Magnesium that you lose through sweat. Calcium and Magnesium help maintain normal muscle function during exercise. U Sport also contains branched-chain amino acids (BCAA).  Developed by Biomedical Scientists in Sweden and made in Sweden, all ingredients are approved by the EFSA (European Food Safety Authority).  Produced following HACCP\/GMP standards, these quality guarantees ensure that you can always be confident that your purchase is safe and of the highest quality.[:]\" \/>\n<meta property=\"og:url\" content=\"https:\/\/thecorefuel.eu\/toode\/u-sport-sidruni-100g\/\" \/>\n<meta property=\"og:site_name\" content=\"The Core Fuel\" \/>\n<meta property=\"article:modified_time\" content=\"2026-04-24T03:51:06+00:00\" \/>\n<meta property=\"og:image\" content=\"https:\/\/thecorefuel.eu\/wp-content\/uploads\/2026\/04\/U-Sport-portion-Lemon_1.jpg\" \/>\n\t<meta property=\"og:image:width\" content=\"1500\" \/>\n\t<meta property=\"og:image:height\" content=\"1500\" \/>\n\t<meta property=\"og:image:type\" content=\"image\/jpeg\" \/>\n<meta name=\"twitter:card\" content=\"summary_large_image\" \/>\n<meta name=\"twitter:label1\" content=\"Est. reading time\" \/>\n\t<meta name=\"twitter:data1\" content=\"2 minutes\" \/>\n<script type=\"application\/ld+json\" class=\"yoast-schema-graph\">{\"@context\":\"https:\/\/schema.org\",\"@graph\":[{\"@type\":\"WebPage\",\"@id\":\"https:\/\/thecorefuel.eu\/toode\/u-sport-sidruni-100g\/\",\"url\":\"https:\/\/thecorefuel.eu\/toode\/u-sport-sidruni-100g\/\",\"name\":\"[:et]U Sport | Sidruni 100g[:en]U Sport | Lemon 100g[:] - The Core Fuel\",\"isPartOf\":{\"@id\":\"https:\/\/thecorefuel.eu\/#website\"},\"primaryImageOfPage\":{\"@id\":\"https:\/\/thecorefuel.eu\/toode\/u-sport-sidruni-100g\/#primaryimage\"},\"image\":{\"@id\":\"https:\/\/thecorefuel.eu\/toode\/u-sport-sidruni-100g\/#primaryimage\"},\"thumbnailUrl\":\"https:\/\/thecorefuel.eu\/wp-content\/uploads\/2026\/04\/U-Sport-portion-Lemon_1.jpg\",\"datePublished\":\"2026-04-22T16:48:39+00:00\",\"dateModified\":\"2026-04-24T03:51:06+00:00\",\"breadcrumb\":{\"@id\":\"https:\/\/thecorefuel.eu\/toode\/u-sport-sidruni-100g\/#breadcrumb\"},\"inLanguage\":\"en-US\",\"potentialAction\":[{\"@type\":\"ReadAction\",\"target\":[\"https:\/\/thecorefuel.eu\/toode\/u-sport-sidruni-100g\/\"]}]},{\"@type\":\"ImageObject\",\"inLanguage\":\"en-US\",\"@id\":\"https:\/\/thecorefuel.eu\/toode\/u-sport-sidruni-100g\/#primaryimage\",\"url\":\"https:\/\/thecorefuel.eu\/wp-content\/uploads\/2026\/04\/U-Sport-portion-Lemon_1.jpg\",\"contentUrl\":\"https:\/\/thecorefuel.eu\/wp-content\/uploads\/2026\/04\/U-Sport-portion-Lemon_1.jpg\",\"width\":1500,\"height\":1500},{\"@type\":\"BreadcrumbList\",\"@id\":\"https:\/\/thecorefuel.eu\/toode\/u-sport-sidruni-100g\/#breadcrumb\",\"itemListElement\":[{\"@type\":\"ListItem\",\"position\":1,\"name\":\"Home\",\"item\":\"https:\/\/thecorefuel.eu\/\"},{\"@type\":\"ListItem\",\"position\":2,\"name\":\"E-pood\",\"item\":\"https:\/\/thecorefuel.eu\/e-pood\/\"},{\"@type\":\"ListItem\",\"position\":3,\"name\":\"U Sport | Sidruni 100g\"}]},{\"@type\":\"WebSite\",\"@id\":\"https:\/\/thecorefuel.eu\/#website\",\"url\":\"https:\/\/thecorefuel.eu\/\",\"name\":\"The Core Fuel\",\"description\":\"\",\"publisher\":{\"@id\":\"https:\/\/thecorefuel.eu\/#organization\"},\"potentialAction\":[{\"@type\":\"SearchAction\",\"target\":{\"@type\":\"EntryPoint\",\"urlTemplate\":\"https:\/\/thecorefuel.eu\/?s={search_term_string}\"},\"query-input\":{\"@type\":\"PropertyValueSpecification\",\"valueRequired\":true,\"valueName\":\"search_term_string\"}}],\"inLanguage\":\"en-US\"},{\"@type\":\"Organization\",\"@id\":\"https:\/\/thecorefuel.eu\/#organization\",\"name\":\"The Core Fuel\",\"url\":\"https:\/\/thecorefuel.eu\/\",\"logo\":{\"@type\":\"ImageObject\",\"inLanguage\":\"en-US\",\"@id\":\"https:\/\/thecorefuel.eu\/#\/schema\/logo\/image\/\",\"url\":\"https:\/\/thecorefuel.eu\/wp-content\/uploads\/2025\/01\/logo.png\",\"contentUrl\":\"https:\/\/thecorefuel.eu\/wp-content\/uploads\/2025\/01\/logo.png\",\"width\":475,\"height\":100,\"caption\":\"The Core Fuel\"},\"image\":{\"@id\":\"https:\/\/thecorefuel.eu\/#\/schema\/logo\/image\/\"}}]}<\/script>\n<!-- \/ Yoast SEO plugin. -->","yoast_head_json":{"title":"[:et]U Sport | Sidruni 100g[:en]U Sport | Lemon 100g[:] - The Core Fuel","robots":{"index":"index","follow":"follow","max-snippet":"max-snippet:-1","max-image-preview":"max-image-preview:large","max-video-preview":"max-video-preview:-1"},"canonical":"https:\/\/thecorefuel.eu\/toode\/u-sport-sidruni-100g\/","og_locale":"en_US","og_type":"article","og_title":"[:et]U Sport | Sidruni 100g[:en]U Sport | Lemon 100g[:] - The Core Fuel","og_description":"[:et]Spordijook optimaalse 1:0,8 s\u00fcsivesikute seguga ning elektrol\u00fc\u00fctide ja BCAA-dega.  U Sport sisaldab s\u00fcsivesikute segu vahekorras 1:0,8 (maltodekstriin ja fruktoos). See on suurep\u00e4rane kombinatsioon nii kiirelt kui aeglasemalt imenduvatest s\u00fcsivesikutest. Vali oma lemmikmaitse v\u00f5i loo oma segu, kombineerides erinevaid maitseid. U Sporti saab segada v\u00e4ga kontsentreeritult (kuni 2 kulbit\u00e4it 1 dl vee kohta on kasutatav), kuid sel juhul v\u00f5ib maitse olla veidi liiga intensiivne. Selle tasakaalustamiseks pakume ka neutraalset maitsestamata varianti, mis sobib ideaalselt segamiseks maitsestatud versiooniga, kui soovid kontsentreeritud ja energiarikast spordijooki ilma tugeva maitseta.  U Sport sisaldab k\u00f5iki peamisi k\u00f5rge biosaadavusega elektrol\u00fc\u00fcte: naatriumi, kaaliumi, kaltsiumi ja magneesiumi, mida kaotad higistamisega. Kaltsium ja magneesium aitavad s\u00e4ilitada normaalset lihaste talitlust treeningu ajal. Lisaks sisaldab U Sport hargnenud ahelaga aminohappeid (BCAA).  Arendatud Rootsi biomeditsiiniteadlaste poolt ning toodetud Rootsis. K\u00f5ik koostisosad on heaks kiidetud Euroopa Toiduohutusameti (EFSA) poolt.  Toodetud vastavalt HACCP\/GMP standarditele \u2013 need kvaliteedigarantii tagavad, et v\u00f5id alati olla kindel toote ohutuses ja k\u00f5rges kvaliteedis.[:en]Sports drink with an optimal 1:0.8 carbohydrate blend, plus electrolytes and BCAA  U Sport offers a carbohydrate blend with a 1:0.8 ratio of Maltodextrin to Fructose. It's an awesome mix of both fast and slow-releasing carbohydrates. Choose your favorite flavor or create your own by mixing different flavors. U Sport can be mixed very hard (2 scoops per dl of water is manageable) but the flavor might be i little bit to intense then. To offset this, we provide a neutral, flavorless option that's perfect for mixing with a flavored version when you want a concentrated, energy-rich sports drink without intense flavor.  U Sport includes all major electrolytes with high bioavailability, Sodium, Potassium, Calcium, and Magnesium that you lose through sweat. Calcium and Magnesium help maintain normal muscle function during exercise. U Sport also contains branched-chain amino acids (BCAA).  Developed by Biomedical Scientists in Sweden and made in Sweden, all ingredients are approved by the EFSA (European Food Safety Authority).  Produced following HACCP\/GMP standards, these quality guarantees ensure that you can always be confident that your purchase is safe and of the highest quality.[:]","og_url":"https:\/\/thecorefuel.eu\/toode\/u-sport-sidruni-100g\/","og_site_name":"The Core Fuel","article_modified_time":"2026-04-24T03:51:06+00:00","og_image":[{"width":1500,"height":1500,"url":"https:\/\/thecorefuel.eu\/wp-content\/uploads\/2026\/04\/U-Sport-portion-Lemon_1.jpg","type":"image\/jpeg"}],"twitter_card":"summary_large_image","twitter_misc":{"Est. reading time":"2 minutes"},"schema":{"@context":"https:\/\/schema.org","@graph":[{"@type":"WebPage","@id":"https:\/\/thecorefuel.eu\/toode\/u-sport-sidruni-100g\/","url":"https:\/\/thecorefuel.eu\/toode\/u-sport-sidruni-100g\/","name":"[:et]U Sport | Sidruni 100g[:en]U Sport | Lemon 100g[:] - The Core Fuel","isPartOf":{"@id":"https:\/\/thecorefuel.eu\/#website"},"primaryImageOfPage":{"@id":"https:\/\/thecorefuel.eu\/toode\/u-sport-sidruni-100g\/#primaryimage"},"image":{"@id":"https:\/\/thecorefuel.eu\/toode\/u-sport-sidruni-100g\/#primaryimage"},"thumbnailUrl":"https:\/\/thecorefuel.eu\/wp-content\/uploads\/2026\/04\/U-Sport-portion-Lemon_1.jpg","datePublished":"2026-04-22T16:48:39+00:00","dateModified":"2026-04-24T03:51:06+00:00","breadcrumb":{"@id":"https:\/\/thecorefuel.eu\/toode\/u-sport-sidruni-100g\/#breadcrumb"},"inLanguage":"en-US","potentialAction":[{"@type":"ReadAction","target":["https:\/\/thecorefuel.eu\/toode\/u-sport-sidruni-100g\/"]}]},{"@type":"ImageObject","inLanguage":"en-US","@id":"https:\/\/thecorefuel.eu\/toode\/u-sport-sidruni-100g\/#primaryimage","url":"https:\/\/thecorefuel.eu\/wp-content\/uploads\/2026\/04\/U-Sport-portion-Lemon_1.jpg","contentUrl":"https:\/\/thecorefuel.eu\/wp-content\/uploads\/2026\/04\/U-Sport-portion-Lemon_1.jpg","width":1500,"height":1500},{"@type":"BreadcrumbList","@id":"https:\/\/thecorefuel.eu\/toode\/u-sport-sidruni-100g\/#breadcrumb","itemListElement":[{"@type":"ListItem","position":1,"name":"Home","item":"https:\/\/thecorefuel.eu\/"},{"@type":"ListItem","position":2,"name":"E-pood","item":"https:\/\/thecorefuel.eu\/e-pood\/"},{"@type":"ListItem","position":3,"name":"U Sport | Sidruni 100g"}]},{"@type":"WebSite","@id":"https:\/\/thecorefuel.eu\/#website","url":"https:\/\/thecorefuel.eu\/","name":"The Core Fuel","description":"","publisher":{"@id":"https:\/\/thecorefuel.eu\/#organization"},"potentialAction":[{"@type":"SearchAction","target":{"@type":"EntryPoint","urlTemplate":"https:\/\/thecorefuel.eu\/?s={search_term_string}"},"query-input":{"@type":"PropertyValueSpecification","valueRequired":true,"valueName":"search_term_string"}}],"inLanguage":"en-US"},{"@type":"Organization","@id":"https:\/\/thecorefuel.eu\/#organization","name":"The Core Fuel","url":"https:\/\/thecorefuel.eu\/","logo":{"@type":"ImageObject","inLanguage":"en-US","@id":"https:\/\/thecorefuel.eu\/#\/schema\/logo\/image\/","url":"https:\/\/thecorefuel.eu\/wp-content\/uploads\/2025\/01\/logo.png","contentUrl":"https:\/\/thecorefuel.eu\/wp-content\/uploads\/2025\/01\/logo.png","width":475,"height":100,"caption":"The Core Fuel"},"image":{"@id":"https:\/\/thecorefuel.eu\/#\/schema\/logo\/image\/"}}]}},"_links":{"self":[{"href":"https:\/\/thecorefuel.eu\/en\/wp-json\/wp\/v2\/product\/10685","targetHints":{"allow":["GET"]}}],"collection":[{"href":"https:\/\/thecorefuel.eu\/en\/wp-json\/wp\/v2\/product"}],"about":[{"href":"https:\/\/thecorefuel.eu\/en\/wp-json\/wp\/v2\/types\/product"}],"replies":[{"embeddable":true,"href":"https:\/\/thecorefuel.eu\/en\/wp-json\/wp\/v2\/comments?post=10685"}],"wp:featuredmedia":[{"embeddable":true,"href":"https:\/\/thecorefuel.eu\/en\/wp-json\/wp\/v2\/media\/10563"}],"wp:attachment":[{"href":"https:\/\/thecorefuel.eu\/en\/wp-json\/wp\/v2\/media?parent=10685"}],"wp:term":[{"taxonomy":"product_brand","embeddable":true,"href":"https:\/\/thecorefuel.eu\/en\/wp-json\/wp\/v2\/product_brand?post=10685"},{"taxonomy":"product_cat","embeddable":true,"href":"https:\/\/thecorefuel.eu\/en\/wp-json\/wp\/v2\/product_cat?post=10685"},{"taxonomy":"product_tag","embeddable":true,"href":"https:\/\/thecorefuel.eu\/en\/wp-json\/wp\/v2\/product_tag?post=10685"}],"curies":[{"name":"wp","href":"https:\/\/api.w.org\/{rel}","templated":true}]}}