{"id":10694,"date":"2026-04-22T21:07:28","date_gmt":"2026-04-22T18:07:28","guid":{"rendered":"https:\/\/thecorefuel.eu\/?post_type=product&#038;p=10694"},"modified":"2026-04-27T21:38:28","modified_gmt":"2026-04-27T18:38:28","slug":"u-gel-mentooli-30g-cho-12-pakk","status":"publish","type":"product","link":"https:\/\/thecorefuel.eu\/en\/toode\/u-gel-mentooli-30g-cho-12-pakk\/","title":{"rendered":"U Gel | Menthol 30g cho | 12 pack"},"content":{"rendered":"<p>Do you want extra support during hot and\/or intense workouts? Try U Gel Menthol. The perceived cooling effect of menthol has been shown to provide slight performance improvements in warm conditions. It also works very well as a &#8220;palate cleanser&#8221; if you\u2019re tired of sweet tastes and need something not so sweet in our mouth.<\/p>\n<p><strong>Menthol<\/strong><\/p>\n<p>Water, Maltodextrin, Fructose, Sodium citrate, Magnesium citrate, Acidity regulator (Citric acid), Potassium citrate, Calcium lactate, Peppermint oil, Flavor, Preservative (Potassium sorbate).<\/p>\n<p><strong>Country of origin:\u00a0<\/strong>EU<\/p>\n<p><strong>Storage:\u00a0<\/strong>Dry and not above normal room temperature.<\/p>\n<p><strong>Menthol<\/strong><\/p>\n<p><strong>Per 50 ml<\/strong><br \/>\nEnergy: 502 kJ \/ 120 kcal<br \/>\nFat: 0 g<br \/>\nCarbohydrates: 30 g<br \/>\n\u2013 of which sugars: 15.5 g<br \/>\nProtein: 0 g<br \/>\nSalt: 0.6 g<br \/>\n\u2013 of which sodium: 257 mg<br \/>\nCalcium: 14 mg<br \/>\nPotassium: 44 mg<br \/>\nMagnesium: 5.3 mg<\/p>","protected":false},"excerpt":{"rendered":"<p>Liquid gel in 50 ml with 30g of carbohydrates and essential electrolytes, available in several delicious flavors. With or without 30mg of caffeine.<\/p>\n<p>The smooth consistency makes the gel easy to consume without extra water. The carbohydrate composition with maltodextrin (glucose) and fructose in the ratio of 1:0.8 ensures quick and effective energy absorption. The gel also contains all the electrolytes you need to compensate for fluid loss through sweat &#8211; sodium, potassium, calcium, and magnesium.<\/p>\n<p>The packaging is practically designed to easily fit into cycling pockets and running tights. Thanks to the smart design, the plastic tab remains even after opening, reducing the risk of littering in nature.<\/p>\n<p>This gel can also be frozen. Freeze it overnight, pop it in your pocket, and set off on your training\/race session in the summer heat. The gel will thaw slowly but surely and eventually be perfect to consume, helping with cooling down.<\/p>\n<p>Developed by Biomedical Scientists in Sweden. Manufactured according to HACCP \/ GMPAll ingredients are approved by EFSA (European Food Safety Authority).<\/p>\n<p>Tear off the flap, let it hang on the main package, and consume 1-3 gels per hour during the activity.<\/p>\n","protected":false},"featured_media":10578,"comment_status":"closed","ping_status":"closed","template":"","meta":[],"product_brand":[124],"product_cat":[129,126,70,73],"product_tag":[131],"class_list":{"0":"post-10694","1":"product","2":"type-product","3":"status-publish","4":"has-post-thumbnail","6":"product_brand-umara","7":"product_cat-trenni-ajal","8":"product_cat-umara","9":"product_cat-sporditoit","10":"product_cat-geelid","11":"product_tag-umara","13":"first","14":"instock","15":"taxable","16":"shipping-taxable","17":"purchasable","18":"product-type-simple"},"yoast_head":"<!-- This site is optimized with the Yoast SEO plugin v26.1.1 - https:\/\/yoast.com\/wordpress\/plugins\/seo\/ -->\n<title>U Gel | Menthol 30g cho | 12 pack - The Core Fuel<\/title>\n<meta name=\"robots\" content=\"index, follow, max-snippet:-1, max-image-preview:large, max-video-preview:-1\" \/>\n<link rel=\"canonical\" href=\"https:\/\/thecorefuel.eu\/toode\/u-gel-mentooli-30g-cho-12-pakk\/\" \/>\n<meta property=\"og:locale\" content=\"en_US\" \/>\n<meta property=\"og:type\" content=\"article\" \/>\n<meta property=\"og:title\" content=\"[:et]U Gel | Mentooli 30g cho | 12 pakk[:en]U Gel | Menthol 30g cho | 12 pack[:] - The Core Fuel\" \/>\n<meta property=\"og:description\" content=\"[:et]Vedel geel 50 ml pakendis, sisaldab 30 g s\u00fcsivesikuid ja olulisi elektrol\u00fc\u00fcte. Saadaval mitmes maitsvas variandis, kas ilma kofeiinita v\u00f5i koos 30 mg kofeiiniga.  Sile konsistents muudab geeli lihtsasti tarbitavaks ka ilma lisaveeta. S\u00fcsivesikute koostis, mis p\u00f5hineb maltodekstriinil (gl\u00fckoos) ja fruktoosil vahekorras 1:0,8, tagab kiire ja t\u00f5husa energia omastamise. Geel sisaldab ka k\u00f5iki vajalikke elektrol\u00fc\u00fcte, et kompenseerida higistamisega kaotatud vedelikke \u2013 naatriumi, kaaliumi, kaltsiumi ja magneesiumi.  Geeli saab ka k\u00fclmutada. Pane see \u00f6\u00f6seks s\u00fcgavk\u00fclma, pista taskusse ja alusta oma treeningut v\u00f5i v\u00f5istlust suvises kuumuses. Geel sulab aeglaselt ning on l\u00f5puks tarbimiseks ideaalne, aidates samal ajal jahutada.  Arendatud Rootsi biomeditsiiniteadlaste poolt. Toodetud vastavalt HACCP \/ GMP standarditele.  K\u00f5ik koostisosad on heaks kiidetud Euroopa Toiduohutusameti (EFSA) poolt.  Rebi avamissakk lahti, lase sellel j\u00e4\u00e4da p\u00f5hiosa k\u00fclge rippuma ning tarbi tegevuse ajal 1\u20133 geeli tunnis.[:en]Liquid gel in 50 ml with 30g of carbohydrates and essential electrolytes, available in several delicious flavors. With or without 30mg of caffeine.  The smooth consistency makes the gel easy to consume without extra water. The carbohydrate composition with maltodextrin (glucose) and fructose in the ratio of 1:0.8 ensures quick and effective energy absorption. The gel also contains all the electrolytes you need to compensate for fluid loss through sweat - sodium, potassium, calcium, and magnesium.  The packaging is practically designed to easily fit into cycling pockets and running tights. Thanks to the smart design, the plastic tab remains even after opening, reducing the risk of littering in nature.  This gel can also be frozen. Freeze it overnight, pop it in your pocket, and set off on your training\/race session in the summer heat. The gel will thaw slowly but surely and eventually be perfect to consume, helping with cooling down.  Developed by Biomedical Scientists in Sweden. Manufactured according to HACCP \/ GMPAll ingredients are approved by EFSA (European Food Safety Authority).  Tear off the flap, let it hang on the main package, and consume 1-3 gels per hour during the activity.[:]\" \/>\n<meta property=\"og:url\" content=\"https:\/\/thecorefuel.eu\/toode\/u-gel-mentooli-30g-cho-12-pakk\/\" \/>\n<meta property=\"og:site_name\" content=\"The Core Fuel\" \/>\n<meta property=\"article:modified_time\" content=\"2026-04-27T18:38:28+00:00\" \/>\n<meta property=\"og:image\" content=\"https:\/\/thecorefuel.eu\/wp-content\/uploads\/2026\/04\/U-Gel-30G-Mentol-BOX.jpg\" \/>\n\t<meta property=\"og:image:width\" content=\"1500\" \/>\n\t<meta property=\"og:image:height\" content=\"1500\" \/>\n\t<meta property=\"og:image:type\" content=\"image\/jpeg\" \/>\n<meta name=\"twitter:card\" content=\"summary_large_image\" \/>\n<meta name=\"twitter:label1\" content=\"Est. reading time\" \/>\n\t<meta name=\"twitter:data1\" content=\"1 minute\" \/>\n<script type=\"application\/ld+json\" class=\"yoast-schema-graph\">{\"@context\":\"https:\/\/schema.org\",\"@graph\":[{\"@type\":\"WebPage\",\"@id\":\"https:\/\/thecorefuel.eu\/toode\/u-gel-mentooli-30g-cho-12-pakk\/\",\"url\":\"https:\/\/thecorefuel.eu\/toode\/u-gel-mentooli-30g-cho-12-pakk\/\",\"name\":\"[:et]U Gel | Mentooli 30g cho | 12 pakk[:en]U Gel | Menthol 30g cho | 12 pack[:] - The Core Fuel\",\"isPartOf\":{\"@id\":\"https:\/\/thecorefuel.eu\/#website\"},\"primaryImageOfPage\":{\"@id\":\"https:\/\/thecorefuel.eu\/toode\/u-gel-mentooli-30g-cho-12-pakk\/#primaryimage\"},\"image\":{\"@id\":\"https:\/\/thecorefuel.eu\/toode\/u-gel-mentooli-30g-cho-12-pakk\/#primaryimage\"},\"thumbnailUrl\":\"https:\/\/thecorefuel.eu\/wp-content\/uploads\/2026\/04\/U-Gel-30G-Mentol-BOX.jpg\",\"datePublished\":\"2026-04-22T18:07:28+00:00\",\"dateModified\":\"2026-04-27T18:38:28+00:00\",\"breadcrumb\":{\"@id\":\"https:\/\/thecorefuel.eu\/toode\/u-gel-mentooli-30g-cho-12-pakk\/#breadcrumb\"},\"inLanguage\":\"en-US\",\"potentialAction\":[{\"@type\":\"ReadAction\",\"target\":[\"https:\/\/thecorefuel.eu\/toode\/u-gel-mentooli-30g-cho-12-pakk\/\"]}]},{\"@type\":\"ImageObject\",\"inLanguage\":\"en-US\",\"@id\":\"https:\/\/thecorefuel.eu\/toode\/u-gel-mentooli-30g-cho-12-pakk\/#primaryimage\",\"url\":\"https:\/\/thecorefuel.eu\/wp-content\/uploads\/2026\/04\/U-Gel-30G-Mentol-BOX.jpg\",\"contentUrl\":\"https:\/\/thecorefuel.eu\/wp-content\/uploads\/2026\/04\/U-Gel-30G-Mentol-BOX.jpg\",\"width\":1500,\"height\":1500},{\"@type\":\"BreadcrumbList\",\"@id\":\"https:\/\/thecorefuel.eu\/toode\/u-gel-mentooli-30g-cho-12-pakk\/#breadcrumb\",\"itemListElement\":[{\"@type\":\"ListItem\",\"position\":1,\"name\":\"Home\",\"item\":\"https:\/\/thecorefuel.eu\/\"},{\"@type\":\"ListItem\",\"position\":2,\"name\":\"E-pood\",\"item\":\"https:\/\/thecorefuel.eu\/e-pood\/\"},{\"@type\":\"ListItem\",\"position\":3,\"name\":\"U Gel | Mentooli 30g cho | 12 pakk\"}]},{\"@type\":\"WebSite\",\"@id\":\"https:\/\/thecorefuel.eu\/#website\",\"url\":\"https:\/\/thecorefuel.eu\/\",\"name\":\"The Core Fuel\",\"description\":\"\",\"publisher\":{\"@id\":\"https:\/\/thecorefuel.eu\/#organization\"},\"potentialAction\":[{\"@type\":\"SearchAction\",\"target\":{\"@type\":\"EntryPoint\",\"urlTemplate\":\"https:\/\/thecorefuel.eu\/?s={search_term_string}\"},\"query-input\":{\"@type\":\"PropertyValueSpecification\",\"valueRequired\":true,\"valueName\":\"search_term_string\"}}],\"inLanguage\":\"en-US\"},{\"@type\":\"Organization\",\"@id\":\"https:\/\/thecorefuel.eu\/#organization\",\"name\":\"The Core Fuel\",\"url\":\"https:\/\/thecorefuel.eu\/\",\"logo\":{\"@type\":\"ImageObject\",\"inLanguage\":\"en-US\",\"@id\":\"https:\/\/thecorefuel.eu\/#\/schema\/logo\/image\/\",\"url\":\"https:\/\/thecorefuel.eu\/wp-content\/uploads\/2025\/01\/logo.png\",\"contentUrl\":\"https:\/\/thecorefuel.eu\/wp-content\/uploads\/2025\/01\/logo.png\",\"width\":475,\"height\":100,\"caption\":\"The Core Fuel\"},\"image\":{\"@id\":\"https:\/\/thecorefuel.eu\/#\/schema\/logo\/image\/\"}}]}<\/script>\n<!-- \/ Yoast SEO plugin. -->","yoast_head_json":{"title":"[:et]U Gel | Mentooli 30g cho | 12 pakk[:en]U Gel | Menthol 30g cho | 12 pack[:] - The Core Fuel","robots":{"index":"index","follow":"follow","max-snippet":"max-snippet:-1","max-image-preview":"max-image-preview:large","max-video-preview":"max-video-preview:-1"},"canonical":"https:\/\/thecorefuel.eu\/toode\/u-gel-mentooli-30g-cho-12-pakk\/","og_locale":"en_US","og_type":"article","og_title":"[:et]U Gel | Mentooli 30g cho | 12 pakk[:en]U Gel | Menthol 30g cho | 12 pack[:] - The Core Fuel","og_description":"[:et]Vedel geel 50 ml pakendis, sisaldab 30 g s\u00fcsivesikuid ja olulisi elektrol\u00fc\u00fcte. Saadaval mitmes maitsvas variandis, kas ilma kofeiinita v\u00f5i koos 30 mg kofeiiniga.  Sile konsistents muudab geeli lihtsasti tarbitavaks ka ilma lisaveeta. S\u00fcsivesikute koostis, mis p\u00f5hineb maltodekstriinil (gl\u00fckoos) ja fruktoosil vahekorras 1:0,8, tagab kiire ja t\u00f5husa energia omastamise. Geel sisaldab ka k\u00f5iki vajalikke elektrol\u00fc\u00fcte, et kompenseerida higistamisega kaotatud vedelikke \u2013 naatriumi, kaaliumi, kaltsiumi ja magneesiumi.  Geeli saab ka k\u00fclmutada. Pane see \u00f6\u00f6seks s\u00fcgavk\u00fclma, pista taskusse ja alusta oma treeningut v\u00f5i v\u00f5istlust suvises kuumuses. Geel sulab aeglaselt ning on l\u00f5puks tarbimiseks ideaalne, aidates samal ajal jahutada.  Arendatud Rootsi biomeditsiiniteadlaste poolt. Toodetud vastavalt HACCP \/ GMP standarditele.  K\u00f5ik koostisosad on heaks kiidetud Euroopa Toiduohutusameti (EFSA) poolt.  Rebi avamissakk lahti, lase sellel j\u00e4\u00e4da p\u00f5hiosa k\u00fclge rippuma ning tarbi tegevuse ajal 1\u20133 geeli tunnis.[:en]Liquid gel in 50 ml with 30g of carbohydrates and essential electrolytes, available in several delicious flavors. With or without 30mg of caffeine.  The smooth consistency makes the gel easy to consume without extra water. The carbohydrate composition with maltodextrin (glucose) and fructose in the ratio of 1:0.8 ensures quick and effective energy absorption. The gel also contains all the electrolytes you need to compensate for fluid loss through sweat - sodium, potassium, calcium, and magnesium.  The packaging is practically designed to easily fit into cycling pockets and running tights. Thanks to the smart design, the plastic tab remains even after opening, reducing the risk of littering in nature.  This gel can also be frozen. Freeze it overnight, pop it in your pocket, and set off on your training\/race session in the summer heat. The gel will thaw slowly but surely and eventually be perfect to consume, helping with cooling down.  Developed by Biomedical Scientists in Sweden. Manufactured according to HACCP \/ GMPAll ingredients are approved by EFSA (European Food Safety Authority).  Tear off the flap, let it hang on the main package, and consume 1-3 gels per hour during the activity.[:]","og_url":"https:\/\/thecorefuel.eu\/toode\/u-gel-mentooli-30g-cho-12-pakk\/","og_site_name":"The Core Fuel","article_modified_time":"2026-04-27T18:38:28+00:00","og_image":[{"width":1500,"height":1500,"url":"https:\/\/thecorefuel.eu\/wp-content\/uploads\/2026\/04\/U-Gel-30G-Mentol-BOX.jpg","type":"image\/jpeg"}],"twitter_card":"summary_large_image","twitter_misc":{"Est. reading time":"1 minute"},"schema":{"@context":"https:\/\/schema.org","@graph":[{"@type":"WebPage","@id":"https:\/\/thecorefuel.eu\/toode\/u-gel-mentooli-30g-cho-12-pakk\/","url":"https:\/\/thecorefuel.eu\/toode\/u-gel-mentooli-30g-cho-12-pakk\/","name":"[:et]U Gel | Mentooli 30g cho | 12 pakk[:en]U Gel | Menthol 30g cho | 12 pack[:] - The Core Fuel","isPartOf":{"@id":"https:\/\/thecorefuel.eu\/#website"},"primaryImageOfPage":{"@id":"https:\/\/thecorefuel.eu\/toode\/u-gel-mentooli-30g-cho-12-pakk\/#primaryimage"},"image":{"@id":"https:\/\/thecorefuel.eu\/toode\/u-gel-mentooli-30g-cho-12-pakk\/#primaryimage"},"thumbnailUrl":"https:\/\/thecorefuel.eu\/wp-content\/uploads\/2026\/04\/U-Gel-30G-Mentol-BOX.jpg","datePublished":"2026-04-22T18:07:28+00:00","dateModified":"2026-04-27T18:38:28+00:00","breadcrumb":{"@id":"https:\/\/thecorefuel.eu\/toode\/u-gel-mentooli-30g-cho-12-pakk\/#breadcrumb"},"inLanguage":"en-US","potentialAction":[{"@type":"ReadAction","target":["https:\/\/thecorefuel.eu\/toode\/u-gel-mentooli-30g-cho-12-pakk\/"]}]},{"@type":"ImageObject","inLanguage":"en-US","@id":"https:\/\/thecorefuel.eu\/toode\/u-gel-mentooli-30g-cho-12-pakk\/#primaryimage","url":"https:\/\/thecorefuel.eu\/wp-content\/uploads\/2026\/04\/U-Gel-30G-Mentol-BOX.jpg","contentUrl":"https:\/\/thecorefuel.eu\/wp-content\/uploads\/2026\/04\/U-Gel-30G-Mentol-BOX.jpg","width":1500,"height":1500},{"@type":"BreadcrumbList","@id":"https:\/\/thecorefuel.eu\/toode\/u-gel-mentooli-30g-cho-12-pakk\/#breadcrumb","itemListElement":[{"@type":"ListItem","position":1,"name":"Home","item":"https:\/\/thecorefuel.eu\/"},{"@type":"ListItem","position":2,"name":"E-pood","item":"https:\/\/thecorefuel.eu\/e-pood\/"},{"@type":"ListItem","position":3,"name":"U Gel | Mentooli 30g cho | 12 pakk"}]},{"@type":"WebSite","@id":"https:\/\/thecorefuel.eu\/#website","url":"https:\/\/thecorefuel.eu\/","name":"The Core Fuel","description":"","publisher":{"@id":"https:\/\/thecorefuel.eu\/#organization"},"potentialAction":[{"@type":"SearchAction","target":{"@type":"EntryPoint","urlTemplate":"https:\/\/thecorefuel.eu\/?s={search_term_string}"},"query-input":{"@type":"PropertyValueSpecification","valueRequired":true,"valueName":"search_term_string"}}],"inLanguage":"en-US"},{"@type":"Organization","@id":"https:\/\/thecorefuel.eu\/#organization","name":"The Core Fuel","url":"https:\/\/thecorefuel.eu\/","logo":{"@type":"ImageObject","inLanguage":"en-US","@id":"https:\/\/thecorefuel.eu\/#\/schema\/logo\/image\/","url":"https:\/\/thecorefuel.eu\/wp-content\/uploads\/2025\/01\/logo.png","contentUrl":"https:\/\/thecorefuel.eu\/wp-content\/uploads\/2025\/01\/logo.png","width":475,"height":100,"caption":"The Core Fuel"},"image":{"@id":"https:\/\/thecorefuel.eu\/#\/schema\/logo\/image\/"}}]}},"_links":{"self":[{"href":"https:\/\/thecorefuel.eu\/en\/wp-json\/wp\/v2\/product\/10694","targetHints":{"allow":["GET"]}}],"collection":[{"href":"https:\/\/thecorefuel.eu\/en\/wp-json\/wp\/v2\/product"}],"about":[{"href":"https:\/\/thecorefuel.eu\/en\/wp-json\/wp\/v2\/types\/product"}],"replies":[{"embeddable":true,"href":"https:\/\/thecorefuel.eu\/en\/wp-json\/wp\/v2\/comments?post=10694"}],"wp:featuredmedia":[{"embeddable":true,"href":"https:\/\/thecorefuel.eu\/en\/wp-json\/wp\/v2\/media\/10578"}],"wp:attachment":[{"href":"https:\/\/thecorefuel.eu\/en\/wp-json\/wp\/v2\/media?parent=10694"}],"wp:term":[{"taxonomy":"product_brand","embeddable":true,"href":"https:\/\/thecorefuel.eu\/en\/wp-json\/wp\/v2\/product_brand?post=10694"},{"taxonomy":"product_cat","embeddable":true,"href":"https:\/\/thecorefuel.eu\/en\/wp-json\/wp\/v2\/product_cat?post=10694"},{"taxonomy":"product_tag","embeddable":true,"href":"https:\/\/thecorefuel.eu\/en\/wp-json\/wp\/v2\/product_tag?post=10694"}],"curies":[{"name":"wp","href":"https:\/\/api.w.org\/{rel}","templated":true}]}}