{"id":10696,"date":"2026-04-24T06:40:20","date_gmt":"2026-04-24T03:40:20","guid":{"rendered":"https:\/\/thecorefuel.eu\/?post_type=product&#038;p=10696"},"modified":"2026-04-24T06:40:20","modified_gmt":"2026-04-24T03:40:20","slug":"u-gel-refill-vaarika-180g-cho","status":"publish","type":"product","link":"https:\/\/thecorefuel.eu\/en\/toode\/u-gel-refill-vaarika-180g-cho\/","title":{"rendered":"U Gel Refill | Raspberry 180g cho"},"content":{"rendered":"<p>Raspberry Water, Maltodextrin, Fructose, Acidity regulator (Citric acid), Electrolytes (Tri-Sodium citrate, Potassium gluconate, Calcium lactate, Magnesium citrate), Flavor, Preservatives (Sodium benzoate, Potassium sorbate).<\/p>\n<p>Store the product in a dry place and keep within normal room temperature. Once opened, consume the packaging within 14 days (or 30 days if refrigerated, max +8\u2103).<\/p>\n<p>During extended physical activity, make sure to drink regularly from this gel. You can also use the gel as a refill for items like soft bottles or smaller gel packages with screw caps.<\/p>\n<p><strong>Raspberry<\/strong><\/p>\n<table width=\"672\">\n<thead>\n<tr>\n<td><strong>Per\u00a050\u00a0ml<\/strong><\/td>\n<\/tr>\n<\/thead>\n<tbody>\n<tr>\n<td>Energy\/kJ<\/td>\n<td>506\u00a0kJ<\/td>\n<\/tr>\n<tr>\n<td>Energy\/kJ<\/td>\n<td>122\u00a0kcal<\/td>\n<\/tr>\n<tr>\n<td>Carbohydrates<\/td>\n<td>30\u00a0g<\/td>\n<\/tr>\n<tr>\n<td>&#8211; of which sugars<\/td>\n<td>13\u00a0g<\/td>\n<\/tr>\n<tr>\n<td>Salt<\/td>\n<td>1\u00a0g<\/td>\n<\/tr>\n<tr>\n<td>&#8211; of which sodium<\/td>\n<td>257\u00a0mg<\/td>\n<\/tr>\n<tr>\n<td>Calcium<\/td>\n<td>14\u00a0mg<\/td>\n<\/tr>\n<tr>\n<td>Potassium<\/td>\n<td>44\u00a0mg<\/td>\n<\/tr>\n<tr>\n<td>Magnesium<\/td>\n<td>5\u00a0mg<\/td>\n<\/tr>\n<\/tbody>\n<\/table>\n<p>&nbsp;<\/p>","protected":false},"excerpt":{"rendered":"<p>Liquid gel with 180g carbohydrates and all electrolytes in a screw-cap package. U Gel Refill Raspberry is 300ml. It&#8217;s a refill gel containing 6 servings (180g Carbs). Perfect for pouring into bottles\/soft bottles, or as the &#8220;One gel to rule them all&#8221; tucked into your wetsuit, one of your cycling jersey&#8217;s back pockets, or your running backpack during long sessions. Like all our other gels, it has an optimal carbohydrate composition between glucose (maltodextrin) and fructose at 1:0.8. Since the gel is liquid, you don&#8217;t need to drink water when consuming it. In addition to providing 180g of carbohydrates, the gel also delivers all 4 major electrolytes lost through sweat (Sodium, Potassium, Calcium, and Magnesium) in a well-balanced amount. Developed by Biomedical Scientists in Sweden. Manufactured according to HACCP \/ GMP. All ingredients are approved by EFSA (European Food Safety Authority).<\/p>\n","protected":false},"featured_media":10590,"comment_status":"closed","ping_status":"closed","template":"","meta":[],"product_brand":[124],"product_cat":[129,126,70,73],"product_tag":[131],"class_list":{"0":"post-10696","1":"product","2":"type-product","3":"status-publish","4":"has-post-thumbnail","6":"product_brand-umara","7":"product_cat-trenni-ajal","8":"product_cat-umara","9":"product_cat-sporditoit","10":"product_cat-geelid","11":"product_tag-umara","13":"first","14":"instock","15":"taxable","16":"shipping-taxable","17":"purchasable","18":"product-type-simple"},"yoast_head":"<!-- This site is optimized with the Yoast SEO plugin v26.1.1 - https:\/\/yoast.com\/wordpress\/plugins\/seo\/ -->\n<title>U Gel Refill | Raspberry 180g cho - The Core Fuel<\/title>\n<meta name=\"robots\" content=\"index, follow, max-snippet:-1, max-image-preview:large, max-video-preview:-1\" \/>\n<link rel=\"canonical\" href=\"https:\/\/thecorefuel.eu\/toode\/u-gel-refill-vaarika-180g-cho\/\" \/>\n<meta property=\"og:locale\" content=\"en_US\" \/>\n<meta property=\"og:type\" content=\"article\" \/>\n<meta property=\"og:title\" content=\"[:et]U Gel Refill | Vaarika 180g cho[:en]U Gel Refill | Raspberry 180g cho[:] - The Core Fuel\" \/>\n<meta property=\"og:description\" content=\"[:et]Vedel geel 180 g s\u00fcsivesikutega ja k\u00f5igi elektrol\u00fc\u00fctidega, keeratava korgiga pakendis.  U Gel Refill Raspberry on 300 ml pakend. See on t\u00e4itegeel, mis sisaldab 6 portsjonit (kokku 180 g s\u00fcsivesikuid). Ideaalne valamiseks pudelitesse\/pehmetesse pudelitesse v\u00f5i \u201c\u00fcks geel k\u00f5igi jaoks\u201d, mida saab hoida triatloni m\u00e4rjakost\u00fc\u00fcmis, rattas\u00e4rgi taskus v\u00f5i jooksuraskes seljakotis pikkade treeningute ajal.  Nagu k\u00f5ik teised geelid, sisaldab see optimaalset s\u00fcsivesikute koostist gl\u00fckoosi (maltodekstriin) ja fruktoosi vahekorras 1:0,8. Kuna geel on vedel, ei ole selle tarbimisel vaja vett juurde juua. Lisaks 180 g s\u00fcsivesikutele sisaldab see k\u00f5iki nelja peamist higistamisel kaotatavat elektrol\u00fc\u00fcti (naatrium, kaalium, kaltsium ja magneesium) tasakaalustatud koguses.  Arendatud Rootsi biomeditsiiniliste teadlaste poolt. Toodetud vastavalt HACCP\/GMP standarditele.  K\u00f5ik koostisosad on heaks kiidetud Euroopa Toiduohutusameti (EFSA) poolt.[:en]Liquid gel with 180g carbohydrates and all electrolytes in a screw-cap package. U Gel Refill Raspberry is 300ml. It&#039;s a refill gel containing 6 servings (180g Carbs). Perfect for pouring into bottles\/soft bottles, or as the &quot;One gel to rule them all&quot; tucked into your wetsuit, one of your cycling jersey&#039;s back pockets, or your running backpack during long sessions. Like all our other gels, it has an optimal carbohydrate composition between glucose (maltodextrin) and fructose at 1:0.8. Since the gel is liquid, you don&#039;t need to drink water when consuming it. In addition to providing 180g of carbohydrates, the gel also delivers all 4 major electrolytes lost through sweat (Sodium, Potassium, Calcium, and Magnesium) in a well-balanced amount. Developed by Biomedical Scientists in Sweden. Manufactured according to HACCP \/ GMP. All ingredients are approved by EFSA (European Food Safety Authority).[:]\" \/>\n<meta property=\"og:url\" content=\"https:\/\/thecorefuel.eu\/toode\/u-gel-refill-vaarika-180g-cho\/\" \/>\n<meta property=\"og:site_name\" content=\"The Core Fuel\" \/>\n<meta property=\"og:image\" content=\"https:\/\/thecorefuel.eu\/wp-content\/uploads\/2026\/04\/U-Gel-300ml-Skruv-Raspberry.jpg\" \/>\n\t<meta property=\"og:image:width\" content=\"1500\" \/>\n\t<meta property=\"og:image:height\" content=\"1500\" \/>\n\t<meta property=\"og:image:type\" content=\"image\/jpeg\" \/>\n<meta name=\"twitter:card\" content=\"summary_large_image\" \/>\n<meta name=\"twitter:label1\" content=\"Est. reading time\" \/>\n\t<meta name=\"twitter:data1\" content=\"1 minute\" \/>\n<script type=\"application\/ld+json\" class=\"yoast-schema-graph\">{\"@context\":\"https:\/\/schema.org\",\"@graph\":[{\"@type\":\"WebPage\",\"@id\":\"https:\/\/thecorefuel.eu\/toode\/u-gel-refill-vaarika-180g-cho\/\",\"url\":\"https:\/\/thecorefuel.eu\/toode\/u-gel-refill-vaarika-180g-cho\/\",\"name\":\"[:et]U Gel Refill | Vaarika 180g cho[:en]U Gel Refill | Raspberry 180g cho[:] - The Core Fuel\",\"isPartOf\":{\"@id\":\"https:\/\/thecorefuel.eu\/#website\"},\"primaryImageOfPage\":{\"@id\":\"https:\/\/thecorefuel.eu\/toode\/u-gel-refill-vaarika-180g-cho\/#primaryimage\"},\"image\":{\"@id\":\"https:\/\/thecorefuel.eu\/toode\/u-gel-refill-vaarika-180g-cho\/#primaryimage\"},\"thumbnailUrl\":\"https:\/\/thecorefuel.eu\/wp-content\/uploads\/2026\/04\/U-Gel-300ml-Skruv-Raspberry.jpg\",\"datePublished\":\"2026-04-24T03:40:20+00:00\",\"breadcrumb\":{\"@id\":\"https:\/\/thecorefuel.eu\/toode\/u-gel-refill-vaarika-180g-cho\/#breadcrumb\"},\"inLanguage\":\"en-US\",\"potentialAction\":[{\"@type\":\"ReadAction\",\"target\":[\"https:\/\/thecorefuel.eu\/toode\/u-gel-refill-vaarika-180g-cho\/\"]}]},{\"@type\":\"ImageObject\",\"inLanguage\":\"en-US\",\"@id\":\"https:\/\/thecorefuel.eu\/toode\/u-gel-refill-vaarika-180g-cho\/#primaryimage\",\"url\":\"https:\/\/thecorefuel.eu\/wp-content\/uploads\/2026\/04\/U-Gel-300ml-Skruv-Raspberry.jpg\",\"contentUrl\":\"https:\/\/thecorefuel.eu\/wp-content\/uploads\/2026\/04\/U-Gel-300ml-Skruv-Raspberry.jpg\",\"width\":1500,\"height\":1500},{\"@type\":\"BreadcrumbList\",\"@id\":\"https:\/\/thecorefuel.eu\/toode\/u-gel-refill-vaarika-180g-cho\/#breadcrumb\",\"itemListElement\":[{\"@type\":\"ListItem\",\"position\":1,\"name\":\"Home\",\"item\":\"https:\/\/thecorefuel.eu\/\"},{\"@type\":\"ListItem\",\"position\":2,\"name\":\"E-pood\",\"item\":\"https:\/\/thecorefuel.eu\/e-pood\/\"},{\"@type\":\"ListItem\",\"position\":3,\"name\":\"U Gel Refill | Vaarika 180g cho\"}]},{\"@type\":\"WebSite\",\"@id\":\"https:\/\/thecorefuel.eu\/#website\",\"url\":\"https:\/\/thecorefuel.eu\/\",\"name\":\"The Core Fuel\",\"description\":\"\",\"publisher\":{\"@id\":\"https:\/\/thecorefuel.eu\/#organization\"},\"potentialAction\":[{\"@type\":\"SearchAction\",\"target\":{\"@type\":\"EntryPoint\",\"urlTemplate\":\"https:\/\/thecorefuel.eu\/?s={search_term_string}\"},\"query-input\":{\"@type\":\"PropertyValueSpecification\",\"valueRequired\":true,\"valueName\":\"search_term_string\"}}],\"inLanguage\":\"en-US\"},{\"@type\":\"Organization\",\"@id\":\"https:\/\/thecorefuel.eu\/#organization\",\"name\":\"The Core Fuel\",\"url\":\"https:\/\/thecorefuel.eu\/\",\"logo\":{\"@type\":\"ImageObject\",\"inLanguage\":\"en-US\",\"@id\":\"https:\/\/thecorefuel.eu\/#\/schema\/logo\/image\/\",\"url\":\"https:\/\/thecorefuel.eu\/wp-content\/uploads\/2025\/01\/logo.png\",\"contentUrl\":\"https:\/\/thecorefuel.eu\/wp-content\/uploads\/2025\/01\/logo.png\",\"width\":475,\"height\":100,\"caption\":\"The Core Fuel\"},\"image\":{\"@id\":\"https:\/\/thecorefuel.eu\/#\/schema\/logo\/image\/\"}}]}<\/script>\n<!-- \/ Yoast SEO plugin. -->","yoast_head_json":{"title":"[:et]U Gel Refill | Vaarika 180g cho[:en]U Gel Refill | Raspberry 180g cho[:] - The Core Fuel","robots":{"index":"index","follow":"follow","max-snippet":"max-snippet:-1","max-image-preview":"max-image-preview:large","max-video-preview":"max-video-preview:-1"},"canonical":"https:\/\/thecorefuel.eu\/toode\/u-gel-refill-vaarika-180g-cho\/","og_locale":"en_US","og_type":"article","og_title":"[:et]U Gel Refill | Vaarika 180g cho[:en]U Gel Refill | Raspberry 180g cho[:] - The Core Fuel","og_description":"[:et]Vedel geel 180 g s\u00fcsivesikutega ja k\u00f5igi elektrol\u00fc\u00fctidega, keeratava korgiga pakendis.  U Gel Refill Raspberry on 300 ml pakend. See on t\u00e4itegeel, mis sisaldab 6 portsjonit (kokku 180 g s\u00fcsivesikuid). Ideaalne valamiseks pudelitesse\/pehmetesse pudelitesse v\u00f5i \u201c\u00fcks geel k\u00f5igi jaoks\u201d, mida saab hoida triatloni m\u00e4rjakost\u00fc\u00fcmis, rattas\u00e4rgi taskus v\u00f5i jooksuraskes seljakotis pikkade treeningute ajal.  Nagu k\u00f5ik teised geelid, sisaldab see optimaalset s\u00fcsivesikute koostist gl\u00fckoosi (maltodekstriin) ja fruktoosi vahekorras 1:0,8. Kuna geel on vedel, ei ole selle tarbimisel vaja vett juurde juua. Lisaks 180 g s\u00fcsivesikutele sisaldab see k\u00f5iki nelja peamist higistamisel kaotatavat elektrol\u00fc\u00fcti (naatrium, kaalium, kaltsium ja magneesium) tasakaalustatud koguses.  Arendatud Rootsi biomeditsiiniliste teadlaste poolt. Toodetud vastavalt HACCP\/GMP standarditele.  K\u00f5ik koostisosad on heaks kiidetud Euroopa Toiduohutusameti (EFSA) poolt.[:en]Liquid gel with 180g carbohydrates and all electrolytes in a screw-cap package. U Gel Refill Raspberry is 300ml. It's a refill gel containing 6 servings (180g Carbs). Perfect for pouring into bottles\/soft bottles, or as the \"One gel to rule them all\" tucked into your wetsuit, one of your cycling jersey's back pockets, or your running backpack during long sessions. Like all our other gels, it has an optimal carbohydrate composition between glucose (maltodextrin) and fructose at 1:0.8. Since the gel is liquid, you don't need to drink water when consuming it. In addition to providing 180g of carbohydrates, the gel also delivers all 4 major electrolytes lost through sweat (Sodium, Potassium, Calcium, and Magnesium) in a well-balanced amount. Developed by Biomedical Scientists in Sweden. Manufactured according to HACCP \/ GMP. All ingredients are approved by EFSA (European Food Safety Authority).[:]","og_url":"https:\/\/thecorefuel.eu\/toode\/u-gel-refill-vaarika-180g-cho\/","og_site_name":"The Core Fuel","og_image":[{"width":1500,"height":1500,"url":"https:\/\/thecorefuel.eu\/wp-content\/uploads\/2026\/04\/U-Gel-300ml-Skruv-Raspberry.jpg","type":"image\/jpeg"}],"twitter_card":"summary_large_image","twitter_misc":{"Est. reading time":"1 minute"},"schema":{"@context":"https:\/\/schema.org","@graph":[{"@type":"WebPage","@id":"https:\/\/thecorefuel.eu\/toode\/u-gel-refill-vaarika-180g-cho\/","url":"https:\/\/thecorefuel.eu\/toode\/u-gel-refill-vaarika-180g-cho\/","name":"[:et]U Gel Refill | Vaarika 180g cho[:en]U Gel Refill | Raspberry 180g cho[:] - The Core Fuel","isPartOf":{"@id":"https:\/\/thecorefuel.eu\/#website"},"primaryImageOfPage":{"@id":"https:\/\/thecorefuel.eu\/toode\/u-gel-refill-vaarika-180g-cho\/#primaryimage"},"image":{"@id":"https:\/\/thecorefuel.eu\/toode\/u-gel-refill-vaarika-180g-cho\/#primaryimage"},"thumbnailUrl":"https:\/\/thecorefuel.eu\/wp-content\/uploads\/2026\/04\/U-Gel-300ml-Skruv-Raspberry.jpg","datePublished":"2026-04-24T03:40:20+00:00","breadcrumb":{"@id":"https:\/\/thecorefuel.eu\/toode\/u-gel-refill-vaarika-180g-cho\/#breadcrumb"},"inLanguage":"en-US","potentialAction":[{"@type":"ReadAction","target":["https:\/\/thecorefuel.eu\/toode\/u-gel-refill-vaarika-180g-cho\/"]}]},{"@type":"ImageObject","inLanguage":"en-US","@id":"https:\/\/thecorefuel.eu\/toode\/u-gel-refill-vaarika-180g-cho\/#primaryimage","url":"https:\/\/thecorefuel.eu\/wp-content\/uploads\/2026\/04\/U-Gel-300ml-Skruv-Raspberry.jpg","contentUrl":"https:\/\/thecorefuel.eu\/wp-content\/uploads\/2026\/04\/U-Gel-300ml-Skruv-Raspberry.jpg","width":1500,"height":1500},{"@type":"BreadcrumbList","@id":"https:\/\/thecorefuel.eu\/toode\/u-gel-refill-vaarika-180g-cho\/#breadcrumb","itemListElement":[{"@type":"ListItem","position":1,"name":"Home","item":"https:\/\/thecorefuel.eu\/"},{"@type":"ListItem","position":2,"name":"E-pood","item":"https:\/\/thecorefuel.eu\/e-pood\/"},{"@type":"ListItem","position":3,"name":"U Gel Refill | Vaarika 180g cho"}]},{"@type":"WebSite","@id":"https:\/\/thecorefuel.eu\/#website","url":"https:\/\/thecorefuel.eu\/","name":"The Core Fuel","description":"","publisher":{"@id":"https:\/\/thecorefuel.eu\/#organization"},"potentialAction":[{"@type":"SearchAction","target":{"@type":"EntryPoint","urlTemplate":"https:\/\/thecorefuel.eu\/?s={search_term_string}"},"query-input":{"@type":"PropertyValueSpecification","valueRequired":true,"valueName":"search_term_string"}}],"inLanguage":"en-US"},{"@type":"Organization","@id":"https:\/\/thecorefuel.eu\/#organization","name":"The Core Fuel","url":"https:\/\/thecorefuel.eu\/","logo":{"@type":"ImageObject","inLanguage":"en-US","@id":"https:\/\/thecorefuel.eu\/#\/schema\/logo\/image\/","url":"https:\/\/thecorefuel.eu\/wp-content\/uploads\/2025\/01\/logo.png","contentUrl":"https:\/\/thecorefuel.eu\/wp-content\/uploads\/2025\/01\/logo.png","width":475,"height":100,"caption":"The Core Fuel"},"image":{"@id":"https:\/\/thecorefuel.eu\/#\/schema\/logo\/image\/"}}]}},"_links":{"self":[{"href":"https:\/\/thecorefuel.eu\/en\/wp-json\/wp\/v2\/product\/10696","targetHints":{"allow":["GET"]}}],"collection":[{"href":"https:\/\/thecorefuel.eu\/en\/wp-json\/wp\/v2\/product"}],"about":[{"href":"https:\/\/thecorefuel.eu\/en\/wp-json\/wp\/v2\/types\/product"}],"replies":[{"embeddable":true,"href":"https:\/\/thecorefuel.eu\/en\/wp-json\/wp\/v2\/comments?post=10696"}],"wp:featuredmedia":[{"embeddable":true,"href":"https:\/\/thecorefuel.eu\/en\/wp-json\/wp\/v2\/media\/10590"}],"wp:attachment":[{"href":"https:\/\/thecorefuel.eu\/en\/wp-json\/wp\/v2\/media?parent=10696"}],"wp:term":[{"taxonomy":"product_brand","embeddable":true,"href":"https:\/\/thecorefuel.eu\/en\/wp-json\/wp\/v2\/product_brand?post=10696"},{"taxonomy":"product_cat","embeddable":true,"href":"https:\/\/thecorefuel.eu\/en\/wp-json\/wp\/v2\/product_cat?post=10696"},{"taxonomy":"product_tag","embeddable":true,"href":"https:\/\/thecorefuel.eu\/en\/wp-json\/wp\/v2\/product_tag?post=10696"}],"curies":[{"name":"wp","href":"https:\/\/api.w.org\/{rel}","templated":true}]}}