{"id":10697,"date":"2026-04-24T06:41:21","date_gmt":"2026-04-24T03:41:21","guid":{"rendered":"https:\/\/thecorefuel.eu\/?post_type=product&#038;p=10697"},"modified":"2026-04-24T06:41:21","modified_gmt":"2026-04-24T03:41:21","slug":"u-gel-vanilje-korgiga-30g-cho","status":"publish","type":"product","link":"https:\/\/thecorefuel.eu\/en\/toode\/u-gel-vanilje-korgiga-30g-cho\/","title":{"rendered":"U Gel | Vanilla | Screw Cap 30g cho"},"content":{"rendered":"<p>Vanilla<\/p>\n<p>Custard Water, Maltodextrin, Fructose, Electrolytes (Tri-Sodium Citrate, Potassium Gluconate, Calcium Gluconate, Magnesium Citrate), Flavor, Preservatives (Sodium Benzoate, Potassium Sorbate).<\/p>\n<p>Storage: Keep dry and below normal room temperature.<\/p>\n<p>During extended physical activity, use 1\u20133 gels spaced evenly each hour.<\/p>\n<p><strong>Vanilla Custard<\/strong><\/p>\n<table width=\"328\">\n<thead>\n<tr>\n<td><strong>Per\u00a050\u00a0ml<\/strong><\/td>\n<\/tr>\n<\/thead>\n<tbody>\n<tr>\n<td>Energy\/kJ<\/td>\n<td>505\u00a0kJ<\/td>\n<\/tr>\n<tr>\n<td>Energy\/kJ<\/td>\n<td>121\u00a0kcal<\/td>\n<\/tr>\n<tr>\n<td>Carbohydrates<\/td>\n<td>30\u00a0g<\/td>\n<\/tr>\n<tr>\n<td>&#8211; of which sugars<\/td>\n<td>13\u00a0g<\/td>\n<\/tr>\n<tr>\n<td>Salt<\/td>\n<td>1.1\u00a0g<\/td>\n<\/tr>\n<tr>\n<td>&#8211; of which sodium<\/td>\n<td>257\u00a0mg<\/td>\n<\/tr>\n<tr>\n<td>Calcium<\/td>\n<td>14\u00a0mg<\/td>\n<\/tr>\n<tr>\n<td>Potassium<\/td>\n<td>44\u00a0mg<\/td>\n<\/tr>\n<tr>\n<td>Magnesium<\/td>\n<td>5\u00a0mg<\/td>\n<\/tr>\n<\/tbody>\n<\/table>\n<p><\/p>","protected":false},"excerpt":{"rendered":"<p>Liquid gel with 30g carbs and all electrolytes, packed with a screw cap. Available with or without 30mg caffeine in various flavors. This is a liquid gel of 50ml with an optimal carbohydrate composition between glucose (maltodextrin) and fructose at 1:0.8. As the gel is free-flowing, there&#8217;s no need to drink water with it. Along with providing 30g of carbohydrates, the gel offers all 4 major electrolytes you lose through sweat (Sodium, Potassium, Calcium, and Magnesium) in a well-balanced amount. Developed by Biomedical Scientists in Sweden. Manufactured following HACCP \/ GMP standards. All ingredients are approved by EFSA (European Food Safety Authority).<\/p>\n","protected":false},"featured_media":10589,"comment_status":"closed","ping_status":"closed","template":"","meta":[],"product_brand":[124],"product_cat":[129,126,70,73],"product_tag":[131],"class_list":{"0":"post-10697","1":"product","2":"type-product","3":"status-publish","4":"has-post-thumbnail","6":"product_brand-umara","7":"product_cat-trenni-ajal","8":"product_cat-umara","9":"product_cat-sporditoit","10":"product_cat-geelid","11":"product_tag-umara","13":"first","14":"instock","15":"taxable","16":"shipping-taxable","17":"purchasable","18":"product-type-simple"},"yoast_head":"<!-- This site is optimized with the Yoast SEO plugin v26.1.1 - https:\/\/yoast.com\/wordpress\/plugins\/seo\/ -->\n<title>U Gel | Vanilla | Screw Cap 30g cho - The Core Fuel<\/title>\n<meta name=\"robots\" content=\"index, follow, max-snippet:-1, max-image-preview:large, max-video-preview:-1\" \/>\n<link rel=\"canonical\" href=\"https:\/\/thecorefuel.eu\/toode\/u-gel-vanilje-korgiga-30g-cho\/\" \/>\n<meta property=\"og:locale\" content=\"en_US\" \/>\n<meta property=\"og:type\" content=\"article\" \/>\n<meta property=\"og:title\" content=\"[:et]U Gel | Vanilje | Korgiga 30g cho[:en]U Gel | Vanilla | Screw Cap 30g cho[:] - The Core Fuel\" \/>\n<meta property=\"og:description\" content=\"[:et]Vedel geel, mis sisaldab 30 g s\u00fcsivesikuid ja k\u00f5iki elektrol\u00fc\u00fcte, keeratava korgiga pakendis. Saadaval erinevate maitsetega ning kas 30 mg kofeiiniga v\u00f5i ilma.  See on 50 ml vedel geel optimaalse s\u00fcsivesikute koostisega gl\u00fckoosi (maltodekstriin) ja fruktoosi vahekorras 1:0,8. Kuna geel on vedel, ei ole selle tarbimisel vaja vett juurde juua. Lisaks 30 g s\u00fcsivesikutele sisaldab geel k\u00f5iki nelja peamist higistamisel kaotatavat elektrol\u00fc\u00fcti (naatrium, kaalium, kaltsium ja magneesium) tasakaalustatud koguses.  Arendatud Rootsi biomeditsiiniliste teadlaste poolt. Toodetud vastavalt HACCP \/ GMP standarditele.  K\u00f5ik koostisosad on heaks kiidetud Euroopa Toiduohutusameti (EFSA) poolt.[:en]Liquid gel with 30g carbs and all electrolytes, packed with a screw cap. Available with or without 30mg caffeine in various flavors. This is a liquid gel of 50ml with an optimal carbohydrate composition between glucose (maltodextrin) and fructose at 1:0.8. As the gel is free-flowing, there&#039;s no need to drink water with it. Along with providing 30g of carbohydrates, the gel offers all 4 major electrolytes you lose through sweat (Sodium, Potassium, Calcium, and Magnesium) in a well-balanced amount. Developed by Biomedical Scientists in Sweden. Manufactured following HACCP \/ GMP standards. All ingredients are approved by EFSA (European Food Safety Authority).[:]\" \/>\n<meta property=\"og:url\" content=\"https:\/\/thecorefuel.eu\/toode\/u-gel-vanilje-korgiga-30g-cho\/\" \/>\n<meta property=\"og:site_name\" content=\"The Core Fuel\" \/>\n<meta property=\"og:image\" content=\"https:\/\/thecorefuel.eu\/wp-content\/uploads\/2026\/04\/U-Gel-30G-Skruv-Vanilla-Custard_1.jpg\" \/>\n\t<meta property=\"og:image:width\" content=\"1500\" \/>\n\t<meta property=\"og:image:height\" content=\"1500\" \/>\n\t<meta property=\"og:image:type\" content=\"image\/jpeg\" \/>\n<meta name=\"twitter:card\" content=\"summary_large_image\" \/>\n<meta name=\"twitter:label1\" content=\"Est. reading time\" \/>\n\t<meta name=\"twitter:data1\" content=\"1 minute\" \/>\n<script type=\"application\/ld+json\" class=\"yoast-schema-graph\">{\"@context\":\"https:\/\/schema.org\",\"@graph\":[{\"@type\":\"WebPage\",\"@id\":\"https:\/\/thecorefuel.eu\/toode\/u-gel-vanilje-korgiga-30g-cho\/\",\"url\":\"https:\/\/thecorefuel.eu\/toode\/u-gel-vanilje-korgiga-30g-cho\/\",\"name\":\"[:et]U Gel | Vanilje | Korgiga 30g cho[:en]U Gel | Vanilla | Screw Cap 30g cho[:] - The Core Fuel\",\"isPartOf\":{\"@id\":\"https:\/\/thecorefuel.eu\/#website\"},\"primaryImageOfPage\":{\"@id\":\"https:\/\/thecorefuel.eu\/toode\/u-gel-vanilje-korgiga-30g-cho\/#primaryimage\"},\"image\":{\"@id\":\"https:\/\/thecorefuel.eu\/toode\/u-gel-vanilje-korgiga-30g-cho\/#primaryimage\"},\"thumbnailUrl\":\"https:\/\/thecorefuel.eu\/wp-content\/uploads\/2026\/04\/U-Gel-30G-Skruv-Vanilla-Custard_1.jpg\",\"datePublished\":\"2026-04-24T03:41:21+00:00\",\"breadcrumb\":{\"@id\":\"https:\/\/thecorefuel.eu\/toode\/u-gel-vanilje-korgiga-30g-cho\/#breadcrumb\"},\"inLanguage\":\"en-US\",\"potentialAction\":[{\"@type\":\"ReadAction\",\"target\":[\"https:\/\/thecorefuel.eu\/toode\/u-gel-vanilje-korgiga-30g-cho\/\"]}]},{\"@type\":\"ImageObject\",\"inLanguage\":\"en-US\",\"@id\":\"https:\/\/thecorefuel.eu\/toode\/u-gel-vanilje-korgiga-30g-cho\/#primaryimage\",\"url\":\"https:\/\/thecorefuel.eu\/wp-content\/uploads\/2026\/04\/U-Gel-30G-Skruv-Vanilla-Custard_1.jpg\",\"contentUrl\":\"https:\/\/thecorefuel.eu\/wp-content\/uploads\/2026\/04\/U-Gel-30G-Skruv-Vanilla-Custard_1.jpg\",\"width\":1500,\"height\":1500},{\"@type\":\"BreadcrumbList\",\"@id\":\"https:\/\/thecorefuel.eu\/toode\/u-gel-vanilje-korgiga-30g-cho\/#breadcrumb\",\"itemListElement\":[{\"@type\":\"ListItem\",\"position\":1,\"name\":\"Home\",\"item\":\"https:\/\/thecorefuel.eu\/\"},{\"@type\":\"ListItem\",\"position\":2,\"name\":\"E-pood\",\"item\":\"https:\/\/thecorefuel.eu\/e-pood\/\"},{\"@type\":\"ListItem\",\"position\":3,\"name\":\"U Gel | Vanilje | Korgiga 30g cho\"}]},{\"@type\":\"WebSite\",\"@id\":\"https:\/\/thecorefuel.eu\/#website\",\"url\":\"https:\/\/thecorefuel.eu\/\",\"name\":\"The Core Fuel\",\"description\":\"\",\"publisher\":{\"@id\":\"https:\/\/thecorefuel.eu\/#organization\"},\"potentialAction\":[{\"@type\":\"SearchAction\",\"target\":{\"@type\":\"EntryPoint\",\"urlTemplate\":\"https:\/\/thecorefuel.eu\/?s={search_term_string}\"},\"query-input\":{\"@type\":\"PropertyValueSpecification\",\"valueRequired\":true,\"valueName\":\"search_term_string\"}}],\"inLanguage\":\"en-US\"},{\"@type\":\"Organization\",\"@id\":\"https:\/\/thecorefuel.eu\/#organization\",\"name\":\"The Core Fuel\",\"url\":\"https:\/\/thecorefuel.eu\/\",\"logo\":{\"@type\":\"ImageObject\",\"inLanguage\":\"en-US\",\"@id\":\"https:\/\/thecorefuel.eu\/#\/schema\/logo\/image\/\",\"url\":\"https:\/\/thecorefuel.eu\/wp-content\/uploads\/2025\/01\/logo.png\",\"contentUrl\":\"https:\/\/thecorefuel.eu\/wp-content\/uploads\/2025\/01\/logo.png\",\"width\":475,\"height\":100,\"caption\":\"The Core Fuel\"},\"image\":{\"@id\":\"https:\/\/thecorefuel.eu\/#\/schema\/logo\/image\/\"}}]}<\/script>\n<!-- \/ Yoast SEO plugin. -->","yoast_head_json":{"title":"[:et]U Gel | Vanilje | Korgiga 30g cho[:en]U Gel | Vanilla | Screw Cap 30g cho[:] - The Core Fuel","robots":{"index":"index","follow":"follow","max-snippet":"max-snippet:-1","max-image-preview":"max-image-preview:large","max-video-preview":"max-video-preview:-1"},"canonical":"https:\/\/thecorefuel.eu\/toode\/u-gel-vanilje-korgiga-30g-cho\/","og_locale":"en_US","og_type":"article","og_title":"[:et]U Gel | Vanilje | Korgiga 30g cho[:en]U Gel | Vanilla | Screw Cap 30g cho[:] - The Core Fuel","og_description":"[:et]Vedel geel, mis sisaldab 30 g s\u00fcsivesikuid ja k\u00f5iki elektrol\u00fc\u00fcte, keeratava korgiga pakendis. Saadaval erinevate maitsetega ning kas 30 mg kofeiiniga v\u00f5i ilma.  See on 50 ml vedel geel optimaalse s\u00fcsivesikute koostisega gl\u00fckoosi (maltodekstriin) ja fruktoosi vahekorras 1:0,8. Kuna geel on vedel, ei ole selle tarbimisel vaja vett juurde juua. Lisaks 30 g s\u00fcsivesikutele sisaldab geel k\u00f5iki nelja peamist higistamisel kaotatavat elektrol\u00fc\u00fcti (naatrium, kaalium, kaltsium ja magneesium) tasakaalustatud koguses.  Arendatud Rootsi biomeditsiiniliste teadlaste poolt. Toodetud vastavalt HACCP \/ GMP standarditele.  K\u00f5ik koostisosad on heaks kiidetud Euroopa Toiduohutusameti (EFSA) poolt.[:en]Liquid gel with 30g carbs and all electrolytes, packed with a screw cap. Available with or without 30mg caffeine in various flavors. This is a liquid gel of 50ml with an optimal carbohydrate composition between glucose (maltodextrin) and fructose at 1:0.8. As the gel is free-flowing, there's no need to drink water with it. Along with providing 30g of carbohydrates, the gel offers all 4 major electrolytes you lose through sweat (Sodium, Potassium, Calcium, and Magnesium) in a well-balanced amount. Developed by Biomedical Scientists in Sweden. Manufactured following HACCP \/ GMP standards. All ingredients are approved by EFSA (European Food Safety Authority).[:]","og_url":"https:\/\/thecorefuel.eu\/toode\/u-gel-vanilje-korgiga-30g-cho\/","og_site_name":"The Core Fuel","og_image":[{"width":1500,"height":1500,"url":"https:\/\/thecorefuel.eu\/wp-content\/uploads\/2026\/04\/U-Gel-30G-Skruv-Vanilla-Custard_1.jpg","type":"image\/jpeg"}],"twitter_card":"summary_large_image","twitter_misc":{"Est. reading time":"1 minute"},"schema":{"@context":"https:\/\/schema.org","@graph":[{"@type":"WebPage","@id":"https:\/\/thecorefuel.eu\/toode\/u-gel-vanilje-korgiga-30g-cho\/","url":"https:\/\/thecorefuel.eu\/toode\/u-gel-vanilje-korgiga-30g-cho\/","name":"[:et]U Gel | Vanilje | Korgiga 30g cho[:en]U Gel | Vanilla | Screw Cap 30g cho[:] - The Core Fuel","isPartOf":{"@id":"https:\/\/thecorefuel.eu\/#website"},"primaryImageOfPage":{"@id":"https:\/\/thecorefuel.eu\/toode\/u-gel-vanilje-korgiga-30g-cho\/#primaryimage"},"image":{"@id":"https:\/\/thecorefuel.eu\/toode\/u-gel-vanilje-korgiga-30g-cho\/#primaryimage"},"thumbnailUrl":"https:\/\/thecorefuel.eu\/wp-content\/uploads\/2026\/04\/U-Gel-30G-Skruv-Vanilla-Custard_1.jpg","datePublished":"2026-04-24T03:41:21+00:00","breadcrumb":{"@id":"https:\/\/thecorefuel.eu\/toode\/u-gel-vanilje-korgiga-30g-cho\/#breadcrumb"},"inLanguage":"en-US","potentialAction":[{"@type":"ReadAction","target":["https:\/\/thecorefuel.eu\/toode\/u-gel-vanilje-korgiga-30g-cho\/"]}]},{"@type":"ImageObject","inLanguage":"en-US","@id":"https:\/\/thecorefuel.eu\/toode\/u-gel-vanilje-korgiga-30g-cho\/#primaryimage","url":"https:\/\/thecorefuel.eu\/wp-content\/uploads\/2026\/04\/U-Gel-30G-Skruv-Vanilla-Custard_1.jpg","contentUrl":"https:\/\/thecorefuel.eu\/wp-content\/uploads\/2026\/04\/U-Gel-30G-Skruv-Vanilla-Custard_1.jpg","width":1500,"height":1500},{"@type":"BreadcrumbList","@id":"https:\/\/thecorefuel.eu\/toode\/u-gel-vanilje-korgiga-30g-cho\/#breadcrumb","itemListElement":[{"@type":"ListItem","position":1,"name":"Home","item":"https:\/\/thecorefuel.eu\/"},{"@type":"ListItem","position":2,"name":"E-pood","item":"https:\/\/thecorefuel.eu\/e-pood\/"},{"@type":"ListItem","position":3,"name":"U Gel | Vanilje | Korgiga 30g cho"}]},{"@type":"WebSite","@id":"https:\/\/thecorefuel.eu\/#website","url":"https:\/\/thecorefuel.eu\/","name":"The Core Fuel","description":"","publisher":{"@id":"https:\/\/thecorefuel.eu\/#organization"},"potentialAction":[{"@type":"SearchAction","target":{"@type":"EntryPoint","urlTemplate":"https:\/\/thecorefuel.eu\/?s={search_term_string}"},"query-input":{"@type":"PropertyValueSpecification","valueRequired":true,"valueName":"search_term_string"}}],"inLanguage":"en-US"},{"@type":"Organization","@id":"https:\/\/thecorefuel.eu\/#organization","name":"The Core Fuel","url":"https:\/\/thecorefuel.eu\/","logo":{"@type":"ImageObject","inLanguage":"en-US","@id":"https:\/\/thecorefuel.eu\/#\/schema\/logo\/image\/","url":"https:\/\/thecorefuel.eu\/wp-content\/uploads\/2025\/01\/logo.png","contentUrl":"https:\/\/thecorefuel.eu\/wp-content\/uploads\/2025\/01\/logo.png","width":475,"height":100,"caption":"The Core Fuel"},"image":{"@id":"https:\/\/thecorefuel.eu\/#\/schema\/logo\/image\/"}}]}},"_links":{"self":[{"href":"https:\/\/thecorefuel.eu\/en\/wp-json\/wp\/v2\/product\/10697","targetHints":{"allow":["GET"]}}],"collection":[{"href":"https:\/\/thecorefuel.eu\/en\/wp-json\/wp\/v2\/product"}],"about":[{"href":"https:\/\/thecorefuel.eu\/en\/wp-json\/wp\/v2\/types\/product"}],"replies":[{"embeddable":true,"href":"https:\/\/thecorefuel.eu\/en\/wp-json\/wp\/v2\/comments?post=10697"}],"wp:featuredmedia":[{"embeddable":true,"href":"https:\/\/thecorefuel.eu\/en\/wp-json\/wp\/v2\/media\/10589"}],"wp:attachment":[{"href":"https:\/\/thecorefuel.eu\/en\/wp-json\/wp\/v2\/media?parent=10697"}],"wp:term":[{"taxonomy":"product_brand","embeddable":true,"href":"https:\/\/thecorefuel.eu\/en\/wp-json\/wp\/v2\/product_brand?post=10697"},{"taxonomy":"product_cat","embeddable":true,"href":"https:\/\/thecorefuel.eu\/en\/wp-json\/wp\/v2\/product_cat?post=10697"},{"taxonomy":"product_tag","embeddable":true,"href":"https:\/\/thecorefuel.eu\/en\/wp-json\/wp\/v2\/product_tag?post=10697"}],"curies":[{"name":"wp","href":"https:\/\/api.w.org\/{rel}","templated":true}]}}