{"id":10706,"date":"2026-04-23T09:15:37","date_gmt":"2026-04-23T06:15:37","guid":{"rendered":"https:\/\/thecorefuel.eu\/?post_type=product&#038;p=10706"},"modified":"2026-04-24T06:45:33","modified_gmt":"2026-04-24T03:45:33","slug":"u-bar-apelsini-sokolaadi-30g-cho-12-pakk","status":"publish","type":"product","link":"https:\/\/thecorefuel.eu\/en\/toode\/u-bar-apelsini-sokolaadi-30g-cho-12-pakk\/","title":{"rendered":"U Bar | Orange &#8211; Chocolate 30g cho | 12 pack"},"content":{"rendered":"<p><strong>Orange\/Chocolate<\/strong><\/p>\n<p>Gluten-free\u00a0<strong>oats<\/strong>\u00a0(46%), glucose syrup, fructose syrup, sugar, cocoa butter, chocolate chips (sugar, cocoa mass, cocoa butter, dextrose, emulsifier (<strong>soy lecithin<\/strong>)), rapeseed oil, cocoa powder, emulsifier (sunflower lecithin), flavor.<\/p>\n<p><strong>Country of origin:\u00a0<\/strong>Sweden<\/p>\n<p><strong>Storage:\u00a0<\/strong>Keep it dry and at normal room temperature.<\/p>\n<p>Use during activity to provide energy and stave off hunger<\/p>\n<p><strong>Orange\/Chocolate<\/strong><\/p>\n<table width=\"328\">\n<thead>\n<tr>\n<td><strong>Per\u00a045\u00a0g<\/strong><\/td>\n<\/tr>\n<\/thead>\n<tbody>\n<tr>\n<td>Energy\/kJ<\/td>\n<td>797\u00a0kJ<\/td>\n<\/tr>\n<tr>\n<td>Energy\/kJ<\/td>\n<td>190\u00a0kcal<\/td>\n<\/tr>\n<tr>\n<td>Fat<\/td>\n<td>6\u00a0g<\/td>\n<\/tr>\n<tr>\n<td>&#8211; of which saturated fat<\/td>\n<td>2.2\u00a0g<\/td>\n<\/tr>\n<tr>\n<td>Carbohydrates<\/td>\n<td>30\u00a0g<\/td>\n<\/tr>\n<tr>\n<td>&#8211; of which sugars<\/td>\n<td>14\u00a0g<\/td>\n<\/tr>\n<tr>\n<td>Protein<\/td>\n<td>2.7\u00a0g<\/td>\n<\/tr>\n<tr>\n<td>Salt<\/td>\n<td>0.01\u00a0g<\/td>\n<\/tr>\n<\/tbody>\n<\/table>\n<p>&nbsp;<\/p>","protected":false},"excerpt":{"rendered":"<p>Gluten-free oat energy bar with a 1:0.8 carb ratio (30g carbs). Awesome soft texture, naturally berry\/fruit-flavored.<\/p>\n<p>Our gluten-free U Bar is an energy bar that relies on gluten-free oats to deliver a total of 30g of carbohydrates. This bar, which we would classify as an optibar, features a 1:0.8 ratio of glucose to fructose, ensuring it&#8217;s as gentle on your stomach as possible. Its natural flavoring lends a subtle tint to the dough and the bar itself.<\/p>\n<p>The bar has a soft texture, making it easy to chew, even in cooler weather. Without a coating, you avoid a sticky surface that can melt on hot summer days. We&#8217;ve added a thin layer of whole gluten-free oats on the bar&#8217;s exterior, enhancing its visual appeal and contributing to its texture; we\u2019re confident you&#8217;ll love it.<\/p>\n<p>Developed by biomedical scientists in Sweden, ensuring that you, as a customer, can trust that what you&#8217;re buying is both safe and of the highest quality.<\/p>\n<p>All ingredients are approved by EFSA (European Food Safety Authority). Manufactured according to HACCP \/ GMP in Sweden.<\/p>\n","protected":false},"featured_media":10597,"comment_status":"closed","ping_status":"closed","template":"","meta":[],"product_brand":[124],"product_cat":[128,129,126,70,74],"product_tag":[131],"class_list":{"0":"post-10706","1":"product","2":"type-product","3":"status-publish","4":"has-post-thumbnail","6":"product_brand-umara","7":"product_cat-enne-trenni","8":"product_cat-trenni-ajal","9":"product_cat-umara","10":"product_cat-sporditoit","11":"product_cat-batoonid","12":"product_tag-umara","14":"first","15":"instock","16":"taxable","17":"shipping-taxable","18":"purchasable","19":"product-type-simple"},"yoast_head":"<!-- This site is optimized with the Yoast SEO plugin v26.1.1 - https:\/\/yoast.com\/wordpress\/plugins\/seo\/ -->\n<title>U Bar | Orange - Chocolate 30g cho | 12 pack - The Core Fuel<\/title>\n<meta name=\"robots\" content=\"index, follow, max-snippet:-1, max-image-preview:large, max-video-preview:-1\" \/>\n<link rel=\"canonical\" href=\"https:\/\/thecorefuel.eu\/toode\/u-bar-apelsini-sokolaadi-30g-cho-12-pakk\/\" \/>\n<meta property=\"og:locale\" content=\"en_US\" \/>\n<meta property=\"og:type\" content=\"article\" \/>\n<meta property=\"og:title\" content=\"[:et]U Bar | Apelsini - \u0160okolaadi 30g cho | 12 pakk[:en]U Bar | Orange - Chocolate 30g cho | 12 pack[:] - The Core Fuel\" \/>\n<meta property=\"og:description\" content=\"[:et]Gluteenivaba kaeraenergibatoon s\u00fcsivesikute suhtega 1:0,8 (30 g s\u00fcsivesikuid). M\u00f5nusalt pehme tekstuur, looduslik marja- ja puuviljamaitse.  Meie gluteenivaba U Bar on energiabatoon, mis p\u00f5hineb gluteenivabal kaeral ja annab kokku 30 g s\u00fcsivesikuid. See batoon, mida v\u00f5iks liigitada nn optibariks, sisaldab gl\u00fckoosi ja fruktoosi vahekorras 1:0,8, et olla v\u00f5imalikult \u00f5rn seedimisele. Looduslikud maitseained annavad tainale ja batoonile kerge v\u00e4rvuse.  Batoon on pehme tekstuuriga, mist\u00f5ttu on seda lihtne n\u00e4rida ka jahedama ilmaga. Ilma glasuurita pind ei muutu kleepuvaks ega sula kuumadel suvep\u00e4evadel. Batooni pealispinnale on lisatud \u00f5huke kiht terveid gluteenivabu kaerahelbeid, mis parandab nii v\u00e4limust kui ka tekstuuri \u2013 oleme kindlad, et see meeldib sulle.  Arendatud Rootsi biomeditsiiniteadlaste poolt, et saaksid kindel olla toote ohutuses ja k\u00f5rges kvaliteedis.  K\u00f5ik koostisosad on heaks kiidetud Euroopa Toiduohutusameti (EFSA) poolt. Toodetud Rootsis vastavalt HACCP \/ GMP standarditele.[:en]Gluten-free oat energy bar with a 1:0.8 carb ratio (30g carbs). Awesome soft texture, naturally berry\/fruit-flavored.  Our gluten-free U Bar is an energy bar that relies on gluten-free oats to deliver a total of 30g of carbohydrates. This bar, which we would classify as an optibar, features a 1:0.8 ratio of glucose to fructose, ensuring it&#039;s as gentle on your stomach as possible. Its natural flavoring lends a subtle tint to the dough and the bar itself.  The bar has a soft texture, making it easy to chew, even in cooler weather. Without a coating, you avoid a sticky surface that can melt on hot summer days. We&#039;ve added a thin layer of whole gluten-free oats on the bar&#039;s exterior, enhancing its visual appeal and contributing to its texture; we\u2019re confident you&#039;ll love it.  Developed by biomedical scientists in Sweden, ensuring that you, as a customer, can trust that what you&#039;re buying is both safe and of the highest quality.  All ingredients are approved by EFSA (European Food Safety Authority). Manufactured according to HACCP \/ GMP in Sweden.[:]\" \/>\n<meta property=\"og:url\" content=\"https:\/\/thecorefuel.eu\/toode\/u-bar-apelsini-sokolaadi-30g-cho-12-pakk\/\" \/>\n<meta property=\"og:site_name\" content=\"The Core Fuel\" \/>\n<meta property=\"article:modified_time\" content=\"2026-04-24T03:45:33+00:00\" \/>\n<meta property=\"og:image\" content=\"https:\/\/thecorefuel.eu\/wp-content\/uploads\/2026\/04\/U-Bar-Orange-Chocolate-x12.jpg\" \/>\n\t<meta property=\"og:image:width\" content=\"1500\" \/>\n\t<meta property=\"og:image:height\" content=\"1500\" \/>\n\t<meta property=\"og:image:type\" content=\"image\/jpeg\" \/>\n<meta name=\"twitter:card\" content=\"summary_large_image\" \/>\n<meta name=\"twitter:label1\" content=\"Est. reading time\" \/>\n\t<meta name=\"twitter:data1\" content=\"1 minute\" \/>\n<script type=\"application\/ld+json\" class=\"yoast-schema-graph\">{\"@context\":\"https:\/\/schema.org\",\"@graph\":[{\"@type\":\"WebPage\",\"@id\":\"https:\/\/thecorefuel.eu\/toode\/u-bar-apelsini-sokolaadi-30g-cho-12-pakk\/\",\"url\":\"https:\/\/thecorefuel.eu\/toode\/u-bar-apelsini-sokolaadi-30g-cho-12-pakk\/\",\"name\":\"[:et]U Bar | Apelsini - \u0160okolaadi 30g cho | 12 pakk[:en]U Bar | Orange - Chocolate 30g cho | 12 pack[:] - The Core Fuel\",\"isPartOf\":{\"@id\":\"https:\/\/thecorefuel.eu\/#website\"},\"primaryImageOfPage\":{\"@id\":\"https:\/\/thecorefuel.eu\/toode\/u-bar-apelsini-sokolaadi-30g-cho-12-pakk\/#primaryimage\"},\"image\":{\"@id\":\"https:\/\/thecorefuel.eu\/toode\/u-bar-apelsini-sokolaadi-30g-cho-12-pakk\/#primaryimage\"},\"thumbnailUrl\":\"https:\/\/thecorefuel.eu\/wp-content\/uploads\/2026\/04\/U-Bar-Orange-Chocolate-x12.jpg\",\"datePublished\":\"2026-04-23T06:15:37+00:00\",\"dateModified\":\"2026-04-24T03:45:33+00:00\",\"breadcrumb\":{\"@id\":\"https:\/\/thecorefuel.eu\/toode\/u-bar-apelsini-sokolaadi-30g-cho-12-pakk\/#breadcrumb\"},\"inLanguage\":\"en-US\",\"potentialAction\":[{\"@type\":\"ReadAction\",\"target\":[\"https:\/\/thecorefuel.eu\/toode\/u-bar-apelsini-sokolaadi-30g-cho-12-pakk\/\"]}]},{\"@type\":\"ImageObject\",\"inLanguage\":\"en-US\",\"@id\":\"https:\/\/thecorefuel.eu\/toode\/u-bar-apelsini-sokolaadi-30g-cho-12-pakk\/#primaryimage\",\"url\":\"https:\/\/thecorefuel.eu\/wp-content\/uploads\/2026\/04\/U-Bar-Orange-Chocolate-x12.jpg\",\"contentUrl\":\"https:\/\/thecorefuel.eu\/wp-content\/uploads\/2026\/04\/U-Bar-Orange-Chocolate-x12.jpg\",\"width\":1500,\"height\":1500},{\"@type\":\"BreadcrumbList\",\"@id\":\"https:\/\/thecorefuel.eu\/toode\/u-bar-apelsini-sokolaadi-30g-cho-12-pakk\/#breadcrumb\",\"itemListElement\":[{\"@type\":\"ListItem\",\"position\":1,\"name\":\"Home\",\"item\":\"https:\/\/thecorefuel.eu\/\"},{\"@type\":\"ListItem\",\"position\":2,\"name\":\"E-pood\",\"item\":\"https:\/\/thecorefuel.eu\/e-pood\/\"},{\"@type\":\"ListItem\",\"position\":3,\"name\":\"U Bar | Apelsini &#8211; \u0160okolaadi 30g cho | 12 pakk\"}]},{\"@type\":\"WebSite\",\"@id\":\"https:\/\/thecorefuel.eu\/#website\",\"url\":\"https:\/\/thecorefuel.eu\/\",\"name\":\"The Core Fuel\",\"description\":\"\",\"publisher\":{\"@id\":\"https:\/\/thecorefuel.eu\/#organization\"},\"potentialAction\":[{\"@type\":\"SearchAction\",\"target\":{\"@type\":\"EntryPoint\",\"urlTemplate\":\"https:\/\/thecorefuel.eu\/?s={search_term_string}\"},\"query-input\":{\"@type\":\"PropertyValueSpecification\",\"valueRequired\":true,\"valueName\":\"search_term_string\"}}],\"inLanguage\":\"en-US\"},{\"@type\":\"Organization\",\"@id\":\"https:\/\/thecorefuel.eu\/#organization\",\"name\":\"The Core Fuel\",\"url\":\"https:\/\/thecorefuel.eu\/\",\"logo\":{\"@type\":\"ImageObject\",\"inLanguage\":\"en-US\",\"@id\":\"https:\/\/thecorefuel.eu\/#\/schema\/logo\/image\/\",\"url\":\"https:\/\/thecorefuel.eu\/wp-content\/uploads\/2025\/01\/logo.png\",\"contentUrl\":\"https:\/\/thecorefuel.eu\/wp-content\/uploads\/2025\/01\/logo.png\",\"width\":475,\"height\":100,\"caption\":\"The Core Fuel\"},\"image\":{\"@id\":\"https:\/\/thecorefuel.eu\/#\/schema\/logo\/image\/\"}}]}<\/script>\n<!-- \/ Yoast SEO plugin. -->","yoast_head_json":{"title":"[:et]U Bar | Apelsini - \u0160okolaadi 30g cho | 12 pakk[:en]U Bar | Orange - Chocolate 30g cho | 12 pack[:] - The Core Fuel","robots":{"index":"index","follow":"follow","max-snippet":"max-snippet:-1","max-image-preview":"max-image-preview:large","max-video-preview":"max-video-preview:-1"},"canonical":"https:\/\/thecorefuel.eu\/toode\/u-bar-apelsini-sokolaadi-30g-cho-12-pakk\/","og_locale":"en_US","og_type":"article","og_title":"[:et]U Bar | Apelsini - \u0160okolaadi 30g cho | 12 pakk[:en]U Bar | Orange - Chocolate 30g cho | 12 pack[:] - The Core Fuel","og_description":"[:et]Gluteenivaba kaeraenergibatoon s\u00fcsivesikute suhtega 1:0,8 (30 g s\u00fcsivesikuid). M\u00f5nusalt pehme tekstuur, looduslik marja- ja puuviljamaitse.  Meie gluteenivaba U Bar on energiabatoon, mis p\u00f5hineb gluteenivabal kaeral ja annab kokku 30 g s\u00fcsivesikuid. See batoon, mida v\u00f5iks liigitada nn optibariks, sisaldab gl\u00fckoosi ja fruktoosi vahekorras 1:0,8, et olla v\u00f5imalikult \u00f5rn seedimisele. Looduslikud maitseained annavad tainale ja batoonile kerge v\u00e4rvuse.  Batoon on pehme tekstuuriga, mist\u00f5ttu on seda lihtne n\u00e4rida ka jahedama ilmaga. Ilma glasuurita pind ei muutu kleepuvaks ega sula kuumadel suvep\u00e4evadel. Batooni pealispinnale on lisatud \u00f5huke kiht terveid gluteenivabu kaerahelbeid, mis parandab nii v\u00e4limust kui ka tekstuuri \u2013 oleme kindlad, et see meeldib sulle.  Arendatud Rootsi biomeditsiiniteadlaste poolt, et saaksid kindel olla toote ohutuses ja k\u00f5rges kvaliteedis.  K\u00f5ik koostisosad on heaks kiidetud Euroopa Toiduohutusameti (EFSA) poolt. Toodetud Rootsis vastavalt HACCP \/ GMP standarditele.[:en]Gluten-free oat energy bar with a 1:0.8 carb ratio (30g carbs). Awesome soft texture, naturally berry\/fruit-flavored.  Our gluten-free U Bar is an energy bar that relies on gluten-free oats to deliver a total of 30g of carbohydrates. This bar, which we would classify as an optibar, features a 1:0.8 ratio of glucose to fructose, ensuring it's as gentle on your stomach as possible. Its natural flavoring lends a subtle tint to the dough and the bar itself.  The bar has a soft texture, making it easy to chew, even in cooler weather. Without a coating, you avoid a sticky surface that can melt on hot summer days. We've added a thin layer of whole gluten-free oats on the bar's exterior, enhancing its visual appeal and contributing to its texture; we\u2019re confident you'll love it.  Developed by biomedical scientists in Sweden, ensuring that you, as a customer, can trust that what you're buying is both safe and of the highest quality.  All ingredients are approved by EFSA (European Food Safety Authority). Manufactured according to HACCP \/ GMP in Sweden.[:]","og_url":"https:\/\/thecorefuel.eu\/toode\/u-bar-apelsini-sokolaadi-30g-cho-12-pakk\/","og_site_name":"The Core Fuel","article_modified_time":"2026-04-24T03:45:33+00:00","og_image":[{"width":1500,"height":1500,"url":"https:\/\/thecorefuel.eu\/wp-content\/uploads\/2026\/04\/U-Bar-Orange-Chocolate-x12.jpg","type":"image\/jpeg"}],"twitter_card":"summary_large_image","twitter_misc":{"Est. reading time":"1 minute"},"schema":{"@context":"https:\/\/schema.org","@graph":[{"@type":"WebPage","@id":"https:\/\/thecorefuel.eu\/toode\/u-bar-apelsini-sokolaadi-30g-cho-12-pakk\/","url":"https:\/\/thecorefuel.eu\/toode\/u-bar-apelsini-sokolaadi-30g-cho-12-pakk\/","name":"[:et]U Bar | Apelsini - \u0160okolaadi 30g cho | 12 pakk[:en]U Bar | Orange - Chocolate 30g cho | 12 pack[:] - The Core Fuel","isPartOf":{"@id":"https:\/\/thecorefuel.eu\/#website"},"primaryImageOfPage":{"@id":"https:\/\/thecorefuel.eu\/toode\/u-bar-apelsini-sokolaadi-30g-cho-12-pakk\/#primaryimage"},"image":{"@id":"https:\/\/thecorefuel.eu\/toode\/u-bar-apelsini-sokolaadi-30g-cho-12-pakk\/#primaryimage"},"thumbnailUrl":"https:\/\/thecorefuel.eu\/wp-content\/uploads\/2026\/04\/U-Bar-Orange-Chocolate-x12.jpg","datePublished":"2026-04-23T06:15:37+00:00","dateModified":"2026-04-24T03:45:33+00:00","breadcrumb":{"@id":"https:\/\/thecorefuel.eu\/toode\/u-bar-apelsini-sokolaadi-30g-cho-12-pakk\/#breadcrumb"},"inLanguage":"en-US","potentialAction":[{"@type":"ReadAction","target":["https:\/\/thecorefuel.eu\/toode\/u-bar-apelsini-sokolaadi-30g-cho-12-pakk\/"]}]},{"@type":"ImageObject","inLanguage":"en-US","@id":"https:\/\/thecorefuel.eu\/toode\/u-bar-apelsini-sokolaadi-30g-cho-12-pakk\/#primaryimage","url":"https:\/\/thecorefuel.eu\/wp-content\/uploads\/2026\/04\/U-Bar-Orange-Chocolate-x12.jpg","contentUrl":"https:\/\/thecorefuel.eu\/wp-content\/uploads\/2026\/04\/U-Bar-Orange-Chocolate-x12.jpg","width":1500,"height":1500},{"@type":"BreadcrumbList","@id":"https:\/\/thecorefuel.eu\/toode\/u-bar-apelsini-sokolaadi-30g-cho-12-pakk\/#breadcrumb","itemListElement":[{"@type":"ListItem","position":1,"name":"Home","item":"https:\/\/thecorefuel.eu\/"},{"@type":"ListItem","position":2,"name":"E-pood","item":"https:\/\/thecorefuel.eu\/e-pood\/"},{"@type":"ListItem","position":3,"name":"U Bar | Apelsini &#8211; \u0160okolaadi 30g cho | 12 pakk"}]},{"@type":"WebSite","@id":"https:\/\/thecorefuel.eu\/#website","url":"https:\/\/thecorefuel.eu\/","name":"The Core Fuel","description":"","publisher":{"@id":"https:\/\/thecorefuel.eu\/#organization"},"potentialAction":[{"@type":"SearchAction","target":{"@type":"EntryPoint","urlTemplate":"https:\/\/thecorefuel.eu\/?s={search_term_string}"},"query-input":{"@type":"PropertyValueSpecification","valueRequired":true,"valueName":"search_term_string"}}],"inLanguage":"en-US"},{"@type":"Organization","@id":"https:\/\/thecorefuel.eu\/#organization","name":"The Core Fuel","url":"https:\/\/thecorefuel.eu\/","logo":{"@type":"ImageObject","inLanguage":"en-US","@id":"https:\/\/thecorefuel.eu\/#\/schema\/logo\/image\/","url":"https:\/\/thecorefuel.eu\/wp-content\/uploads\/2025\/01\/logo.png","contentUrl":"https:\/\/thecorefuel.eu\/wp-content\/uploads\/2025\/01\/logo.png","width":475,"height":100,"caption":"The Core Fuel"},"image":{"@id":"https:\/\/thecorefuel.eu\/#\/schema\/logo\/image\/"}}]}},"_links":{"self":[{"href":"https:\/\/thecorefuel.eu\/en\/wp-json\/wp\/v2\/product\/10706","targetHints":{"allow":["GET"]}}],"collection":[{"href":"https:\/\/thecorefuel.eu\/en\/wp-json\/wp\/v2\/product"}],"about":[{"href":"https:\/\/thecorefuel.eu\/en\/wp-json\/wp\/v2\/types\/product"}],"replies":[{"embeddable":true,"href":"https:\/\/thecorefuel.eu\/en\/wp-json\/wp\/v2\/comments?post=10706"}],"wp:featuredmedia":[{"embeddable":true,"href":"https:\/\/thecorefuel.eu\/en\/wp-json\/wp\/v2\/media\/10597"}],"wp:attachment":[{"href":"https:\/\/thecorefuel.eu\/en\/wp-json\/wp\/v2\/media?parent=10706"}],"wp:term":[{"taxonomy":"product_brand","embeddable":true,"href":"https:\/\/thecorefuel.eu\/en\/wp-json\/wp\/v2\/product_brand?post=10706"},{"taxonomy":"product_cat","embeddable":true,"href":"https:\/\/thecorefuel.eu\/en\/wp-json\/wp\/v2\/product_cat?post=10706"},{"taxonomy":"product_tag","embeddable":true,"href":"https:\/\/thecorefuel.eu\/en\/wp-json\/wp\/v2\/product_tag?post=10706"}],"curies":[{"name":"wp","href":"https:\/\/api.w.org\/{rel}","templated":true}]}}