{"id":10708,"date":"2026-04-23T09:18:36","date_gmt":"2026-04-23T06:18:36","guid":{"rendered":"https:\/\/thecorefuel.eu\/?post_type=product&#038;p=10708"},"modified":"2026-04-24T06:44:34","modified_gmt":"2026-04-24T03:44:34","slug":"u-gel-sidruni-20g-cho","status":"publish","type":"product","link":"https:\/\/thecorefuel.eu\/en\/toode\/u-gel-sidruni-20g-cho\/","title":{"rendered":"U Gel | Lemon 20g cho"},"content":{"rendered":"<p>Take a gel every 15-20 minutes during extended physical activity.<\/p>\n<p><strong>Lemon<\/strong><\/p>\n<p>Water, maltodextrin, fructose, citric acid (acid regulators), tri-sodium citrate, potassium gluconate, calcium lactate, magnesium citrate, flavoring, and preservatives (sodium benzoate, potassium sorbate).<\/p>\n<p><strong>Country of origin:\u00a0<\/strong>EU<\/p>\n<p><strong>Storage:\u00a0<\/strong>Dry and not above normal room temperature.<\/p>\n<p><strong>Lemon<\/strong><\/p>\n<table width=\"328\">\n<thead>\n<tr>\n<td><strong>Per\u00a033\u00a0ml<\/strong><\/td>\n<\/tr>\n<\/thead>\n<tbody>\n<tr>\n<td>Energy\/kJ<\/td>\n<td>337\u00a0kJ<\/td>\n<\/tr>\n<tr>\n<td>Energy\/kJ<\/td>\n<td>81\u00a0kcal<\/td>\n<\/tr>\n<tr>\n<td>Carbohydrates<\/td>\n<td>20\u00a0g<\/td>\n<\/tr>\n<tr>\n<td>&#8211; of which sugars<\/td>\n<td>9\u00a0g<\/td>\n<\/tr>\n<tr>\n<td>Salt<\/td>\n<td>0.7\u00a0g<\/td>\n<\/tr>\n<tr>\n<td>&#8211; of which sodium<\/td>\n<td>171\u00a0mg<\/td>\n<\/tr>\n<tr>\n<td>Calcium<\/td>\n<td>9\u00a0mg<\/td>\n<\/tr>\n<tr>\n<td>Potassium<\/td>\n<td>29\u00a0mg<\/td>\n<\/tr>\n<tr>\n<td>Magnesium<\/td>\n<td>3\u00a0mg<\/td>\n<\/tr>\n<\/tbody>\n<\/table>\n<p><\/p>","protected":false},"excerpt":{"rendered":"<p>Liquid gel with 20g of carbohydrates and a full range of electrolytes. Available in various flavors, with or without 20mg of caffeine.<\/p>\n<p>This 33ml liquid gel features an ideal carbohydrate composition of glucose (maltodextrin) and fructose in a 1:0.8 ratio. Because the gel is fluid, you don&#8217;t need to drink water when consuming it. Along with providing 20g of carbohydrates, the gel also contains all four essential electrolytes lost through sweat\u2014Sodium, Potassium, Calcium, and Magnesium\u2014in a balanced amount.<\/p>\n<p>It comes in a slim package, with slight packaging variations depending on the flavor (see images).<\/p>\n<p>Developed by biomedical researchers in Sweden and manufactured following HACCP\/GMP standards.<\/p>\n<p>All ingredients are approved by the EFSA (European Food Safety Authority).<\/p>\n","protected":false},"featured_media":10596,"comment_status":"closed","ping_status":"closed","template":"","meta":[],"product_brand":[124],"product_cat":[129,126,70,73],"product_tag":[131],"class_list":{"0":"post-10708","1":"product","2":"type-product","3":"status-publish","4":"has-post-thumbnail","6":"product_brand-umara","7":"product_cat-trenni-ajal","8":"product_cat-umara","9":"product_cat-sporditoit","10":"product_cat-geelid","11":"product_tag-umara","13":"first","14":"instock","15":"taxable","16":"shipping-taxable","17":"purchasable","18":"product-type-simple"},"yoast_head":"<!-- This site is optimized with the Yoast SEO plugin v26.1.1 - https:\/\/yoast.com\/wordpress\/plugins\/seo\/ -->\n<title>U Gel | Lemon 20g cho - The Core Fuel<\/title>\n<meta name=\"robots\" content=\"index, follow, max-snippet:-1, max-image-preview:large, max-video-preview:-1\" \/>\n<link rel=\"canonical\" href=\"https:\/\/thecorefuel.eu\/toode\/u-gel-sidruni-20g-cho\/\" \/>\n<meta property=\"og:locale\" content=\"en_US\" \/>\n<meta property=\"og:type\" content=\"article\" \/>\n<meta property=\"og:title\" content=\"[:et]U Gel | Sidruni 20g cho[:en]U Gel | Lemon 20g cho[:] - The Core Fuel\" \/>\n<meta property=\"og:description\" content=\"[:et]Vedel geel, mis sisaldab 20 g s\u00fcsivesikuid ja t\u00e4ielikku elektrol\u00fc\u00fctide komplekti. Saadaval erinevates maitsetes, kas 20 mg kofeiiniga v\u00f5i ilma.  See 33 ml vedel geel sisaldab ideaalset s\u00fcsivesikute koostist gl\u00fckoosi (maltodekstriin) ja fruktoosi vahekorras 1:0,8. Kuna geel on vedel, ei ole selle tarbimisel vaja lisaks vett juua. Lisaks 20 g s\u00fcsivesikutele sisaldab geel k\u00f5iki nelja olulist higistamisel kaotatavat elektrol\u00fc\u00fcti \u2013 naatriumi, kaaliumi, kaltsiumi ja magneesiumi \u2013 tasakaalustatud koguses.  Geel on pakendatud \u00f5hukesse pakendisse, mille v\u00e4limus v\u00f5ib maitse j\u00e4rgi veidi varieeruda (vt pilte).  Arendatud Rootsi biomeditsiiniliste teadlaste poolt ja toodetud vastavalt HACCP\/GMP standarditele. K\u00f5ik koostisosad on heaks kiidetud Euroopa Toiduohutusameti (EFSA) poolt.[:en]Liquid gel with 20g of carbohydrates and a full range of electrolytes. Available in various flavors, with or without 20mg of caffeine.  This 33ml liquid gel features an ideal carbohydrate composition of glucose (maltodextrin) and fructose in a 1:0.8 ratio. Because the gel is fluid, you don&#039;t need to drink water when consuming it. Along with providing 20g of carbohydrates, the gel also contains all four essential electrolytes lost through sweat\u2014Sodium, Potassium, Calcium, and Magnesium\u2014in a balanced amount.  It comes in a slim package, with slight packaging variations depending on the flavor (see images).  Developed by biomedical researchers in Sweden and manufactured following HACCP\/GMP standards.  All ingredients are approved by the EFSA (European Food Safety Authority).[:]\" \/>\n<meta property=\"og:url\" content=\"https:\/\/thecorefuel.eu\/toode\/u-gel-sidruni-20g-cho\/\" \/>\n<meta property=\"og:site_name\" content=\"The Core Fuel\" \/>\n<meta property=\"article:modified_time\" content=\"2026-04-24T03:44:34+00:00\" \/>\n<meta property=\"og:image\" content=\"https:\/\/thecorefuel.eu\/wp-content\/uploads\/2026\/04\/U-Gel-20G-Lemon-2025.jpg\" \/>\n\t<meta property=\"og:image:width\" content=\"1500\" \/>\n\t<meta property=\"og:image:height\" content=\"1500\" \/>\n\t<meta property=\"og:image:type\" content=\"image\/jpeg\" \/>\n<meta name=\"twitter:card\" content=\"summary_large_image\" \/>\n<meta name=\"twitter:label1\" content=\"Est. reading time\" \/>\n\t<meta name=\"twitter:data1\" content=\"1 minute\" \/>\n<script type=\"application\/ld+json\" class=\"yoast-schema-graph\">{\"@context\":\"https:\/\/schema.org\",\"@graph\":[{\"@type\":\"WebPage\",\"@id\":\"https:\/\/thecorefuel.eu\/toode\/u-gel-sidruni-20g-cho\/\",\"url\":\"https:\/\/thecorefuel.eu\/toode\/u-gel-sidruni-20g-cho\/\",\"name\":\"[:et]U Gel | Sidruni 20g cho[:en]U Gel | Lemon 20g cho[:] - The Core Fuel\",\"isPartOf\":{\"@id\":\"https:\/\/thecorefuel.eu\/#website\"},\"primaryImageOfPage\":{\"@id\":\"https:\/\/thecorefuel.eu\/toode\/u-gel-sidruni-20g-cho\/#primaryimage\"},\"image\":{\"@id\":\"https:\/\/thecorefuel.eu\/toode\/u-gel-sidruni-20g-cho\/#primaryimage\"},\"thumbnailUrl\":\"https:\/\/thecorefuel.eu\/wp-content\/uploads\/2026\/04\/U-Gel-20G-Lemon-2025.jpg\",\"datePublished\":\"2026-04-23T06:18:36+00:00\",\"dateModified\":\"2026-04-24T03:44:34+00:00\",\"breadcrumb\":{\"@id\":\"https:\/\/thecorefuel.eu\/toode\/u-gel-sidruni-20g-cho\/#breadcrumb\"},\"inLanguage\":\"en-US\",\"potentialAction\":[{\"@type\":\"ReadAction\",\"target\":[\"https:\/\/thecorefuel.eu\/toode\/u-gel-sidruni-20g-cho\/\"]}]},{\"@type\":\"ImageObject\",\"inLanguage\":\"en-US\",\"@id\":\"https:\/\/thecorefuel.eu\/toode\/u-gel-sidruni-20g-cho\/#primaryimage\",\"url\":\"https:\/\/thecorefuel.eu\/wp-content\/uploads\/2026\/04\/U-Gel-20G-Lemon-2025.jpg\",\"contentUrl\":\"https:\/\/thecorefuel.eu\/wp-content\/uploads\/2026\/04\/U-Gel-20G-Lemon-2025.jpg\",\"width\":1500,\"height\":1500},{\"@type\":\"BreadcrumbList\",\"@id\":\"https:\/\/thecorefuel.eu\/toode\/u-gel-sidruni-20g-cho\/#breadcrumb\",\"itemListElement\":[{\"@type\":\"ListItem\",\"position\":1,\"name\":\"Home\",\"item\":\"https:\/\/thecorefuel.eu\/\"},{\"@type\":\"ListItem\",\"position\":2,\"name\":\"E-pood\",\"item\":\"https:\/\/thecorefuel.eu\/e-pood\/\"},{\"@type\":\"ListItem\",\"position\":3,\"name\":\"U Gel | Sidruni 20g cho\"}]},{\"@type\":\"WebSite\",\"@id\":\"https:\/\/thecorefuel.eu\/#website\",\"url\":\"https:\/\/thecorefuel.eu\/\",\"name\":\"The Core Fuel\",\"description\":\"\",\"publisher\":{\"@id\":\"https:\/\/thecorefuel.eu\/#organization\"},\"potentialAction\":[{\"@type\":\"SearchAction\",\"target\":{\"@type\":\"EntryPoint\",\"urlTemplate\":\"https:\/\/thecorefuel.eu\/?s={search_term_string}\"},\"query-input\":{\"@type\":\"PropertyValueSpecification\",\"valueRequired\":true,\"valueName\":\"search_term_string\"}}],\"inLanguage\":\"en-US\"},{\"@type\":\"Organization\",\"@id\":\"https:\/\/thecorefuel.eu\/#organization\",\"name\":\"The Core Fuel\",\"url\":\"https:\/\/thecorefuel.eu\/\",\"logo\":{\"@type\":\"ImageObject\",\"inLanguage\":\"en-US\",\"@id\":\"https:\/\/thecorefuel.eu\/#\/schema\/logo\/image\/\",\"url\":\"https:\/\/thecorefuel.eu\/wp-content\/uploads\/2025\/01\/logo.png\",\"contentUrl\":\"https:\/\/thecorefuel.eu\/wp-content\/uploads\/2025\/01\/logo.png\",\"width\":475,\"height\":100,\"caption\":\"The Core Fuel\"},\"image\":{\"@id\":\"https:\/\/thecorefuel.eu\/#\/schema\/logo\/image\/\"}}]}<\/script>\n<!-- \/ Yoast SEO plugin. -->","yoast_head_json":{"title":"[:et]U Gel | Sidruni 20g cho[:en]U Gel | Lemon 20g cho[:] - The Core Fuel","robots":{"index":"index","follow":"follow","max-snippet":"max-snippet:-1","max-image-preview":"max-image-preview:large","max-video-preview":"max-video-preview:-1"},"canonical":"https:\/\/thecorefuel.eu\/toode\/u-gel-sidruni-20g-cho\/","og_locale":"en_US","og_type":"article","og_title":"[:et]U Gel | Sidruni 20g cho[:en]U Gel | Lemon 20g cho[:] - The Core Fuel","og_description":"[:et]Vedel geel, mis sisaldab 20 g s\u00fcsivesikuid ja t\u00e4ielikku elektrol\u00fc\u00fctide komplekti. Saadaval erinevates maitsetes, kas 20 mg kofeiiniga v\u00f5i ilma.  See 33 ml vedel geel sisaldab ideaalset s\u00fcsivesikute koostist gl\u00fckoosi (maltodekstriin) ja fruktoosi vahekorras 1:0,8. Kuna geel on vedel, ei ole selle tarbimisel vaja lisaks vett juua. Lisaks 20 g s\u00fcsivesikutele sisaldab geel k\u00f5iki nelja olulist higistamisel kaotatavat elektrol\u00fc\u00fcti \u2013 naatriumi, kaaliumi, kaltsiumi ja magneesiumi \u2013 tasakaalustatud koguses.  Geel on pakendatud \u00f5hukesse pakendisse, mille v\u00e4limus v\u00f5ib maitse j\u00e4rgi veidi varieeruda (vt pilte).  Arendatud Rootsi biomeditsiiniliste teadlaste poolt ja toodetud vastavalt HACCP\/GMP standarditele. K\u00f5ik koostisosad on heaks kiidetud Euroopa Toiduohutusameti (EFSA) poolt.[:en]Liquid gel with 20g of carbohydrates and a full range of electrolytes. Available in various flavors, with or without 20mg of caffeine.  This 33ml liquid gel features an ideal carbohydrate composition of glucose (maltodextrin) and fructose in a 1:0.8 ratio. Because the gel is fluid, you don't need to drink water when consuming it. Along with providing 20g of carbohydrates, the gel also contains all four essential electrolytes lost through sweat\u2014Sodium, Potassium, Calcium, and Magnesium\u2014in a balanced amount.  It comes in a slim package, with slight packaging variations depending on the flavor (see images).  Developed by biomedical researchers in Sweden and manufactured following HACCP\/GMP standards.  All ingredients are approved by the EFSA (European Food Safety Authority).[:]","og_url":"https:\/\/thecorefuel.eu\/toode\/u-gel-sidruni-20g-cho\/","og_site_name":"The Core Fuel","article_modified_time":"2026-04-24T03:44:34+00:00","og_image":[{"width":1500,"height":1500,"url":"https:\/\/thecorefuel.eu\/wp-content\/uploads\/2026\/04\/U-Gel-20G-Lemon-2025.jpg","type":"image\/jpeg"}],"twitter_card":"summary_large_image","twitter_misc":{"Est. reading time":"1 minute"},"schema":{"@context":"https:\/\/schema.org","@graph":[{"@type":"WebPage","@id":"https:\/\/thecorefuel.eu\/toode\/u-gel-sidruni-20g-cho\/","url":"https:\/\/thecorefuel.eu\/toode\/u-gel-sidruni-20g-cho\/","name":"[:et]U Gel | Sidruni 20g cho[:en]U Gel | Lemon 20g cho[:] - The Core Fuel","isPartOf":{"@id":"https:\/\/thecorefuel.eu\/#website"},"primaryImageOfPage":{"@id":"https:\/\/thecorefuel.eu\/toode\/u-gel-sidruni-20g-cho\/#primaryimage"},"image":{"@id":"https:\/\/thecorefuel.eu\/toode\/u-gel-sidruni-20g-cho\/#primaryimage"},"thumbnailUrl":"https:\/\/thecorefuel.eu\/wp-content\/uploads\/2026\/04\/U-Gel-20G-Lemon-2025.jpg","datePublished":"2026-04-23T06:18:36+00:00","dateModified":"2026-04-24T03:44:34+00:00","breadcrumb":{"@id":"https:\/\/thecorefuel.eu\/toode\/u-gel-sidruni-20g-cho\/#breadcrumb"},"inLanguage":"en-US","potentialAction":[{"@type":"ReadAction","target":["https:\/\/thecorefuel.eu\/toode\/u-gel-sidruni-20g-cho\/"]}]},{"@type":"ImageObject","inLanguage":"en-US","@id":"https:\/\/thecorefuel.eu\/toode\/u-gel-sidruni-20g-cho\/#primaryimage","url":"https:\/\/thecorefuel.eu\/wp-content\/uploads\/2026\/04\/U-Gel-20G-Lemon-2025.jpg","contentUrl":"https:\/\/thecorefuel.eu\/wp-content\/uploads\/2026\/04\/U-Gel-20G-Lemon-2025.jpg","width":1500,"height":1500},{"@type":"BreadcrumbList","@id":"https:\/\/thecorefuel.eu\/toode\/u-gel-sidruni-20g-cho\/#breadcrumb","itemListElement":[{"@type":"ListItem","position":1,"name":"Home","item":"https:\/\/thecorefuel.eu\/"},{"@type":"ListItem","position":2,"name":"E-pood","item":"https:\/\/thecorefuel.eu\/e-pood\/"},{"@type":"ListItem","position":3,"name":"U Gel | Sidruni 20g cho"}]},{"@type":"WebSite","@id":"https:\/\/thecorefuel.eu\/#website","url":"https:\/\/thecorefuel.eu\/","name":"The Core Fuel","description":"","publisher":{"@id":"https:\/\/thecorefuel.eu\/#organization"},"potentialAction":[{"@type":"SearchAction","target":{"@type":"EntryPoint","urlTemplate":"https:\/\/thecorefuel.eu\/?s={search_term_string}"},"query-input":{"@type":"PropertyValueSpecification","valueRequired":true,"valueName":"search_term_string"}}],"inLanguage":"en-US"},{"@type":"Organization","@id":"https:\/\/thecorefuel.eu\/#organization","name":"The Core Fuel","url":"https:\/\/thecorefuel.eu\/","logo":{"@type":"ImageObject","inLanguage":"en-US","@id":"https:\/\/thecorefuel.eu\/#\/schema\/logo\/image\/","url":"https:\/\/thecorefuel.eu\/wp-content\/uploads\/2025\/01\/logo.png","contentUrl":"https:\/\/thecorefuel.eu\/wp-content\/uploads\/2025\/01\/logo.png","width":475,"height":100,"caption":"The Core Fuel"},"image":{"@id":"https:\/\/thecorefuel.eu\/#\/schema\/logo\/image\/"}}]}},"_links":{"self":[{"href":"https:\/\/thecorefuel.eu\/en\/wp-json\/wp\/v2\/product\/10708","targetHints":{"allow":["GET"]}}],"collection":[{"href":"https:\/\/thecorefuel.eu\/en\/wp-json\/wp\/v2\/product"}],"about":[{"href":"https:\/\/thecorefuel.eu\/en\/wp-json\/wp\/v2\/types\/product"}],"replies":[{"embeddable":true,"href":"https:\/\/thecorefuel.eu\/en\/wp-json\/wp\/v2\/comments?post=10708"}],"wp:featuredmedia":[{"embeddable":true,"href":"https:\/\/thecorefuel.eu\/en\/wp-json\/wp\/v2\/media\/10596"}],"wp:attachment":[{"href":"https:\/\/thecorefuel.eu\/en\/wp-json\/wp\/v2\/media?parent=10708"}],"wp:term":[{"taxonomy":"product_brand","embeddable":true,"href":"https:\/\/thecorefuel.eu\/en\/wp-json\/wp\/v2\/product_brand?post=10708"},{"taxonomy":"product_cat","embeddable":true,"href":"https:\/\/thecorefuel.eu\/en\/wp-json\/wp\/v2\/product_cat?post=10708"},{"taxonomy":"product_tag","embeddable":true,"href":"https:\/\/thecorefuel.eu\/en\/wp-json\/wp\/v2\/product_tag?post=10708"}],"curies":[{"name":"wp","href":"https:\/\/api.w.org\/{rel}","templated":true}]}}