{"id":10714,"date":"2026-04-24T06:55:14","date_gmt":"2026-04-24T03:55:14","guid":{"rendered":"https:\/\/thecorefuel.eu\/?post_type=product&#038;p=10714"},"modified":"2026-04-24T06:55:14","modified_gmt":"2026-04-24T03:55:14","slug":"pehme-pudel-150ml","status":"publish","type":"product","link":"https:\/\/thecorefuel.eu\/en\/toode\/pehme-pudel-150ml\/","title":{"rendered":"Soft Bottle 150ml"},"content":{"rendered":"","protected":false},"excerpt":{"rendered":"<p>Awesome Soft Bottle \/ Soft Flask Soft beverage and gel bottles Our Softbottles \/ Softflasks are lightweight and free from PVC and BPA, easily rolling up when empty. They&#8217;re crafted from TPU material, capable of handling liquids from just below freezing up to +60 degrees Celsius. Available in three sizes, they\u2019re perfect for water, sports drinks, or our smooth gels. The 150ml bottle can hold 3x30g Carbs gel (50ml each), and the 250ml bottle accommodates 5 of our U Gel 30g Carbs (50ml each). This allows you to carry 90-150g of carbohydrates in a compact softbottle, providing all the energy you need for a 2-3 hour run. Pair it with water in another bottle for a flexible and straightforward energy plan that works beautifully. t\u00f5lgi eesti keelde<\/p>\n","protected":false},"featured_media":10606,"comment_status":"closed","ping_status":"closed","template":"","meta":[],"product_brand":[124],"product_cat":[126,72,85],"product_tag":[131],"class_list":{"0":"post-10714","1":"product","2":"type-product","3":"status-publish","4":"has-post-thumbnail","6":"product_brand-umara","7":"product_cat-umara","8":"product_cat-varustus","9":"product_cat-pudelid","10":"product_tag-umara","12":"first","13":"instock","14":"taxable","15":"shipping-taxable","16":"purchasable","17":"product-type-simple"},"yoast_head":"<!-- This site is optimized with the Yoast SEO plugin v26.1.1 - https:\/\/yoast.com\/wordpress\/plugins\/seo\/ -->\n<title>Soft Bottle 150ml - The Core Fuel<\/title>\n<meta name=\"robots\" content=\"index, follow, max-snippet:-1, max-image-preview:large, max-video-preview:-1\" \/>\n<link rel=\"canonical\" href=\"https:\/\/thecorefuel.eu\/toode\/pehme-pudel-150ml\/\" \/>\n<meta property=\"og:locale\" content=\"en_US\" \/>\n<meta property=\"og:type\" content=\"article\" \/>\n<meta property=\"og:title\" content=\"[:et]Pehme pudel 150ml[:en]Soft Bottle 150ml[:] - The Core Fuel\" \/>\n<meta property=\"og:description\" content=\"[:et]Pehmed joogi\/geelipudelMeie Softbottle\u2019id \/ Softflask\u2019id on kerged ning ei sisalda PVC-d ega BPA-d. T\u00fchjalt rulluvad need mugavalt kokku. Need on valmistatud TPU-materjalist ja sobivad vedelikele alates veidi alla k\u00fclmumispunkti kuni +60 \u00b0C. Saadaval kolmes suuruses \u2013 ideaalsed vee, spordijoogi v\u00f5i meie siidjate geelide jaoks. 150 ml pudel mahutab 3 \u00d7 30 g s\u00fcsivesikute geeli (iga\u00fcks 50 ml) ning 250 ml pudel mahutab 5 \u00d7 U Gel 30 g s\u00fcsivesikute geeli (iga\u00fcks 50 ml). Nii saad kompaktses pehmes pudelis kaasas kanda 90\u2013150 g s\u00fcsivesikuid, pakkudes piisavalt energiat 2\u20133-tunniseks jooksuks. Kombineeri see veega teises pudelis, et saada paindlik ja lihtne energiatarbimise lahendus, mis toimib suurep\u00e4raselt.[:en]Awesome Soft Bottle \/ Soft Flask Soft beverage and gel bottles Our Softbottles \/ Softflasks are lightweight and free from PVC and BPA, easily rolling up when empty. They&#039;re crafted from TPU material, capable of handling liquids from just below freezing up to +60 degrees Celsius. Available in three sizes, they\u2019re perfect for water, sports drinks, or our smooth gels. The 150ml bottle can hold 3x30g Carbs gel (50ml each), and the 250ml bottle accommodates 5 of our U Gel 30g Carbs (50ml each). This allows you to carry 90-150g of carbohydrates in a compact softbottle, providing all the energy you need for a 2-3 hour run. Pair it with water in another bottle for a flexible and straightforward energy plan that works beautifully. t\u00f5lgi eesti keelde[:]\" \/>\n<meta property=\"og:url\" content=\"https:\/\/thecorefuel.eu\/toode\/pehme-pudel-150ml\/\" \/>\n<meta property=\"og:site_name\" content=\"The Core Fuel\" \/>\n<meta property=\"og:image\" content=\"https:\/\/thecorefuel.eu\/wp-content\/uploads\/2026\/04\/U-SOFT-BOTTLE-150ml_1.jpg\" \/>\n\t<meta property=\"og:image:width\" content=\"1500\" \/>\n\t<meta property=\"og:image:height\" content=\"1500\" \/>\n\t<meta property=\"og:image:type\" content=\"image\/jpeg\" \/>\n<meta name=\"twitter:card\" content=\"summary_large_image\" \/>\n<meta name=\"twitter:label1\" content=\"Est. reading time\" \/>\n\t<meta name=\"twitter:data1\" content=\"1 minute\" \/>\n<script type=\"application\/ld+json\" class=\"yoast-schema-graph\">{\"@context\":\"https:\/\/schema.org\",\"@graph\":[{\"@type\":\"WebPage\",\"@id\":\"https:\/\/thecorefuel.eu\/toode\/pehme-pudel-150ml\/\",\"url\":\"https:\/\/thecorefuel.eu\/toode\/pehme-pudel-150ml\/\",\"name\":\"[:et]Pehme pudel 150ml[:en]Soft Bottle 150ml[:] - The Core Fuel\",\"isPartOf\":{\"@id\":\"https:\/\/thecorefuel.eu\/#website\"},\"primaryImageOfPage\":{\"@id\":\"https:\/\/thecorefuel.eu\/toode\/pehme-pudel-150ml\/#primaryimage\"},\"image\":{\"@id\":\"https:\/\/thecorefuel.eu\/toode\/pehme-pudel-150ml\/#primaryimage\"},\"thumbnailUrl\":\"https:\/\/thecorefuel.eu\/wp-content\/uploads\/2026\/04\/U-SOFT-BOTTLE-150ml_1.jpg\",\"datePublished\":\"2026-04-24T03:55:14+00:00\",\"breadcrumb\":{\"@id\":\"https:\/\/thecorefuel.eu\/toode\/pehme-pudel-150ml\/#breadcrumb\"},\"inLanguage\":\"en-US\",\"potentialAction\":[{\"@type\":\"ReadAction\",\"target\":[\"https:\/\/thecorefuel.eu\/toode\/pehme-pudel-150ml\/\"]}]},{\"@type\":\"ImageObject\",\"inLanguage\":\"en-US\",\"@id\":\"https:\/\/thecorefuel.eu\/toode\/pehme-pudel-150ml\/#primaryimage\",\"url\":\"https:\/\/thecorefuel.eu\/wp-content\/uploads\/2026\/04\/U-SOFT-BOTTLE-150ml_1.jpg\",\"contentUrl\":\"https:\/\/thecorefuel.eu\/wp-content\/uploads\/2026\/04\/U-SOFT-BOTTLE-150ml_1.jpg\",\"width\":1500,\"height\":1500},{\"@type\":\"BreadcrumbList\",\"@id\":\"https:\/\/thecorefuel.eu\/toode\/pehme-pudel-150ml\/#breadcrumb\",\"itemListElement\":[{\"@type\":\"ListItem\",\"position\":1,\"name\":\"Home\",\"item\":\"https:\/\/thecorefuel.eu\/\"},{\"@type\":\"ListItem\",\"position\":2,\"name\":\"E-pood\",\"item\":\"https:\/\/thecorefuel.eu\/e-pood\/\"},{\"@type\":\"ListItem\",\"position\":3,\"name\":\"Pehme pudel 150ml\"}]},{\"@type\":\"WebSite\",\"@id\":\"https:\/\/thecorefuel.eu\/#website\",\"url\":\"https:\/\/thecorefuel.eu\/\",\"name\":\"The Core Fuel\",\"description\":\"\",\"publisher\":{\"@id\":\"https:\/\/thecorefuel.eu\/#organization\"},\"potentialAction\":[{\"@type\":\"SearchAction\",\"target\":{\"@type\":\"EntryPoint\",\"urlTemplate\":\"https:\/\/thecorefuel.eu\/?s={search_term_string}\"},\"query-input\":{\"@type\":\"PropertyValueSpecification\",\"valueRequired\":true,\"valueName\":\"search_term_string\"}}],\"inLanguage\":\"en-US\"},{\"@type\":\"Organization\",\"@id\":\"https:\/\/thecorefuel.eu\/#organization\",\"name\":\"The Core Fuel\",\"url\":\"https:\/\/thecorefuel.eu\/\",\"logo\":{\"@type\":\"ImageObject\",\"inLanguage\":\"en-US\",\"@id\":\"https:\/\/thecorefuel.eu\/#\/schema\/logo\/image\/\",\"url\":\"https:\/\/thecorefuel.eu\/wp-content\/uploads\/2025\/01\/logo.png\",\"contentUrl\":\"https:\/\/thecorefuel.eu\/wp-content\/uploads\/2025\/01\/logo.png\",\"width\":475,\"height\":100,\"caption\":\"The Core Fuel\"},\"image\":{\"@id\":\"https:\/\/thecorefuel.eu\/#\/schema\/logo\/image\/\"}}]}<\/script>\n<!-- \/ Yoast SEO plugin. -->","yoast_head_json":{"title":"[:et]Pehme pudel 150ml[:en]Soft Bottle 150ml[:] - The Core Fuel","robots":{"index":"index","follow":"follow","max-snippet":"max-snippet:-1","max-image-preview":"max-image-preview:large","max-video-preview":"max-video-preview:-1"},"canonical":"https:\/\/thecorefuel.eu\/toode\/pehme-pudel-150ml\/","og_locale":"en_US","og_type":"article","og_title":"[:et]Pehme pudel 150ml[:en]Soft Bottle 150ml[:] - The Core Fuel","og_description":"[:et]Pehmed joogi\/geelipudelMeie Softbottle\u2019id \/ Softflask\u2019id on kerged ning ei sisalda PVC-d ega BPA-d. T\u00fchjalt rulluvad need mugavalt kokku. Need on valmistatud TPU-materjalist ja sobivad vedelikele alates veidi alla k\u00fclmumispunkti kuni +60 \u00b0C. Saadaval kolmes suuruses \u2013 ideaalsed vee, spordijoogi v\u00f5i meie siidjate geelide jaoks. 150 ml pudel mahutab 3 \u00d7 30 g s\u00fcsivesikute geeli (iga\u00fcks 50 ml) ning 250 ml pudel mahutab 5 \u00d7 U Gel 30 g s\u00fcsivesikute geeli (iga\u00fcks 50 ml). Nii saad kompaktses pehmes pudelis kaasas kanda 90\u2013150 g s\u00fcsivesikuid, pakkudes piisavalt energiat 2\u20133-tunniseks jooksuks. Kombineeri see veega teises pudelis, et saada paindlik ja lihtne energiatarbimise lahendus, mis toimib suurep\u00e4raselt.[:en]Awesome Soft Bottle \/ Soft Flask Soft beverage and gel bottles Our Softbottles \/ Softflasks are lightweight and free from PVC and BPA, easily rolling up when empty. They're crafted from TPU material, capable of handling liquids from just below freezing up to +60 degrees Celsius. Available in three sizes, they\u2019re perfect for water, sports drinks, or our smooth gels. The 150ml bottle can hold 3x30g Carbs gel (50ml each), and the 250ml bottle accommodates 5 of our U Gel 30g Carbs (50ml each). This allows you to carry 90-150g of carbohydrates in a compact softbottle, providing all the energy you need for a 2-3 hour run. Pair it with water in another bottle for a flexible and straightforward energy plan that works beautifully. t\u00f5lgi eesti keelde[:]","og_url":"https:\/\/thecorefuel.eu\/toode\/pehme-pudel-150ml\/","og_site_name":"The Core Fuel","og_image":[{"width":1500,"height":1500,"url":"https:\/\/thecorefuel.eu\/wp-content\/uploads\/2026\/04\/U-SOFT-BOTTLE-150ml_1.jpg","type":"image\/jpeg"}],"twitter_card":"summary_large_image","twitter_misc":{"Est. reading time":"1 minute"},"schema":{"@context":"https:\/\/schema.org","@graph":[{"@type":"WebPage","@id":"https:\/\/thecorefuel.eu\/toode\/pehme-pudel-150ml\/","url":"https:\/\/thecorefuel.eu\/toode\/pehme-pudel-150ml\/","name":"[:et]Pehme pudel 150ml[:en]Soft Bottle 150ml[:] - The Core Fuel","isPartOf":{"@id":"https:\/\/thecorefuel.eu\/#website"},"primaryImageOfPage":{"@id":"https:\/\/thecorefuel.eu\/toode\/pehme-pudel-150ml\/#primaryimage"},"image":{"@id":"https:\/\/thecorefuel.eu\/toode\/pehme-pudel-150ml\/#primaryimage"},"thumbnailUrl":"https:\/\/thecorefuel.eu\/wp-content\/uploads\/2026\/04\/U-SOFT-BOTTLE-150ml_1.jpg","datePublished":"2026-04-24T03:55:14+00:00","breadcrumb":{"@id":"https:\/\/thecorefuel.eu\/toode\/pehme-pudel-150ml\/#breadcrumb"},"inLanguage":"en-US","potentialAction":[{"@type":"ReadAction","target":["https:\/\/thecorefuel.eu\/toode\/pehme-pudel-150ml\/"]}]},{"@type":"ImageObject","inLanguage":"en-US","@id":"https:\/\/thecorefuel.eu\/toode\/pehme-pudel-150ml\/#primaryimage","url":"https:\/\/thecorefuel.eu\/wp-content\/uploads\/2026\/04\/U-SOFT-BOTTLE-150ml_1.jpg","contentUrl":"https:\/\/thecorefuel.eu\/wp-content\/uploads\/2026\/04\/U-SOFT-BOTTLE-150ml_1.jpg","width":1500,"height":1500},{"@type":"BreadcrumbList","@id":"https:\/\/thecorefuel.eu\/toode\/pehme-pudel-150ml\/#breadcrumb","itemListElement":[{"@type":"ListItem","position":1,"name":"Home","item":"https:\/\/thecorefuel.eu\/"},{"@type":"ListItem","position":2,"name":"E-pood","item":"https:\/\/thecorefuel.eu\/e-pood\/"},{"@type":"ListItem","position":3,"name":"Pehme pudel 150ml"}]},{"@type":"WebSite","@id":"https:\/\/thecorefuel.eu\/#website","url":"https:\/\/thecorefuel.eu\/","name":"The Core Fuel","description":"","publisher":{"@id":"https:\/\/thecorefuel.eu\/#organization"},"potentialAction":[{"@type":"SearchAction","target":{"@type":"EntryPoint","urlTemplate":"https:\/\/thecorefuel.eu\/?s={search_term_string}"},"query-input":{"@type":"PropertyValueSpecification","valueRequired":true,"valueName":"search_term_string"}}],"inLanguage":"en-US"},{"@type":"Organization","@id":"https:\/\/thecorefuel.eu\/#organization","name":"The Core Fuel","url":"https:\/\/thecorefuel.eu\/","logo":{"@type":"ImageObject","inLanguage":"en-US","@id":"https:\/\/thecorefuel.eu\/#\/schema\/logo\/image\/","url":"https:\/\/thecorefuel.eu\/wp-content\/uploads\/2025\/01\/logo.png","contentUrl":"https:\/\/thecorefuel.eu\/wp-content\/uploads\/2025\/01\/logo.png","width":475,"height":100,"caption":"The Core Fuel"},"image":{"@id":"https:\/\/thecorefuel.eu\/#\/schema\/logo\/image\/"}}]}},"_links":{"self":[{"href":"https:\/\/thecorefuel.eu\/en\/wp-json\/wp\/v2\/product\/10714","targetHints":{"allow":["GET"]}}],"collection":[{"href":"https:\/\/thecorefuel.eu\/en\/wp-json\/wp\/v2\/product"}],"about":[{"href":"https:\/\/thecorefuel.eu\/en\/wp-json\/wp\/v2\/types\/product"}],"replies":[{"embeddable":true,"href":"https:\/\/thecorefuel.eu\/en\/wp-json\/wp\/v2\/comments?post=10714"}],"wp:featuredmedia":[{"embeddable":true,"href":"https:\/\/thecorefuel.eu\/en\/wp-json\/wp\/v2\/media\/10606"}],"wp:attachment":[{"href":"https:\/\/thecorefuel.eu\/en\/wp-json\/wp\/v2\/media?parent=10714"}],"wp:term":[{"taxonomy":"product_brand","embeddable":true,"href":"https:\/\/thecorefuel.eu\/en\/wp-json\/wp\/v2\/product_brand?post=10714"},{"taxonomy":"product_cat","embeddable":true,"href":"https:\/\/thecorefuel.eu\/en\/wp-json\/wp\/v2\/product_cat?post=10714"},{"taxonomy":"product_tag","embeddable":true,"href":"https:\/\/thecorefuel.eu\/en\/wp-json\/wp\/v2\/product_tag?post=10714"}],"curies":[{"name":"wp","href":"https:\/\/api.w.org\/{rel}","templated":true}]}}