{"id":10718,"date":"2026-04-23T10:07:35","date_gmt":"2026-04-23T07:07:35","guid":{"rendered":"https:\/\/thecorefuel.eu\/?post_type=product&#038;p=10718"},"modified":"2026-04-24T06:55:28","modified_gmt":"2026-04-24T03:55:28","slug":"imeline-joogipudel-1000ml","status":"publish","type":"product","link":"https:\/\/thecorefuel.eu\/en\/toode\/imeline-joogipudel-1000ml\/","title":{"rendered":"Awesome Biddon 1000ml"},"content":{"rendered":"","protected":false},"excerpt":{"rendered":"<p>Transparent bottle with a lockable rubber valve. Made from at least 95% sugarcane. Our bottles come in sizes of 500ml, 750ml, and 1000ml to fit the bottle holder on your bike. The 1000ml is an Awesome giant, perfect for carrying a large amount of fluid or sports drink, but its size may not fit all frame sizes and bikes. It measures 30cm from the top of the valve to the bottom of the bottle. If you have a small frame, make sure to check if it fits before ordering. All transparent bottles are made from at least 95% sugarcane and are tested according to ASTM D6866 to ensure this.<\/p>\n","protected":false},"featured_media":10612,"comment_status":"closed","ping_status":"closed","template":"","meta":[],"product_brand":[124],"product_cat":[126,72,85],"product_tag":[131],"class_list":{"0":"post-10718","1":"product","2":"type-product","3":"status-publish","4":"has-post-thumbnail","6":"product_brand-umara","7":"product_cat-umara","8":"product_cat-varustus","9":"product_cat-pudelid","10":"product_tag-umara","12":"first","13":"instock","14":"taxable","15":"shipping-taxable","16":"purchasable","17":"product-type-simple"},"yoast_head":"<!-- This site is optimized with the Yoast SEO plugin v26.1.1 - https:\/\/yoast.com\/wordpress\/plugins\/seo\/ -->\n<title>Awesome Biddon 1000ml  - The Core Fuel<\/title>\n<meta name=\"robots\" content=\"index, follow, max-snippet:-1, max-image-preview:large, max-video-preview:-1\" \/>\n<link rel=\"canonical\" href=\"https:\/\/thecorefuel.eu\/toode\/imeline-joogipudel-1000ml\/\" \/>\n<meta property=\"og:locale\" content=\"en_US\" \/>\n<meta property=\"og:type\" content=\"article\" \/>\n<meta property=\"og:title\" content=\"[:et]Imeline Joogipudel 1000ml[:en]Awesome Biddon 1000ml [:] - The Core Fuel\" \/>\n<meta property=\"og:description\" content=\"[:et]L\u00e4bipaistev lukustatava kummiventiiliga pudel. Valmistatud v\u00e4hemalt 95% ulatuses suhkruroost. Meie pudelid on saadaval suurustes 500 ml, 750 ml ja 1000 ml, et sobituda sinu ratta pudelihoidjaga. 1000 ml pudel on t\u00f5eline Awesome hiiglane \u2013 ideaalne suure koguse vedeliku v\u00f5i spordijoogi kaasaskandmiseks, kuid selle suurus ei pruugi sobida k\u00f5igi rataste ja raamidega. Pudel on 30 cm pikk, m\u00f5\u00f5detuna ventiili \u00fclaosast pudeli p\u00f5hjani. Kui sul on v\u00e4iksem raam, kontrolli enne tellimist kindlasti, kas see mahub. K\u00f5ik l\u00e4bipaistvad pudelid on valmistatud v\u00e4hemalt 95% ulatuses suhkruroost ning seda on testitud vastavalt ASTM D6866 standardile.[:en]Transparent bottle with a lockable rubber valve. Made from at least 95% sugarcane. Our bottles come in sizes of 500ml, 750ml, and 1000ml to fit the bottle holder on your bike. The 1000ml is an Awesome giant, perfect for carrying a large amount of fluid or sports drink, but its size may not fit all frame sizes and bikes. It measures 30cm from the top of the valve to the bottom of the bottle. If you have a small frame, make sure to check if it fits before ordering. All transparent bottles are made from at least 95% sugarcane and are tested according to ASTM D6866 to ensure this.[:]\" \/>\n<meta property=\"og:url\" content=\"https:\/\/thecorefuel.eu\/toode\/imeline-joogipudel-1000ml\/\" \/>\n<meta property=\"og:site_name\" content=\"The Core Fuel\" \/>\n<meta property=\"article:modified_time\" content=\"2026-04-24T03:55:28+00:00\" \/>\n<meta property=\"og:image\" content=\"https:\/\/thecorefuel.eu\/wp-content\/uploads\/2026\/04\/U-Awesome-Bio-Bottle-750ml-CGI-1.jpg\" \/>\n\t<meta property=\"og:image:width\" content=\"1500\" \/>\n\t<meta property=\"og:image:height\" content=\"1500\" \/>\n\t<meta property=\"og:image:type\" content=\"image\/jpeg\" \/>\n<meta name=\"twitter:card\" content=\"summary_large_image\" \/>\n<meta name=\"twitter:label1\" content=\"Est. reading time\" \/>\n\t<meta name=\"twitter:data1\" content=\"1 minute\" \/>\n<script type=\"application\/ld+json\" class=\"yoast-schema-graph\">{\"@context\":\"https:\/\/schema.org\",\"@graph\":[{\"@type\":\"WebPage\",\"@id\":\"https:\/\/thecorefuel.eu\/toode\/imeline-joogipudel-1000ml\/\",\"url\":\"https:\/\/thecorefuel.eu\/toode\/imeline-joogipudel-1000ml\/\",\"name\":\"[:et]Imeline Joogipudel 1000ml[:en]Awesome Biddon 1000ml [:] - The Core Fuel\",\"isPartOf\":{\"@id\":\"https:\/\/thecorefuel.eu\/#website\"},\"primaryImageOfPage\":{\"@id\":\"https:\/\/thecorefuel.eu\/toode\/imeline-joogipudel-1000ml\/#primaryimage\"},\"image\":{\"@id\":\"https:\/\/thecorefuel.eu\/toode\/imeline-joogipudel-1000ml\/#primaryimage\"},\"thumbnailUrl\":\"https:\/\/thecorefuel.eu\/wp-content\/uploads\/2026\/04\/U-Awesome-Bio-Bottle-750ml-CGI-1.jpg\",\"datePublished\":\"2026-04-23T07:07:35+00:00\",\"dateModified\":\"2026-04-24T03:55:28+00:00\",\"breadcrumb\":{\"@id\":\"https:\/\/thecorefuel.eu\/toode\/imeline-joogipudel-1000ml\/#breadcrumb\"},\"inLanguage\":\"en-US\",\"potentialAction\":[{\"@type\":\"ReadAction\",\"target\":[\"https:\/\/thecorefuel.eu\/toode\/imeline-joogipudel-1000ml\/\"]}]},{\"@type\":\"ImageObject\",\"inLanguage\":\"en-US\",\"@id\":\"https:\/\/thecorefuel.eu\/toode\/imeline-joogipudel-1000ml\/#primaryimage\",\"url\":\"https:\/\/thecorefuel.eu\/wp-content\/uploads\/2026\/04\/U-Awesome-Bio-Bottle-750ml-CGI-1.jpg\",\"contentUrl\":\"https:\/\/thecorefuel.eu\/wp-content\/uploads\/2026\/04\/U-Awesome-Bio-Bottle-750ml-CGI-1.jpg\",\"width\":1500,\"height\":1500},{\"@type\":\"BreadcrumbList\",\"@id\":\"https:\/\/thecorefuel.eu\/toode\/imeline-joogipudel-1000ml\/#breadcrumb\",\"itemListElement\":[{\"@type\":\"ListItem\",\"position\":1,\"name\":\"Home\",\"item\":\"https:\/\/thecorefuel.eu\/\"},{\"@type\":\"ListItem\",\"position\":2,\"name\":\"E-pood\",\"item\":\"https:\/\/thecorefuel.eu\/e-pood\/\"},{\"@type\":\"ListItem\",\"position\":3,\"name\":\"Imeline Joogipudel 1000ml\"}]},{\"@type\":\"WebSite\",\"@id\":\"https:\/\/thecorefuel.eu\/#website\",\"url\":\"https:\/\/thecorefuel.eu\/\",\"name\":\"The Core Fuel\",\"description\":\"\",\"publisher\":{\"@id\":\"https:\/\/thecorefuel.eu\/#organization\"},\"potentialAction\":[{\"@type\":\"SearchAction\",\"target\":{\"@type\":\"EntryPoint\",\"urlTemplate\":\"https:\/\/thecorefuel.eu\/?s={search_term_string}\"},\"query-input\":{\"@type\":\"PropertyValueSpecification\",\"valueRequired\":true,\"valueName\":\"search_term_string\"}}],\"inLanguage\":\"en-US\"},{\"@type\":\"Organization\",\"@id\":\"https:\/\/thecorefuel.eu\/#organization\",\"name\":\"The Core Fuel\",\"url\":\"https:\/\/thecorefuel.eu\/\",\"logo\":{\"@type\":\"ImageObject\",\"inLanguage\":\"en-US\",\"@id\":\"https:\/\/thecorefuel.eu\/#\/schema\/logo\/image\/\",\"url\":\"https:\/\/thecorefuel.eu\/wp-content\/uploads\/2025\/01\/logo.png\",\"contentUrl\":\"https:\/\/thecorefuel.eu\/wp-content\/uploads\/2025\/01\/logo.png\",\"width\":475,\"height\":100,\"caption\":\"The Core Fuel\"},\"image\":{\"@id\":\"https:\/\/thecorefuel.eu\/#\/schema\/logo\/image\/\"}}]}<\/script>\n<!-- \/ Yoast SEO plugin. -->","yoast_head_json":{"title":"[:et]Imeline Joogipudel 1000ml[:en]Awesome Biddon 1000ml [:] - The Core Fuel","robots":{"index":"index","follow":"follow","max-snippet":"max-snippet:-1","max-image-preview":"max-image-preview:large","max-video-preview":"max-video-preview:-1"},"canonical":"https:\/\/thecorefuel.eu\/toode\/imeline-joogipudel-1000ml\/","og_locale":"en_US","og_type":"article","og_title":"[:et]Imeline Joogipudel 1000ml[:en]Awesome Biddon 1000ml [:] - The Core Fuel","og_description":"[:et]L\u00e4bipaistev lukustatava kummiventiiliga pudel. Valmistatud v\u00e4hemalt 95% ulatuses suhkruroost. Meie pudelid on saadaval suurustes 500 ml, 750 ml ja 1000 ml, et sobituda sinu ratta pudelihoidjaga. 1000 ml pudel on t\u00f5eline Awesome hiiglane \u2013 ideaalne suure koguse vedeliku v\u00f5i spordijoogi kaasaskandmiseks, kuid selle suurus ei pruugi sobida k\u00f5igi rataste ja raamidega. Pudel on 30 cm pikk, m\u00f5\u00f5detuna ventiili \u00fclaosast pudeli p\u00f5hjani. Kui sul on v\u00e4iksem raam, kontrolli enne tellimist kindlasti, kas see mahub. K\u00f5ik l\u00e4bipaistvad pudelid on valmistatud v\u00e4hemalt 95% ulatuses suhkruroost ning seda on testitud vastavalt ASTM D6866 standardile.[:en]Transparent bottle with a lockable rubber valve. Made from at least 95% sugarcane. Our bottles come in sizes of 500ml, 750ml, and 1000ml to fit the bottle holder on your bike. The 1000ml is an Awesome giant, perfect for carrying a large amount of fluid or sports drink, but its size may not fit all frame sizes and bikes. It measures 30cm from the top of the valve to the bottom of the bottle. If you have a small frame, make sure to check if it fits before ordering. All transparent bottles are made from at least 95% sugarcane and are tested according to ASTM D6866 to ensure this.[:]","og_url":"https:\/\/thecorefuel.eu\/toode\/imeline-joogipudel-1000ml\/","og_site_name":"The Core Fuel","article_modified_time":"2026-04-24T03:55:28+00:00","og_image":[{"width":1500,"height":1500,"url":"https:\/\/thecorefuel.eu\/wp-content\/uploads\/2026\/04\/U-Awesome-Bio-Bottle-750ml-CGI-1.jpg","type":"image\/jpeg"}],"twitter_card":"summary_large_image","twitter_misc":{"Est. reading time":"1 minute"},"schema":{"@context":"https:\/\/schema.org","@graph":[{"@type":"WebPage","@id":"https:\/\/thecorefuel.eu\/toode\/imeline-joogipudel-1000ml\/","url":"https:\/\/thecorefuel.eu\/toode\/imeline-joogipudel-1000ml\/","name":"[:et]Imeline Joogipudel 1000ml[:en]Awesome Biddon 1000ml [:] - The Core Fuel","isPartOf":{"@id":"https:\/\/thecorefuel.eu\/#website"},"primaryImageOfPage":{"@id":"https:\/\/thecorefuel.eu\/toode\/imeline-joogipudel-1000ml\/#primaryimage"},"image":{"@id":"https:\/\/thecorefuel.eu\/toode\/imeline-joogipudel-1000ml\/#primaryimage"},"thumbnailUrl":"https:\/\/thecorefuel.eu\/wp-content\/uploads\/2026\/04\/U-Awesome-Bio-Bottle-750ml-CGI-1.jpg","datePublished":"2026-04-23T07:07:35+00:00","dateModified":"2026-04-24T03:55:28+00:00","breadcrumb":{"@id":"https:\/\/thecorefuel.eu\/toode\/imeline-joogipudel-1000ml\/#breadcrumb"},"inLanguage":"en-US","potentialAction":[{"@type":"ReadAction","target":["https:\/\/thecorefuel.eu\/toode\/imeline-joogipudel-1000ml\/"]}]},{"@type":"ImageObject","inLanguage":"en-US","@id":"https:\/\/thecorefuel.eu\/toode\/imeline-joogipudel-1000ml\/#primaryimage","url":"https:\/\/thecorefuel.eu\/wp-content\/uploads\/2026\/04\/U-Awesome-Bio-Bottle-750ml-CGI-1.jpg","contentUrl":"https:\/\/thecorefuel.eu\/wp-content\/uploads\/2026\/04\/U-Awesome-Bio-Bottle-750ml-CGI-1.jpg","width":1500,"height":1500},{"@type":"BreadcrumbList","@id":"https:\/\/thecorefuel.eu\/toode\/imeline-joogipudel-1000ml\/#breadcrumb","itemListElement":[{"@type":"ListItem","position":1,"name":"Home","item":"https:\/\/thecorefuel.eu\/"},{"@type":"ListItem","position":2,"name":"E-pood","item":"https:\/\/thecorefuel.eu\/e-pood\/"},{"@type":"ListItem","position":3,"name":"Imeline Joogipudel 1000ml"}]},{"@type":"WebSite","@id":"https:\/\/thecorefuel.eu\/#website","url":"https:\/\/thecorefuel.eu\/","name":"The Core Fuel","description":"","publisher":{"@id":"https:\/\/thecorefuel.eu\/#organization"},"potentialAction":[{"@type":"SearchAction","target":{"@type":"EntryPoint","urlTemplate":"https:\/\/thecorefuel.eu\/?s={search_term_string}"},"query-input":{"@type":"PropertyValueSpecification","valueRequired":true,"valueName":"search_term_string"}}],"inLanguage":"en-US"},{"@type":"Organization","@id":"https:\/\/thecorefuel.eu\/#organization","name":"The Core Fuel","url":"https:\/\/thecorefuel.eu\/","logo":{"@type":"ImageObject","inLanguage":"en-US","@id":"https:\/\/thecorefuel.eu\/#\/schema\/logo\/image\/","url":"https:\/\/thecorefuel.eu\/wp-content\/uploads\/2025\/01\/logo.png","contentUrl":"https:\/\/thecorefuel.eu\/wp-content\/uploads\/2025\/01\/logo.png","width":475,"height":100,"caption":"The Core Fuel"},"image":{"@id":"https:\/\/thecorefuel.eu\/#\/schema\/logo\/image\/"}}]}},"_links":{"self":[{"href":"https:\/\/thecorefuel.eu\/en\/wp-json\/wp\/v2\/product\/10718","targetHints":{"allow":["GET"]}}],"collection":[{"href":"https:\/\/thecorefuel.eu\/en\/wp-json\/wp\/v2\/product"}],"about":[{"href":"https:\/\/thecorefuel.eu\/en\/wp-json\/wp\/v2\/types\/product"}],"replies":[{"embeddable":true,"href":"https:\/\/thecorefuel.eu\/en\/wp-json\/wp\/v2\/comments?post=10718"}],"wp:featuredmedia":[{"embeddable":true,"href":"https:\/\/thecorefuel.eu\/en\/wp-json\/wp\/v2\/media\/10612"}],"wp:attachment":[{"href":"https:\/\/thecorefuel.eu\/en\/wp-json\/wp\/v2\/media?parent=10718"}],"wp:term":[{"taxonomy":"product_brand","embeddable":true,"href":"https:\/\/thecorefuel.eu\/en\/wp-json\/wp\/v2\/product_brand?post=10718"},{"taxonomy":"product_cat","embeddable":true,"href":"https:\/\/thecorefuel.eu\/en\/wp-json\/wp\/v2\/product_cat?post=10718"},{"taxonomy":"product_tag","embeddable":true,"href":"https:\/\/thecorefuel.eu\/en\/wp-json\/wp\/v2\/product_tag?post=10718"}],"curies":[{"name":"wp","href":"https:\/\/api.w.org\/{rel}","templated":true}]}}